{"id":6,"date":"2019-05-08T08:37:26","date_gmt":"2019-05-08T08:37:26","guid":{"rendered":"https:\/\/flexhealth.eu\/?page_id=6"},"modified":"2026-04-09T11:44:27","modified_gmt":"2026-04-09T11:44:27","slug":"home","status":"publish","type":"page","link":"https:\/\/flexhealth.eu\/fr\/","title":{"rendered":""},"content":{"rendered":"<p class=\"has-text-align-center\"><strong>For our English site please goto: <a href=\"http:\/\/Flexhealth.com\">Flexhealth.com<\/a><\/strong><\/p>\n\n\n<!-- fwrsw_print_responsive_full_width_slider_wp_func --><div class='o-sliderContainer hasShadow pbSliderWrap1' id=\"pbSliderWrapfwrsw_69dfb2998c42e\" style=\"margin-top:0;\">\n        <div class='o-slider' id='pbSliderfwrsw_69dfb2998c42e'>\n                     \n                                     <div class=\"o-slider--item\" data-image=\"https:\/\/flexhealth.eu\/wp-content\/uploads\/full-width-responsive-slider-wp\/activity-adults-athletes-1855269-scaled6829bf47bafcd.jpg\">\n                                        <div class=\"o-slider-textWrap\">\n                                            \n                                             <span class=\"o-slider-title\">activity-adults-athletes-1855269<\/span>\n                                             <span class=\"a-divider\"><\/span>\n                                             \n                                          \n                                             \n                                        <\/div>\n                                      <\/div>\n\n                                             \n                                     <div class=\"o-slider--item\" data-image=\"https:\/\/flexhealth.eu\/wp-content\/uploads\/full-width-responsive-slider-wp\/back-view-balancing-casual-373946-scaled6829bf47bb5a0.jpg\">\n                                        <div class=\"o-slider-textWrap\">\n                                            \n                                             <span class=\"o-slider-title\">back-view-balancing-casual-373946<\/span>\n                                             <span class=\"a-divider\"><\/span>\n                                             \n                                          \n                                             \n                                        <\/div>\n                                      <\/div>\n\n                                             \n                                     <div class=\"o-slider--item\" data-image=\"https:\/\/flexhealth.eu\/wp-content\/uploads\/full-width-responsive-slider-wp\/adult-beautiful-cute-1153368-e16026744018116829bf47bbc00.jpg\">\n                                        <div class=\"o-slider-textWrap\">\n                                            \n                                             <span class=\"o-slider-title\">adult-beautiful-cute-1153368<\/span>\n                                             <span class=\"a-divider\"><\/span>\n                                             \n                                          \n                                             \n                                        <\/div>\n                                      <\/div>\n\n                                             \n                                     <div class=\"o-slider--item\" data-image=\"https:\/\/flexhealth.eu\/wp-content\/uploads\/full-width-responsive-slider-wp\/adult-anniversary-care-1449049-scaled6829bf47bc8b4.jpg\">\n                                        <div class=\"o-slider-textWrap\">\n                                            \n                                             <span class=\"o-slider-title\">adult-anniversary-care-1449049<\/span>\n                                             <span class=\"a-divider\"><\/span>\n                                             \n                                          \n                                             \n                                        <\/div>\n                                      <\/div>\n\n                                      \n\n                       \n        <\/div>\n    <\/div>\n         <script type=\"text\/javascript\">\n\n     document.addEventListener(\"DOMContentLoaded\", function() { \n\n              \n                 \n                 \n               jQuery('#pbSliderfwrsw_69dfb2998c42e').pbTouchSlider({\n                    slider_Wrap: '#pbSliderWrapfwrsw_69dfb2998c42e',\n                    auto_slide:true,\n                    auto_slide_interval:20000,\n                    slider_Item_Width : 100,\n                    slider_Threshold: 25,\n                    slider_Speed:9000,\n                    slider_Ease:'ease-out',\n                    slider_Drag : true,\n                    slider_Arrows: {\n                      enabled : true                    },\n                    slider_Dots: {\n                      class :'.o-slider-pagination',\n                      enabled : false,\n                      preview : false                    },\n                    slider_Breakpoints: {\n                        default: {\n                            height: 500                        },\n                        tablet: {\n                            height: 400,\n                            media: 1024\n                        },\n                        smartphone: {\n                            height: 300,\n                            media: 768\n                        }\n                    }\n                  });  \n\n\n        });\n\n\n    <\/script><!-- end fwrsw_print_responsive_full_width_slider_wp_func -->\n\n\n\n<h2 class=\"wp-block-heading\">Votre Sant\u00e9<\/h2>\n\n\n\n<p>Vieillir en bonne sant\u00e9 et en pleine forme... qui n'en a pas envie ? Heureusement, c'est \u00e0 port\u00e9e de main. Pour vous aussi. Vous voulez \u00eatre en bonne sant\u00e9 de mani\u00e8re optimale ? FlexHealth est heureux de vous aider.<\/p>\n\n\n\n<div class=\"wp-block-columns is-layout-flex wp-container-core-columns-is-layout-9d6595d7 wp-block-columns-is-layout-flex\">\n<div class=\"wp-block-column is-layout-flow wp-block-column-is-layout-flow\" style=\"flex-basis:66.66%\">\n<h2 class=\"wp-block-heading\">Reprenez le contr\u00f4le de votre sant\u00e9 !<\/h2>\n\n\n\n<p>Il nous arrive \u00e0 tous de perdre de vue notre sant\u00e9. Surtout aujourd'hui. Nous ne sommes litt\u00e9ralement plus jamais \u00ab hors service \u00bb et nous perdons ainsi notre capacit\u00e9 de r\u00e9sistance. Nous ne sommes pas programm\u00e9s pour le stress chronique contemporain auquel nous sommes expos\u00e9s. Et notre syst\u00e8me immunitaire ne l'est certainement pas.  Notre r\u00e9silience va de pair avec notre sant\u00e9. En effet, plus nous sommes r\u00e9silients, mieux nous nous sentons et plus nous sommes en bonne sant\u00e9.<\/p>\n\n\n\n<p>FlexHealth aide \u00e0 la fois les individus et les entreprises. Nous sommes un groupe de professionnels issus de la m\u00e9decine traditionnelle, sp\u00e9cialis\u00e9s dans la psycho-neuro-immunologie clinique. A partir de cette science m\u00e9dicale, nous vous guidons sur la voie d'une meilleure sant\u00e9. Pour que vous puissiez \u00e0 nouveau vous amuser chaque jour et avoir de l'\u00e9nergie \u00e0 revendre !<\/p>\n<\/div>\n\n\n\n<div class=\"wp-block-column is-layout-flow wp-block-column-is-layout-flow\" style=\"flex-basis:33.33%\">\n<h2 class=\"wp-block-heading\">Marijke<\/h2>\n\n\n\n<p>Marijke Engelbrecht est une psychologue, neurologue et immunologiste de formation scientifique, avec plus de 30 ans d'exp\u00e9rience en m\u00e9decine int\u00e9grative.<\/p>\n\n\n\n<p><img loading=\"lazy\" decoding=\"async\" width=\"150\" height=\"236\" class=\"wp-image-2801\" style=\"width: 150px;\" src=\"https:\/\/flexhealth.eu\/wp-content\/uploads\/2025\/05\/marijke_engelbrecht_small.png\" alt=\"\"><\/p>\n\n\n\n<p><\/p>\n<\/div>\n<\/div>\n\n\n\n<div class=\"wp-block-query is-layout-flow wp-block-query-is-layout-flow\"><ul class=\"columns-3 wp-block-post-template is-layout-grid wp-container-core-post-template-is-layout-2fc57c17 wp-block-post-template-is-layout-grid\"><li class=\"wp-block-post post-3030 post type-post status-publish format-standard hentry category-uncategorized\">\n\n<div class=\"wp-block-group\" style=\"padding-top:30px;padding-right:30px;padding-bottom:30px;padding-left:30px\"><div class=\"wp-block-group__inner-container is-layout-flow wp-block-group-is-layout-flow\"><h2 class=\"wp-block-post-title\"><a href=\"https:\/\/flexhealth.eu\/fr\/flexhealth-academy\/\" target=\"_self\" >FlexHealth Academy<\/a><\/h2>\n\n<div class=\"wp-block-post-excerpt\"><p class=\"wp-block-post-excerpt__excerpt\">Voor uitgebreide informatie en inspiratie, heb ik met Kim Marivoet een engelstalige community opgericht: FlexHealth Academy. Wil jij je gezondheid zelf in de hand hebben en houden, dan is het zeker de moeite waard om aan te sluiten. Je zal er algemene informatie vinden, ondersteunt met wetenschappelijke artikelen, recepten, Q&amp;A en je kunt daar ook&#8230; <\/p><\/div>\n\n<div class=\"wp-block-post-date\"><time datetime=\"2026-02-12T15:49:47+00:00\">12 f\u00e9vrier 2026<\/time><\/div><\/div><\/div>\n\n<\/li><li class=\"wp-block-post post-2687 post type-post status-publish format-standard has-post-thumbnail hentry category-blog\">\n\n<div class=\"wp-block-group\" style=\"padding-top:30px;padding-right:30px;padding-bottom:30px;padding-left:30px\"><div class=\"wp-block-group__inner-container is-layout-flow wp-block-group-is-layout-flow\"><h2 class=\"wp-block-post-title\"><a href=\"https:\/\/flexhealth.eu\/fr\/intermittent-living-special\/\" target=\"_self\" >Special d'intermittence<\/a><\/h2>\n\n<div class=\"wp-block-post-excerpt\"><p class=\"wp-block-post-excerpt__excerpt\">Une semaine d'intermittence sp\u00e9cialement destin\u00e9e aux femmes musulmanes. Pourquoi ? Nous constatons \u00e9galement une augmentation consid\u00e9rable des maladies chroniques et des cancers chez les musulmans. Cette augmentation commence \u00e0 un \u00e2ge de plus en plus jeune. Le manque d'\u00e9nergie, les maladies chroniques, l'ob\u00e9sit\u00e9, le syndrome pr\u00e9menstruel, la m\u00e9nopause, l'infertilit\u00e9, les probl\u00e8mes de grossesse et m\u00eame le cancer vont de pair avec le mode de vie. C'est l\u00e0 que... <\/p><\/div>\n\n<div class=\"wp-block-post-date\"><time datetime=\"2024-06-04T19:50:59+00:00\">4 juin 2024<\/time><\/div><\/div><\/div>\n\n<\/li><li class=\"wp-block-post post-2660 post type-post status-publish format-standard hentry category-blog\">\n\n<div class=\"wp-block-group\" style=\"padding-top:30px;padding-right:30px;padding-bottom:30px;padding-left:30px\"><div class=\"wp-block-group__inner-container is-layout-flow wp-block-group-is-layout-flow\"><h2 class=\"wp-block-post-title\"><a href=\"https:\/\/flexhealth.eu\/fr\/wil-jij-je-trail-running-prestaties-verbeteren\/\" target=\"_self\" >Vous voulez am\u00e9liorer vos performances en course \u00e0 pied ?<\/a><\/h2>\n\n<div class=\"wp-block-post-excerpt\"><p class=\"wp-block-post-excerpt__excerpt\">Si vous avez manqu\u00e9 le 19 mai mais que vous souhaitez am\u00e9liorer vos performances avec un coach personnel et un nutritionniste de haut niveau, contactez-nous pour obtenir des conseils sur mesure. Possibilit\u00e9s en direct ou en ligne. Si vous \u00eates dans la r\u00e9gion le 19 mai, venez participer. La langue est un obstacle ? Lors d'une course de fond, c'est le langage corporel qui est en cause. Explication de... <\/p><\/div>\n\n<div class=\"wp-block-post-date\"><time datetime=\"2024-03-16T14:45:00+00:00\">16 mars 2024<\/time><\/div><\/div><\/div>\n\n<\/li><li class=\"wp-block-post post-2659 post type-post status-publish format-standard has-post-thumbnail hentry category-blog\">\n\n<div class=\"wp-block-group\" style=\"padding-top:30px;padding-right:30px;padding-bottom:30px;padding-left:30px\"><div class=\"wp-block-group__inner-container is-layout-flow wp-block-group-is-layout-flow\"><h2 class=\"wp-block-post-title\"><a href=\"https:\/\/flexhealth.eu\/fr\/geestelijke-klachten-vereisen-een-multidisciplinaire-aanpak\/\" target=\"_self\" >Les plaintes en mati\u00e8re de sant\u00e9 mentale n\u00e9cessitent une approche multidisciplinaire.<\/a><\/h2>\n\n<div class=\"wp-block-post-excerpt\"><p class=\"wp-block-post-excerpt__excerpt\">Science PNI. Tous nos syst\u00e8mes sont interconnect\u00e9s : psychologie, neurologie, immunologie, endocrinologie et m\u00eame sociologie. Pour traiter un trouble mental, nous devons examiner la mani\u00e8re complexe dont ces diff\u00e9rents syst\u00e8mes du corps humain fonctionnent ensemble.Chaque personne souffrant d'un trouble mental a une cause personnelle pour ses sympt\u00f4mes. En recherchant la ou les sources de... <\/p><\/div>\n\n<div class=\"wp-block-post-date\"><time datetime=\"2024-03-01T15:40:40+00:00\">1er mars 2024<\/time><\/div><\/div><\/div>\n\n<\/li><li class=\"wp-block-post post-2532 post type-post status-publish format-standard hentry category-blog\">\n\n<div class=\"wp-block-group\" style=\"padding-top:30px;padding-right:30px;padding-bottom:30px;padding-left:30px\"><div class=\"wp-block-group__inner-container is-layout-flow wp-block-group-is-layout-flow\"><h2 class=\"wp-block-post-title\"><a href=\"https:\/\/flexhealth.eu\/fr\/zin-in-een-onbezorgde-vakantie\/\" target=\"_self\" >Envie de vacances sans souci ?<\/a><\/h2>\n\n<div class=\"wp-block-post-excerpt\"><p class=\"wp-block-post-excerpt__excerpt\">A partir du 1er janvier 24, je propose une chambre en table d'h\u00f4tes en France, 74500 Bernex. Et pour ceux qui veulent plus d'intimit\u00e9, il y a un appartement confortable pour 2-4 personnes \u00e0 louer. Bernex est situ\u00e9 dans une belle r\u00e9gion de randonn\u00e9e dans la Vall\u00e9e d'Abondance au pied de la Dent d'Oche, \u00e0 15 minutes en voiture d'Evian-les-Bains sur... <\/p><\/div>\n\n<div class=\"wp-block-post-date\"><time datetime=\"2023-12-31T15:52:35+00:00\">31 d\u00e9cembre 2023<\/time><\/div><\/div><\/div>\n\n<\/li><li class=\"wp-block-post post-2365 post type-post status-publish format-standard hentry category-blog\">\n\n<div class=\"wp-block-group\" style=\"padding-top:30px;padding-right:30px;padding-bottom:30px;padding-left:30px\"><div class=\"wp-block-group__inner-container is-layout-flow wp-block-group-is-layout-flow\"><h2 class=\"wp-block-post-title\"><a href=\"https:\/\/flexhealth.eu\/fr\/go-for-your-optimal-health\/\" target=\"_self\" >Pour une sant\u00e9 optimale<\/a><\/h2>\n\n<div class=\"wp-block-post-excerpt\"><p class=\"wp-block-post-excerpt__excerpt\">\u00catre libre. \u00catre ancestral.  \u00catre intermittent. \u00catre bien. Je vous invite \u00e0 me rejoindre \u00e0 Bernex, en Haute-Savoie, en France, un endroit magnifique pour une remise \u00e0 z\u00e9ro de la sant\u00e9 pendant 6 jours. Sous la supervision et les conseils de sp\u00e9cialistes cliniques qualifi\u00e9s, vous mettrez en \u0153uvre un certain nombre de strat\u00e9gies d'am\u00e9lioration de la sant\u00e9. Pourquoi l'intermittence ?  L'exposition contr\u00f4l\u00e9e \u00e0 de faibles doses de stress environnemental a... <\/p><\/div>\n\n<div class=\"wp-block-post-date\"><time datetime=\"2023-05-25T13:56:29+00:00\">25 mai 2023<\/time><\/div><\/div><\/div>\n\n<\/li><\/ul><\/div>","protected":false},"excerpt":{"rendered":"<p>For our English site please goto: Flexhealth.com Jouw gezondheid Gezond en fit oud worden\u2026 wie wil dat nou niet? Gelukkig ligt dit binnen handbereik. Ook voor jou. Wil jij optimaal gezond worden? FlexHealth helpt je graag. Herpak de controle over je eigen gezondheid! We verliezen allemaal wel eens onze gezondheid uit het oog. Zeker vandaag&#8230;<\/p>","protected":false},"author":1,"featured_media":0,"parent":0,"menu_order":0,"comment_status":"closed","ping_status":"closed","template":"","meta":{"_kadence_starter_templates_imported_post":false,"_kad_post_transparent":"disable","_kad_post_title":"hide","_kad_post_layout":"","_kad_post_sidebar_id":"","_kad_post_content_style":"","_kad_post_vertical_padding":"","_kad_post_feature":"","_kad_post_feature_position":"","_kad_post_header":false,"_kad_post_footer":false,"_kad_post_classname":"","footnotes":""},"class_list":["post-6","page","type-page","status-publish","hentry"],"yoast_head":"<!-- This site is optimized with the Yoast SEO plugin v27.4 - https:\/\/yoast.com\/product\/yoast-seo-wordpress\/ -->\n<title>- FlexHealth<\/title>\n<meta name=\"description\" content=\"FlexHealth helpt zowel op individueel als op bedrijfsniveau. Wij zijn een groep professionals met een traditionele medische achtergrond, gespecialiseerd in klinische Psycho- Neuro- Immunologie\" \/>\n<meta name=\"robots\" content=\"index, follow, max-snippet:-1, max-image-preview:large, max-video-preview:-1\" \/>\n<link rel=\"canonical\" href=\"https:\/\/flexhealth.eu\/fr\/\" \/>\n<meta property=\"og:locale\" content=\"fr_FR\" \/>\n<meta property=\"og:type\" content=\"article\" \/>\n<meta property=\"og:title\" content=\"- FlexHealth\" \/>\n<meta property=\"og:description\" content=\"FlexHealth helpt zowel op individueel als op bedrijfsniveau. Wij zijn een groep professionals met een traditionele medische achtergrond, gespecialiseerd in klinische Psycho- Neuro- Immunologie\" \/>\n<meta property=\"og:url\" content=\"https:\/\/flexhealth.eu\/fr\/\" \/>\n<meta property=\"og:site_name\" content=\"FlexHealth\" \/>\n<meta property=\"article:modified_time\" content=\"2026-04-09T11:44:27+00:00\" \/>\n<meta property=\"og:image\" content=\"https:\/\/flexhealth.eu\/wp-content\/uploads\/2025\/05\/marijke_engelbrecht_small.png\" \/>\n\t<meta property=\"og:image:width\" content=\"159\" \/>\n\t<meta property=\"og:image:height\" content=\"250\" \/>\n\t<meta property=\"og:image:type\" content=\"image\/png\" \/>\n<meta name=\"twitter:card\" content=\"summary_large_image\" \/>\n<meta name=\"twitter:label1\" content=\"Dur\u00e9e de lecture estim\u00e9e\" \/>\n\t<meta name=\"twitter:data1\" content=\"2 minutes\" \/>\n<script type=\"application\/ld+json\" class=\"yoast-schema-graph\">{\"@context\":\"https:\\\/\\\/schema.org\",\"@graph\":[{\"@type\":\"WebPage\",\"@id\":\"https:\\\/\\\/flexhealth.eu\\\/\",\"url\":\"https:\\\/\\\/flexhealth.eu\\\/\",\"name\":\"- FlexHealth\",\"isPartOf\":{\"@id\":\"https:\\\/\\\/flexhealth.eu\\\/en\\\/#website\"},\"primaryImageOfPage\":{\"@id\":\"https:\\\/\\\/flexhealth.eu\\\/#primaryimage\"},\"image\":{\"@id\":\"https:\\\/\\\/flexhealth.eu\\\/#primaryimage\"},\"thumbnailUrl\":\"https:\\\/\\\/flexhealth.eu\\\/wp-content\\\/uploads\\\/2025\\\/05\\\/marijke_engelbrecht_small.png\",\"datePublished\":\"2019-05-08T08:37:26+00:00\",\"dateModified\":\"2026-04-09T11:44:27+00:00\",\"description\":\"FlexHealth helpt zowel op individueel als op bedrijfsniveau. Wij zijn een groep professionals met een traditionele medische achtergrond, gespecialiseerd in klinische Psycho- Neuro- Immunologie\",\"inLanguage\":\"fr-FR\",\"potentialAction\":[{\"@type\":\"ReadAction\",\"target\":[\"https:\\\/\\\/flexhealth.eu\\\/\"]}]},{\"@type\":\"ImageObject\",\"inLanguage\":\"fr-FR\",\"@id\":\"https:\\\/\\\/flexhealth.eu\\\/#primaryimage\",\"url\":\"https:\\\/\\\/flexhealth.eu\\\/wp-content\\\/uploads\\\/2025\\\/05\\\/marijke_engelbrecht_small.png\",\"contentUrl\":\"https:\\\/\\\/flexhealth.eu\\\/wp-content\\\/uploads\\\/2025\\\/05\\\/marijke_engelbrecht_small.png\"},{\"@type\":\"WebSite\",\"@id\":\"https:\\\/\\\/flexhealth.eu\\\/en\\\/#website\",\"url\":\"https:\\\/\\\/flexhealth.eu\\\/en\\\/\",\"name\":\"FlexHealth\",\"description\":\"FlexHealth\",\"publisher\":{\"@id\":\"https:\\\/\\\/flexhealth.eu\\\/en\\\/#organization\"},\"potentialAction\":[{\"@type\":\"SearchAction\",\"target\":{\"@type\":\"EntryPoint\",\"urlTemplate\":\"https:\\\/\\\/flexhealth.eu\\\/en\\\/?s={search_term_string}\"},\"query-input\":{\"@type\":\"PropertyValueSpecification\",\"valueRequired\":true,\"valueName\":\"search_term_string\"}}],\"inLanguage\":\"fr-FR\"},{\"@type\":\"Organization\",\"@id\":\"https:\\\/\\\/flexhealth.eu\\\/en\\\/#organization\",\"name\":\"FlexHealth\",\"url\":\"https:\\\/\\\/flexhealth.eu\\\/en\\\/\",\"logo\":{\"@type\":\"ImageObject\",\"inLanguage\":\"fr-FR\",\"@id\":\"https:\\\/\\\/flexhealth.eu\\\/en\\\/#\\\/schema\\\/logo\\\/image\\\/\",\"url\":\"https:\\\/\\\/flexhealth.eu\\\/wp-content\\\/uploads\\\/2025\\\/05\\\/FlexHealthLogo2.png\",\"contentUrl\":\"https:\\\/\\\/flexhealth.eu\\\/wp-content\\\/uploads\\\/2025\\\/05\\\/FlexHealthLogo2.png\",\"width\":1864,\"height\":250,\"caption\":\"FlexHealth\"},\"image\":{\"@id\":\"https:\\\/\\\/flexhealth.eu\\\/en\\\/#\\\/schema\\\/logo\\\/image\\\/\"}}]}<\/script>\n<!-- \/ Yoast SEO plugin. -->","yoast_head_json":{"title":"- FlexHealth","description":"FlexHealth helpt zowel op individueel als op bedrijfsniveau. Wij zijn een groep professionals met een traditionele medische achtergrond, gespecialiseerd in klinische Psycho- Neuro- Immunologie","robots":{"index":"index","follow":"follow","max-snippet":"max-snippet:-1","max-image-preview":"max-image-preview:large","max-video-preview":"max-video-preview:-1"},"canonical":"https:\/\/flexhealth.eu\/fr\/","og_locale":"fr_FR","og_type":"article","og_title":"- FlexHealth","og_description":"FlexHealth helpt zowel op individueel als op bedrijfsniveau. Wij zijn een groep professionals met een traditionele medische achtergrond, gespecialiseerd in klinische Psycho- Neuro- Immunologie","og_url":"https:\/\/flexhealth.eu\/fr\/","og_site_name":"FlexHealth","article_modified_time":"2026-04-09T11:44:27+00:00","og_image":[{"width":159,"height":250,"url":"https:\/\/flexhealth.eu\/wp-content\/uploads\/2025\/05\/marijke_engelbrecht_small.png","type":"image\/png"}],"twitter_card":"summary_large_image","twitter_misc":{"Dur\u00e9e de lecture estim\u00e9e":"2 minutes"},"schema":{"@context":"https:\/\/schema.org","@graph":[{"@type":"WebPage","@id":"https:\/\/flexhealth.eu\/","url":"https:\/\/flexhealth.eu\/","name":"- FlexHealth","isPartOf":{"@id":"https:\/\/flexhealth.eu\/en\/#website"},"primaryImageOfPage":{"@id":"https:\/\/flexhealth.eu\/#primaryimage"},"image":{"@id":"https:\/\/flexhealth.eu\/#primaryimage"},"thumbnailUrl":"https:\/\/flexhealth.eu\/wp-content\/uploads\/2025\/05\/marijke_engelbrecht_small.png","datePublished":"2019-05-08T08:37:26+00:00","dateModified":"2026-04-09T11:44:27+00:00","description":"FlexHealth helpt zowel op individueel als op bedrijfsniveau. Wij zijn een groep professionals met een traditionele medische achtergrond, gespecialiseerd in klinische Psycho- Neuro- Immunologie","inLanguage":"fr-FR","potentialAction":[{"@type":"ReadAction","target":["https:\/\/flexhealth.eu\/"]}]},{"@type":"ImageObject","inLanguage":"fr-FR","@id":"https:\/\/flexhealth.eu\/#primaryimage","url":"https:\/\/flexhealth.eu\/wp-content\/uploads\/2025\/05\/marijke_engelbrecht_small.png","contentUrl":"https:\/\/flexhealth.eu\/wp-content\/uploads\/2025\/05\/marijke_engelbrecht_small.png"},{"@type":"WebSite","@id":"https:\/\/flexhealth.eu\/en\/#website","url":"https:\/\/flexhealth.eu\/en\/","name":"FlexHealth","description":"FlexHealth","publisher":{"@id":"https:\/\/flexhealth.eu\/en\/#organization"},"potentialAction":[{"@type":"SearchAction","target":{"@type":"EntryPoint","urlTemplate":"https:\/\/flexhealth.eu\/en\/?s={search_term_string}"},"query-input":{"@type":"PropertyValueSpecification","valueRequired":true,"valueName":"search_term_string"}}],"inLanguage":"fr-FR"},{"@type":"Organization","@id":"https:\/\/flexhealth.eu\/en\/#organization","name":"FlexHealth","url":"https:\/\/flexhealth.eu\/en\/","logo":{"@type":"ImageObject","inLanguage":"fr-FR","@id":"https:\/\/flexhealth.eu\/en\/#\/schema\/logo\/image\/","url":"https:\/\/flexhealth.eu\/wp-content\/uploads\/2025\/05\/FlexHealthLogo2.png","contentUrl":"https:\/\/flexhealth.eu\/wp-content\/uploads\/2025\/05\/FlexHealthLogo2.png","width":1864,"height":250,"caption":"FlexHealth"},"image":{"@id":"https:\/\/flexhealth.eu\/en\/#\/schema\/logo\/image\/"}}]}},"_links":{"self":[{"href":"https:\/\/flexhealth.eu\/fr\/wp-json\/wp\/v2\/pages\/6","targetHints":{"allow":["GET"]}}],"collection":[{"href":"https:\/\/flexhealth.eu\/fr\/wp-json\/wp\/v2\/pages"}],"about":[{"href":"https:\/\/flexhealth.eu\/fr\/wp-json\/wp\/v2\/types\/page"}],"author":[{"embeddable":true,"href":"https:\/\/flexhealth.eu\/fr\/wp-json\/wp\/v2\/users\/1"}],"replies":[{"embeddable":true,"href":"https:\/\/flexhealth.eu\/fr\/wp-json\/wp\/v2\/comments?post=6"}],"version-history":[{"count":13,"href":"https:\/\/flexhealth.eu\/fr\/wp-json\/wp\/v2\/pages\/6\/revisions"}],"predecessor-version":[{"id":3035,"href":"https:\/\/flexhealth.eu\/fr\/wp-json\/wp\/v2\/pages\/6\/revisions\/3035"}],"wp:attachment":[{"href":"https:\/\/flexhealth.eu\/fr\/wp-json\/wp\/v2\/media?parent=6"}],"curies":[{"name":"wp","href":"https:\/\/api.w.org\/{rel}","templated":true}]}}