{"id":549,"date":"2020-04-07T13:18:02","date_gmt":"2020-04-07T13:18:02","guid":{"rendered":"https:\/\/flexhealth.eu\/?page_id=549"},"modified":"2020-04-07T13:18:02","modified_gmt":"2020-04-07T13:18:02","slug":"even-voorstellen","status":"publish","type":"page","link":"https:\/\/flexhealth.eu\/fr\/even-voorstellen\/","title":{"rendered":"Je me pr\u00e9sente"},"content":{"rendered":"<figure class=\"wp-block-image size-large\"><img decoding=\"async\" src=\"https:\/\/flexhealth.eu\/wp-content\/uploads\/2020\/04\/479e4ffa-f589-4f57-931e-4d0c2aa1fd73-1024x768.jpg\" alt=\"\" class=\"wp-image-547\" \/><\/figure>\n\n\n\n<p>Je suis Marijke Engelbrecht (1960), mari\u00e9e et fi\u00e8re m\u00e8re de deux beaux fils adultes. La nature et les montagnes m'attirent \u00e9norm\u00e9ment. Outre mon travail, j'aime donc cuisiner pour et avec les autres, faire de la marche, du v\u00e9lo, de la course \u00e0 pied et du yoga. Pendant les vacances, on peut me trouver dans les montagnes.<\/p>\n\n\n\n<h2 class=\"wp-block-heading\">Dans ma vie quotidienne ......... <\/h2>\n\n\n\n<p>Je travaille dans mon propre cabinet en tant que th\u00e9rapeute kPNI, coach, acupuncteur et physioth\u00e9rapeute. Comme je crois \u00e0 la pr\u00e9vention, j'ai fond\u00e9 FlexHealth, un cabinet de conseil en sant\u00e9 d'entreprise ax\u00e9 sur les soins pr\u00e9ventifs. La sant\u00e9 que vous transmettez, telle est ma mission pour les ann\u00e9es \u00e0 venir.<\/p>\n\n\n\n<h2 class=\"wp-block-heading\">Les autres disent de moi ......... <\/h2>\n\n\n\n<p>Je suis un professionnel passionn\u00e9, j'\u00e9coute sans juger, je suis empathique et je fais ce que je pr\u00eache.<\/p>\n\n\n\n<h2 class=\"wp-block-heading\">Ma passion pour la vie intermittente ....... <\/h2>\n\n\n\n<p>Il est applicable \u00e0 la fois sur le plan th\u00e9rapeutique et sur le plan pr\u00e9ventif. Gr\u00e2ce \u00e0 elle, je donne aux gens des outils pour prendre soin d'eux-m\u00eames.<\/p>\n\n\n\n<h2 class=\"wp-block-heading\">Dipl\u00f4mes<\/h2>\n\n\n\n<div class=\"wp-block-columns is-layout-flex wp-container-core-columns-is-layout-9d6595d7 wp-block-columns-is-layout-flex\">\n<div class=\"wp-block-column is-layout-flow wp-block-column-is-layout-flow\">\n<figure class=\"wp-block-image size-large\"><a href=\"https:\/\/flexhealth.eu\/wp-content\/uploads\/2021\/01\/Diploma_IL-2020_.jpg\"><img loading=\"lazy\" decoding=\"async\" width=\"724\" height=\"1024\" src=\"https:\/\/flexhealth.eu\/wp-content\/uploads\/2021\/01\/Diploma_IL-2020_-724x1024.jpg\" alt=\"\" class=\"wp-image-961\" srcset=\"https:\/\/flexhealth.eu\/wp-content\/uploads\/2021\/01\/Diploma_IL-2020_-724x1024.jpg 724w, https:\/\/flexhealth.eu\/wp-content\/uploads\/2021\/01\/Diploma_IL-2020_-212x300.jpg 212w, https:\/\/flexhealth.eu\/wp-content\/uploads\/2021\/01\/Diploma_IL-2020_-768x1086.jpg 768w, https:\/\/flexhealth.eu\/wp-content\/uploads\/2021\/01\/Diploma_IL-2020_-1086x1536.jpg 1086w, https:\/\/flexhealth.eu\/wp-content\/uploads\/2021\/01\/Diploma_IL-2020_-8x12.jpg 8w, https:\/\/flexhealth.eu\/wp-content\/uploads\/2021\/01\/Diploma_IL-2020_.jpg 1200w\" sizes=\"auto, (max-width: 724px) 100vw, 724px\" \/><\/a><\/figure>\n<\/div>\n\n\n\n<div class=\"wp-block-column is-layout-flow wp-block-column-is-layout-flow\">\n<figure class=\"wp-block-image size-large\"><a href=\"https:\/\/flexhealth.eu\/wp-content\/uploads\/2021\/01\/diploma_PNI_2017.jpg\"><img loading=\"lazy\" decoding=\"async\" width=\"1024\" height=\"768\" src=\"https:\/\/flexhealth.eu\/wp-content\/uploads\/2021\/01\/diploma_PNI_2017-1024x768.jpg\" alt=\"\" class=\"wp-image-955\" srcset=\"https:\/\/flexhealth.eu\/wp-content\/uploads\/2021\/01\/diploma_PNI_2017-1024x768.jpg 1024w, https:\/\/flexhealth.eu\/wp-content\/uploads\/2021\/01\/diploma_PNI_2017-300x225.jpg 300w, https:\/\/flexhealth.eu\/wp-content\/uploads\/2021\/01\/diploma_PNI_2017-768x576.jpg 768w, https:\/\/flexhealth.eu\/wp-content\/uploads\/2021\/01\/diploma_PNI_2017-16x12.jpg 16w, https:\/\/flexhealth.eu\/wp-content\/uploads\/2021\/01\/diploma_PNI_2017.jpg 1200w\" sizes=\"auto, (max-width: 1024px) 100vw, 1024px\" \/><\/a><\/figure>\n<\/div>\n<\/div>\n\n\n\n<h2 class=\"wp-block-heading\">Ce qui m'am\u00e8ne \u00e0 ......... <\/h2>\n\n\n\n<p>J'ai pu vivre l'\u00e9t\u00e9 2019 avec ce qu'il m'a apport\u00e9 gr\u00e2ce \u00e0 mes connaissances PNI : une forme physique \u00e0 toute \u00e9preuve, une grande libert\u00e9 et du bonheur. Richesse que je ressens \u00e0 chaque d\u00e9fi physique et mental !&nbsp;<\/p>\n\n\n\n<p>Voulez-vous aussi exp\u00e9rimenter ce que la Vie Intermittente\u00ae\u00a9 et mes connaissances en PNI peuvent faire pour vous ? Rejoignez l'un de mes <a href=\"https:\/\/flexhealth.eu\/fr\/hoe-hou-je-gezond-leven-vol\/\">Semaines de vie intermittentes.<\/a><\/p>","protected":false},"excerpt":{"rendered":"<p>Ik ben Marijke Engelbrecht.(1960), getrouwd en trotse moeder van 2 mooie volwassen zonen. De natuur en de bergen hebben een enorme aantrekkingskracht op mij. Mijn hobby\u2019s zijn dan ook naast mijn werk: koken voor en met anderen, wandelen, fietsen, hardlopen en yoga. Tijdens vakanties ben ik in de bergen te vinden. In mijn dagelijks leven&#8230;<\/p>","protected":false},"author":1,"featured_media":0,"parent":0,"menu_order":0,"comment_status":"closed","ping_status":"closed","template":"","meta":{"_kadence_starter_templates_imported_post":false,"_kad_post_transparent":"","_kad_post_title":"","_kad_post_layout":"","_kad_post_sidebar_id":"","_kad_post_content_style":"","_kad_post_vertical_padding":"","_kad_post_feature":"","_kad_post_feature_position":"","_kad_post_header":false,"_kad_post_footer":false,"_kad_post_classname":"","footnotes":""},"class_list":["post-549","page","type-page","status-publish","hentry"],"yoast_head":"<!-- This site is optimized with the Yoast SEO plugin v27.3 - https:\/\/yoast.com\/product\/yoast-seo-wordpress\/ -->\n<title>Even voorstellen - FlexHealth<\/title>\n<meta name=\"robots\" content=\"index, follow, max-snippet:-1, max-image-preview:large, max-video-preview:-1\" \/>\n<link rel=\"canonical\" href=\"https:\/\/flexhealth.eu\/fr\/even-voorstellen\/\" \/>\n<meta property=\"og:locale\" content=\"fr_FR\" \/>\n<meta property=\"og:type\" content=\"article\" \/>\n<meta property=\"og:title\" content=\"Even voorstellen - FlexHealth\" \/>\n<meta property=\"og:description\" content=\"Ik ben Marijke Engelbrecht.(1960), getrouwd en trotse moeder van 2 mooie volwassen zonen. De natuur en de bergen hebben een enorme aantrekkingskracht op mij. Mijn hobby\u2019s zijn dan ook naast mijn werk: koken voor en met anderen, wandelen, fietsen, hardlopen en yoga. Tijdens vakanties ben ik in de bergen te vinden. In mijn dagelijks leven...\" \/>\n<meta property=\"og:url\" content=\"https:\/\/flexhealth.eu\/fr\/even-voorstellen\/\" \/>\n<meta property=\"og:site_name\" content=\"FlexHealth\" \/>\n<meta property=\"og:image\" content=\"https:\/\/flexhealth.eu\/wp-content\/uploads\/2020\/04\/479e4ffa-f589-4f57-931e-4d0c2aa1fd73-1024x768.jpg\" \/>\n<meta name=\"twitter:card\" content=\"summary_large_image\" \/>\n<meta name=\"twitter:label1\" content=\"Dur\u00e9e de lecture estim\u00e9e\" \/>\n\t<meta name=\"twitter:data1\" content=\"2 minutes\" \/>\n<script type=\"application\/ld+json\" class=\"yoast-schema-graph\">{\"@context\":\"https:\\\/\\\/schema.org\",\"@graph\":[{\"@type\":\"WebPage\",\"@id\":\"https:\\\/\\\/flexhealth.eu\\\/nl\\\/even-voorstellen\\\/\",\"url\":\"https:\\\/\\\/flexhealth.eu\\\/nl\\\/even-voorstellen\\\/\",\"name\":\"Even voorstellen - FlexHealth\",\"isPartOf\":{\"@id\":\"https:\\\/\\\/flexhealth.eu\\\/en\\\/#website\"},\"primaryImageOfPage\":{\"@id\":\"https:\\\/\\\/flexhealth.eu\\\/nl\\\/even-voorstellen\\\/#primaryimage\"},\"image\":{\"@id\":\"https:\\\/\\\/flexhealth.eu\\\/nl\\\/even-voorstellen\\\/#primaryimage\"},\"thumbnailUrl\":\"https:\\\/\\\/flexhealth.eu\\\/wp-content\\\/uploads\\\/2020\\\/04\\\/479e4ffa-f589-4f57-931e-4d0c2aa1fd73-1024x768.jpg\",\"datePublished\":\"2020-04-07T13:18:02+00:00\",\"breadcrumb\":{\"@id\":\"https:\\\/\\\/flexhealth.eu\\\/nl\\\/even-voorstellen\\\/#breadcrumb\"},\"inLanguage\":\"fr-FR\",\"potentialAction\":[{\"@type\":\"ReadAction\",\"target\":[\"https:\\\/\\\/flexhealth.eu\\\/nl\\\/even-voorstellen\\\/\"]}]},{\"@type\":\"ImageObject\",\"inLanguage\":\"fr-FR\",\"@id\":\"https:\\\/\\\/flexhealth.eu\\\/nl\\\/even-voorstellen\\\/#primaryimage\",\"url\":\"https:\\\/\\\/flexhealth.eu\\\/wp-content\\\/uploads\\\/2020\\\/04\\\/479e4ffa-f589-4f57-931e-4d0c2aa1fd73-1024x768.jpg\",\"contentUrl\":\"https:\\\/\\\/flexhealth.eu\\\/wp-content\\\/uploads\\\/2020\\\/04\\\/479e4ffa-f589-4f57-931e-4d0c2aa1fd73-1024x768.jpg\"},{\"@type\":\"BreadcrumbList\",\"@id\":\"https:\\\/\\\/flexhealth.eu\\\/nl\\\/even-voorstellen\\\/#breadcrumb\",\"itemListElement\":[{\"@type\":\"ListItem\",\"position\":1,\"name\":\"Home\",\"item\":\"https:\\\/\\\/flexhealth.eu\\\/\"},{\"@type\":\"ListItem\",\"position\":2,\"name\":\"Even voorstellen\"}]},{\"@type\":\"WebSite\",\"@id\":\"https:\\\/\\\/flexhealth.eu\\\/en\\\/#website\",\"url\":\"https:\\\/\\\/flexhealth.eu\\\/en\\\/\",\"name\":\"FlexHealth\",\"description\":\"FlexHealth\",\"publisher\":{\"@id\":\"https:\\\/\\\/flexhealth.eu\\\/en\\\/#organization\"},\"potentialAction\":[{\"@type\":\"SearchAction\",\"target\":{\"@type\":\"EntryPoint\",\"urlTemplate\":\"https:\\\/\\\/flexhealth.eu\\\/en\\\/?s={search_term_string}\"},\"query-input\":{\"@type\":\"PropertyValueSpecification\",\"valueRequired\":true,\"valueName\":\"search_term_string\"}}],\"inLanguage\":\"fr-FR\"},{\"@type\":\"Organization\",\"@id\":\"https:\\\/\\\/flexhealth.eu\\\/en\\\/#organization\",\"name\":\"FlexHealth\",\"url\":\"https:\\\/\\\/flexhealth.eu\\\/en\\\/\",\"logo\":{\"@type\":\"ImageObject\",\"inLanguage\":\"fr-FR\",\"@id\":\"https:\\\/\\\/flexhealth.eu\\\/en\\\/#\\\/schema\\\/logo\\\/image\\\/\",\"url\":\"https:\\\/\\\/flexhealth.eu\\\/wp-content\\\/uploads\\\/2025\\\/05\\\/FlexHealthLogo2.png\",\"contentUrl\":\"https:\\\/\\\/flexhealth.eu\\\/wp-content\\\/uploads\\\/2025\\\/05\\\/FlexHealthLogo2.png\",\"width\":1864,\"height\":250,\"caption\":\"FlexHealth\"},\"image\":{\"@id\":\"https:\\\/\\\/flexhealth.eu\\\/en\\\/#\\\/schema\\\/logo\\\/image\\\/\"}}]}<\/script>\n<!-- \/ Yoast SEO plugin. -->","yoast_head_json":{"title":"Even voorstellen - FlexHealth","robots":{"index":"index","follow":"follow","max-snippet":"max-snippet:-1","max-image-preview":"max-image-preview:large","max-video-preview":"max-video-preview:-1"},"canonical":"https:\/\/flexhealth.eu\/fr\/even-voorstellen\/","og_locale":"fr_FR","og_type":"article","og_title":"Even voorstellen - FlexHealth","og_description":"Ik ben Marijke Engelbrecht.(1960), getrouwd en trotse moeder van 2 mooie volwassen zonen. De natuur en de bergen hebben een enorme aantrekkingskracht op mij. Mijn hobby\u2019s zijn dan ook naast mijn werk: koken voor en met anderen, wandelen, fietsen, hardlopen en yoga. Tijdens vakanties ben ik in de bergen te vinden. In mijn dagelijks leven...","og_url":"https:\/\/flexhealth.eu\/fr\/even-voorstellen\/","og_site_name":"FlexHealth","og_image":[{"url":"https:\/\/flexhealth.eu\/wp-content\/uploads\/2020\/04\/479e4ffa-f589-4f57-931e-4d0c2aa1fd73-1024x768.jpg","type":"","width":"","height":""}],"twitter_card":"summary_large_image","twitter_misc":{"Dur\u00e9e de lecture estim\u00e9e":"2 minutes"},"schema":{"@context":"https:\/\/schema.org","@graph":[{"@type":"WebPage","@id":"https:\/\/flexhealth.eu\/nl\/even-voorstellen\/","url":"https:\/\/flexhealth.eu\/nl\/even-voorstellen\/","name":"Even voorstellen - FlexHealth","isPartOf":{"@id":"https:\/\/flexhealth.eu\/en\/#website"},"primaryImageOfPage":{"@id":"https:\/\/flexhealth.eu\/nl\/even-voorstellen\/#primaryimage"},"image":{"@id":"https:\/\/flexhealth.eu\/nl\/even-voorstellen\/#primaryimage"},"thumbnailUrl":"https:\/\/flexhealth.eu\/wp-content\/uploads\/2020\/04\/479e4ffa-f589-4f57-931e-4d0c2aa1fd73-1024x768.jpg","datePublished":"2020-04-07T13:18:02+00:00","breadcrumb":{"@id":"https:\/\/flexhealth.eu\/nl\/even-voorstellen\/#breadcrumb"},"inLanguage":"fr-FR","potentialAction":[{"@type":"ReadAction","target":["https:\/\/flexhealth.eu\/nl\/even-voorstellen\/"]}]},{"@type":"ImageObject","inLanguage":"fr-FR","@id":"https:\/\/flexhealth.eu\/nl\/even-voorstellen\/#primaryimage","url":"https:\/\/flexhealth.eu\/wp-content\/uploads\/2020\/04\/479e4ffa-f589-4f57-931e-4d0c2aa1fd73-1024x768.jpg","contentUrl":"https:\/\/flexhealth.eu\/wp-content\/uploads\/2020\/04\/479e4ffa-f589-4f57-931e-4d0c2aa1fd73-1024x768.jpg"},{"@type":"BreadcrumbList","@id":"https:\/\/flexhealth.eu\/nl\/even-voorstellen\/#breadcrumb","itemListElement":[{"@type":"ListItem","position":1,"name":"Home","item":"https:\/\/flexhealth.eu\/"},{"@type":"ListItem","position":2,"name":"Even voorstellen"}]},{"@type":"WebSite","@id":"https:\/\/flexhealth.eu\/en\/#website","url":"https:\/\/flexhealth.eu\/en\/","name":"FlexHealth","description":"FlexHealth","publisher":{"@id":"https:\/\/flexhealth.eu\/en\/#organization"},"potentialAction":[{"@type":"SearchAction","target":{"@type":"EntryPoint","urlTemplate":"https:\/\/flexhealth.eu\/en\/?s={search_term_string}"},"query-input":{"@type":"PropertyValueSpecification","valueRequired":true,"valueName":"search_term_string"}}],"inLanguage":"fr-FR"},{"@type":"Organization","@id":"https:\/\/flexhealth.eu\/en\/#organization","name":"FlexHealth","url":"https:\/\/flexhealth.eu\/en\/","logo":{"@type":"ImageObject","inLanguage":"fr-FR","@id":"https:\/\/flexhealth.eu\/en\/#\/schema\/logo\/image\/","url":"https:\/\/flexhealth.eu\/wp-content\/uploads\/2025\/05\/FlexHealthLogo2.png","contentUrl":"https:\/\/flexhealth.eu\/wp-content\/uploads\/2025\/05\/FlexHealthLogo2.png","width":1864,"height":250,"caption":"FlexHealth"},"image":{"@id":"https:\/\/flexhealth.eu\/en\/#\/schema\/logo\/image\/"}}]}},"_links":{"self":[{"href":"https:\/\/flexhealth.eu\/fr\/wp-json\/wp\/v2\/pages\/549","targetHints":{"allow":["GET"]}}],"collection":[{"href":"https:\/\/flexhealth.eu\/fr\/wp-json\/wp\/v2\/pages"}],"about":[{"href":"https:\/\/flexhealth.eu\/fr\/wp-json\/wp\/v2\/types\/page"}],"author":[{"embeddable":true,"href":"https:\/\/flexhealth.eu\/fr\/wp-json\/wp\/v2\/users\/1"}],"replies":[{"embeddable":true,"href":"https:\/\/flexhealth.eu\/fr\/wp-json\/wp\/v2\/comments?post=549"}],"version-history":[{"count":0,"href":"https:\/\/flexhealth.eu\/fr\/wp-json\/wp\/v2\/pages\/549\/revisions"}],"wp:attachment":[{"href":"https:\/\/flexhealth.eu\/fr\/wp-json\/wp\/v2\/media?parent=549"}],"curies":[{"name":"wp","href":"https:\/\/api.w.org\/{rel}","templated":true}]}}