{"id":477,"date":"2020-02-06T06:22:12","date_gmt":"2020-02-06T06:22:12","guid":{"rendered":"https:\/\/flexhealth.eu\/?page_id=477"},"modified":"2020-02-06T06:22:12","modified_gmt":"2020-02-06T06:22:12","slug":"partners","status":"publish","type":"page","link":"https:\/\/flexhealth.eu\/fr\/partners\/","title":{"rendered":"Partenaires"},"content":{"rendered":"<p>Nous pouvons imaginer qu'apr\u00e8s le voyage, vous voudrez en savoir beaucoup plus sur la science qui sous-tend la vie intermittente et le kPNI. Notre partenaire PNI Europe propose des formations reposant sur une base scientifique. PNI est titulaire d'une chaire \u00e0 l'universit\u00e9 de Salamanque, en Espagne.<\/p>\n\n\n\n<p><a href=\"https:\/\/cpnieurope.nl\/intermittent-living-coach\">https:\/\/cpnieurope.nl\/intermittent-living-coach<\/a><\/p>\n\n\n\n<figure class=\"wp-block-image size-large is-resized\"><img loading=\"lazy\" decoding=\"async\" src=\"https:\/\/flexhealth.eu\/wp-content\/uploads\/2020\/02\/PNIEurope-Logo-BlackOnGold-Transparent-RGB.png\" alt=\"\" class=\"wp-image-481\" width=\"160\" height=\"113\" srcset=\"https:\/\/flexhealth.eu\/wp-content\/uploads\/2020\/02\/PNIEurope-Logo-BlackOnGold-Transparent-RGB.png 320w, https:\/\/flexhealth.eu\/wp-content\/uploads\/2020\/02\/PNIEurope-Logo-BlackOnGold-Transparent-RGB-300x212.png 300w, https:\/\/flexhealth.eu\/wp-content\/uploads\/2020\/02\/PNIEurope-Logo-BlackOnGold-Transparent-RGB-18x12.png 18w\" sizes=\"auto, (max-width: 160px) 100vw, 160px\" \/><\/figure>\n\n\n\n<p>PNI Europe, les fondateurs de la Psychoneuroimmunologie Clinique, produisent, divulguent, interpr\u00e8tent et facilitent KPNI. La m\u00e9ta-discipline unique au sein de toutes les professions m\u00e9dicales et param\u00e9dicales.<\/p>\n\n\n\n<p>PNI Europe est un institut scientifique international qui \u00e9tudie, du point de vue de la PNI clinique et de la m\u00e9decine \u00e9volutive, comment maintenir et\/ou restaurer la sant\u00e9 \u00e0 tous les niveaux.<\/p>\n\n\n\n<p>\u200b<\/p>\n\n\n\n<p><a href=\"https:\/\/cpnieurope.nl\/\">https:\/\/cpnieurope.nl\/<\/a><\/p>\n\n\n\n<p>\u200b<\/p>\n\n\n\n<p>\u200b<\/p>\n\n\n\n<p>\u200b<\/p>","protected":false},"excerpt":{"rendered":"<p>Wij kunnen ons voorstellen dat je na de reis nog veel meer wilt weten over de wetenschap achter Intermittent Living en de kPNI. Onze partner\u00a0PNI Europe verzorgt scholingen met een wetenschappelijke basis. PNI heeft een leerstoel aan de Universiteit van Salamanca, Spanje. https:\/\/cpnieurope.nl\/intermittent-living-coach PNI Europe, de founders van Klinische Psychoneuroimmunologie; produceren, ontsluiten, interpreteren en vergemakkelijken&#8230;<\/p>","protected":false},"author":1,"featured_media":0,"parent":0,"menu_order":0,"comment_status":"closed","ping_status":"closed","template":"","meta":{"_kadence_starter_templates_imported_post":false,"_kad_post_transparent":"","_kad_post_title":"","_kad_post_layout":"","_kad_post_sidebar_id":"","_kad_post_content_style":"","_kad_post_vertical_padding":"","_kad_post_feature":"","_kad_post_feature_position":"","_kad_post_header":false,"_kad_post_footer":false,"_kad_post_classname":"","footnotes":""},"class_list":["post-477","page","type-page","status-publish","hentry"],"yoast_head":"<!-- This site is optimized with the Yoast SEO plugin v27.3 - https:\/\/yoast.com\/product\/yoast-seo-wordpress\/ -->\n<title>Partners - FlexHealth<\/title>\n<meta name=\"robots\" content=\"index, follow, max-snippet:-1, max-image-preview:large, max-video-preview:-1\" \/>\n<link rel=\"canonical\" href=\"https:\/\/flexhealth.eu\/fr\/partners\/\" \/>\n<meta property=\"og:locale\" content=\"fr_FR\" \/>\n<meta property=\"og:type\" content=\"article\" \/>\n<meta property=\"og:title\" content=\"Partners - FlexHealth\" \/>\n<meta property=\"og:description\" content=\"Wij kunnen ons voorstellen dat je na de reis nog veel meer wilt weten over de wetenschap achter Intermittent Living en de kPNI. Onze partner\u00a0PNI Europe verzorgt scholingen met een wetenschappelijke basis. PNI heeft een leerstoel aan de Universiteit van Salamanca, Spanje. https:\/\/cpnieurope.nl\/intermittent-living-coach PNI Europe, de founders van Klinische Psychoneuroimmunologie; produceren, ontsluiten, interpreteren en vergemakkelijken...\" \/>\n<meta property=\"og:url\" content=\"https:\/\/flexhealth.eu\/fr\/partners\/\" \/>\n<meta property=\"og:site_name\" content=\"FlexHealth\" \/>\n<meta property=\"og:image\" content=\"https:\/\/flexhealth.eu\/wp-content\/uploads\/2020\/02\/PNIEurope-Logo-BlackOnGold-Transparent-RGB.png\" \/>\n<meta name=\"twitter:card\" content=\"summary_large_image\" \/>\n<meta name=\"twitter:label1\" content=\"Dur\u00e9e de lecture estim\u00e9e\" \/>\n\t<meta name=\"twitter:data1\" content=\"1 minute\" \/>\n<script type=\"application\/ld+json\" class=\"yoast-schema-graph\">{\"@context\":\"https:\\\/\\\/schema.org\",\"@graph\":[{\"@type\":\"WebPage\",\"@id\":\"https:\\\/\\\/flexhealth.eu\\\/en\\\/partners\\\/\",\"url\":\"https:\\\/\\\/flexhealth.eu\\\/en\\\/partners\\\/\",\"name\":\"Partners - FlexHealth\",\"isPartOf\":{\"@id\":\"https:\\\/\\\/flexhealth.eu\\\/en\\\/#website\"},\"primaryImageOfPage\":{\"@id\":\"https:\\\/\\\/flexhealth.eu\\\/en\\\/partners\\\/#primaryimage\"},\"image\":{\"@id\":\"https:\\\/\\\/flexhealth.eu\\\/en\\\/partners\\\/#primaryimage\"},\"thumbnailUrl\":\"https:\\\/\\\/flexhealth.eu\\\/wp-content\\\/uploads\\\/2020\\\/02\\\/PNIEurope-Logo-BlackOnGold-Transparent-RGB.png\",\"datePublished\":\"2020-02-06T06:22:12+00:00\",\"breadcrumb\":{\"@id\":\"https:\\\/\\\/flexhealth.eu\\\/en\\\/partners\\\/#breadcrumb\"},\"inLanguage\":\"fr-FR\",\"potentialAction\":[{\"@type\":\"ReadAction\",\"target\":[\"https:\\\/\\\/flexhealth.eu\\\/en\\\/partners\\\/\"]}]},{\"@type\":\"ImageObject\",\"inLanguage\":\"fr-FR\",\"@id\":\"https:\\\/\\\/flexhealth.eu\\\/en\\\/partners\\\/#primaryimage\",\"url\":\"https:\\\/\\\/flexhealth.eu\\\/wp-content\\\/uploads\\\/2020\\\/02\\\/PNIEurope-Logo-BlackOnGold-Transparent-RGB.png\",\"contentUrl\":\"https:\\\/\\\/flexhealth.eu\\\/wp-content\\\/uploads\\\/2020\\\/02\\\/PNIEurope-Logo-BlackOnGold-Transparent-RGB.png\"},{\"@type\":\"BreadcrumbList\",\"@id\":\"https:\\\/\\\/flexhealth.eu\\\/en\\\/partners\\\/#breadcrumb\",\"itemListElement\":[{\"@type\":\"ListItem\",\"position\":1,\"name\":\"Home\",\"item\":\"https:\\\/\\\/flexhealth.eu\\\/\"},{\"@type\":\"ListItem\",\"position\":2,\"name\":\"Partners\"}]},{\"@type\":\"WebSite\",\"@id\":\"https:\\\/\\\/flexhealth.eu\\\/en\\\/#website\",\"url\":\"https:\\\/\\\/flexhealth.eu\\\/en\\\/\",\"name\":\"FlexHealth\",\"description\":\"FlexHealth\",\"publisher\":{\"@id\":\"https:\\\/\\\/flexhealth.eu\\\/en\\\/#organization\"},\"potentialAction\":[{\"@type\":\"SearchAction\",\"target\":{\"@type\":\"EntryPoint\",\"urlTemplate\":\"https:\\\/\\\/flexhealth.eu\\\/en\\\/?s={search_term_string}\"},\"query-input\":{\"@type\":\"PropertyValueSpecification\",\"valueRequired\":true,\"valueName\":\"search_term_string\"}}],\"inLanguage\":\"fr-FR\"},{\"@type\":\"Organization\",\"@id\":\"https:\\\/\\\/flexhealth.eu\\\/en\\\/#organization\",\"name\":\"FlexHealth\",\"url\":\"https:\\\/\\\/flexhealth.eu\\\/en\\\/\",\"logo\":{\"@type\":\"ImageObject\",\"inLanguage\":\"fr-FR\",\"@id\":\"https:\\\/\\\/flexhealth.eu\\\/en\\\/#\\\/schema\\\/logo\\\/image\\\/\",\"url\":\"https:\\\/\\\/flexhealth.eu\\\/wp-content\\\/uploads\\\/2025\\\/05\\\/FlexHealthLogo2.png\",\"contentUrl\":\"https:\\\/\\\/flexhealth.eu\\\/wp-content\\\/uploads\\\/2025\\\/05\\\/FlexHealthLogo2.png\",\"width\":1864,\"height\":250,\"caption\":\"FlexHealth\"},\"image\":{\"@id\":\"https:\\\/\\\/flexhealth.eu\\\/en\\\/#\\\/schema\\\/logo\\\/image\\\/\"}}]}<\/script>\n<!-- \/ Yoast SEO plugin. -->","yoast_head_json":{"title":"Partners - FlexHealth","robots":{"index":"index","follow":"follow","max-snippet":"max-snippet:-1","max-image-preview":"max-image-preview:large","max-video-preview":"max-video-preview:-1"},"canonical":"https:\/\/flexhealth.eu\/fr\/partners\/","og_locale":"fr_FR","og_type":"article","og_title":"Partners - FlexHealth","og_description":"Wij kunnen ons voorstellen dat je na de reis nog veel meer wilt weten over de wetenschap achter Intermittent Living en de kPNI. Onze partner\u00a0PNI Europe verzorgt scholingen met een wetenschappelijke basis. PNI heeft een leerstoel aan de Universiteit van Salamanca, Spanje. https:\/\/cpnieurope.nl\/intermittent-living-coach PNI Europe, de founders van Klinische Psychoneuroimmunologie; produceren, ontsluiten, interpreteren en vergemakkelijken...","og_url":"https:\/\/flexhealth.eu\/fr\/partners\/","og_site_name":"FlexHealth","og_image":[{"url":"https:\/\/flexhealth.eu\/wp-content\/uploads\/2020\/02\/PNIEurope-Logo-BlackOnGold-Transparent-RGB.png","type":"","width":"","height":""}],"twitter_card":"summary_large_image","twitter_misc":{"Dur\u00e9e de lecture estim\u00e9e":"1 minute"},"schema":{"@context":"https:\/\/schema.org","@graph":[{"@type":"WebPage","@id":"https:\/\/flexhealth.eu\/en\/partners\/","url":"https:\/\/flexhealth.eu\/en\/partners\/","name":"Partners - FlexHealth","isPartOf":{"@id":"https:\/\/flexhealth.eu\/en\/#website"},"primaryImageOfPage":{"@id":"https:\/\/flexhealth.eu\/en\/partners\/#primaryimage"},"image":{"@id":"https:\/\/flexhealth.eu\/en\/partners\/#primaryimage"},"thumbnailUrl":"https:\/\/flexhealth.eu\/wp-content\/uploads\/2020\/02\/PNIEurope-Logo-BlackOnGold-Transparent-RGB.png","datePublished":"2020-02-06T06:22:12+00:00","breadcrumb":{"@id":"https:\/\/flexhealth.eu\/en\/partners\/#breadcrumb"},"inLanguage":"fr-FR","potentialAction":[{"@type":"ReadAction","target":["https:\/\/flexhealth.eu\/en\/partners\/"]}]},{"@type":"ImageObject","inLanguage":"fr-FR","@id":"https:\/\/flexhealth.eu\/en\/partners\/#primaryimage","url":"https:\/\/flexhealth.eu\/wp-content\/uploads\/2020\/02\/PNIEurope-Logo-BlackOnGold-Transparent-RGB.png","contentUrl":"https:\/\/flexhealth.eu\/wp-content\/uploads\/2020\/02\/PNIEurope-Logo-BlackOnGold-Transparent-RGB.png"},{"@type":"BreadcrumbList","@id":"https:\/\/flexhealth.eu\/en\/partners\/#breadcrumb","itemListElement":[{"@type":"ListItem","position":1,"name":"Home","item":"https:\/\/flexhealth.eu\/"},{"@type":"ListItem","position":2,"name":"Partners"}]},{"@type":"WebSite","@id":"https:\/\/flexhealth.eu\/en\/#website","url":"https:\/\/flexhealth.eu\/en\/","name":"FlexHealth","description":"FlexHealth","publisher":{"@id":"https:\/\/flexhealth.eu\/en\/#organization"},"potentialAction":[{"@type":"SearchAction","target":{"@type":"EntryPoint","urlTemplate":"https:\/\/flexhealth.eu\/en\/?s={search_term_string}"},"query-input":{"@type":"PropertyValueSpecification","valueRequired":true,"valueName":"search_term_string"}}],"inLanguage":"fr-FR"},{"@type":"Organization","@id":"https:\/\/flexhealth.eu\/en\/#organization","name":"FlexHealth","url":"https:\/\/flexhealth.eu\/en\/","logo":{"@type":"ImageObject","inLanguage":"fr-FR","@id":"https:\/\/flexhealth.eu\/en\/#\/schema\/logo\/image\/","url":"https:\/\/flexhealth.eu\/wp-content\/uploads\/2025\/05\/FlexHealthLogo2.png","contentUrl":"https:\/\/flexhealth.eu\/wp-content\/uploads\/2025\/05\/FlexHealthLogo2.png","width":1864,"height":250,"caption":"FlexHealth"},"image":{"@id":"https:\/\/flexhealth.eu\/en\/#\/schema\/logo\/image\/"}}]}},"_links":{"self":[{"href":"https:\/\/flexhealth.eu\/fr\/wp-json\/wp\/v2\/pages\/477","targetHints":{"allow":["GET"]}}],"collection":[{"href":"https:\/\/flexhealth.eu\/fr\/wp-json\/wp\/v2\/pages"}],"about":[{"href":"https:\/\/flexhealth.eu\/fr\/wp-json\/wp\/v2\/types\/page"}],"author":[{"embeddable":true,"href":"https:\/\/flexhealth.eu\/fr\/wp-json\/wp\/v2\/users\/1"}],"replies":[{"embeddable":true,"href":"https:\/\/flexhealth.eu\/fr\/wp-json\/wp\/v2\/comments?post=477"}],"version-history":[{"count":0,"href":"https:\/\/flexhealth.eu\/fr\/wp-json\/wp\/v2\/pages\/477\/revisions"}],"wp:attachment":[{"href":"https:\/\/flexhealth.eu\/fr\/wp-json\/wp\/v2\/media?parent=477"}],"curies":[{"name":"wp","href":"https:\/\/api.w.org\/{rel}","templated":true}]}}