{"id":245,"date":"2019-05-08T08:37:54","date_gmt":"2019-05-08T08:37:54","guid":{"rendered":"https:\/\/flexhealth.eu\/?page_id=11"},"modified":"2025-05-18T14:49:58","modified_gmt":"2025-05-18T14:49:58","slug":"contact","status":"publish","type":"page","link":"https:\/\/flexhealth.eu\/fr\/contact\/","title":{"rendered":"Contact"},"content":{"rendered":"<div class=\"wp-block-columns has-2-columns is-layout-flex wp-container-core-columns-is-layout-9d6595d7 wp-block-columns-is-layout-flex\">\n<div class=\"wp-block-column is-layout-flow wp-block-column-is-layout-flow\">\n<h3 class=\"wp-block-heading\">Prendre contact<\/h3>\n\n\n\n<div class=\"wpcf7 no-js\" id=\"wpcf7-f2931-o1\" lang=\"nl-NL\" dir=\"ltr\" data-wpcf7-id=\"2931\">\n<div class=\"screen-reader-response\"><p role=\"status\" aria-live=\"polite\" aria-atomic=\"true\"><\/p> <ul><\/ul><\/div>\n<form action=\"\/fr\/wp-json\/wp\/v2\/pages\/245#wpcf7-f2931-o1\" method=\"post\" class=\"wpcf7-form init\" aria-label=\"Contactformulier\" novalidate=\"novalidate\" data-status=\"init\" data-trp-original-action=\"\/fr\/wp-json\/wp\/v2\/pages\/245#wpcf7-f2931-o1\">\n<fieldset class=\"hidden-fields-container\"><input type=\"hidden\" name=\"_wpcf7\" value=\"2931\" \/><input type=\"hidden\" name=\"_wpcf7_version\" value=\"6.1.5\" \/><input type=\"hidden\" name=\"_wpcf7_locale\" value=\"nl_NL\" \/><input type=\"hidden\" name=\"_wpcf7_unit_tag\" value=\"wpcf7-f2931-o1\" \/><input type=\"hidden\" name=\"_wpcf7_container_post\" value=\"0\" \/><input type=\"hidden\" name=\"_wpcf7_posted_data_hash\" value=\"\" \/>\n<\/fieldset>\n<h3>Vous souhaitez en savoir plus sur notre approche?\n<\/h3>\n<p>Ensuite, contactez-nous ou laissez-nous une demande de rappel.\n<\/p>\n<div class=\"two-col-responsive\">\n\t<p><span class=\"wpcf7-form-control-wrap\" data-name=\"radio-MV\"><span class=\"wpcf7-form-control wpcf7-radio\"><span class=\"wpcf7-list-item first\"><input type=\"radio\" name=\"radio-MV\" value=\"Man\" checked=\"checked\" \/><span class=\"wpcf7-list-item-label\">Homme<\/span><\/span><span class=\"wpcf7-list-item last\"><input type=\"radio\" name=\"radio-MV\" value=\"Vrouw\" \/><span class=\"wpcf7-list-item-label\">Femme<\/span><\/span><\/span><\/span>\n\t<\/p>\n<\/div>\n<div class=\"two-col-responsive\">\n\t<p>Pr\u00e9nom (obligatoire)<br \/>\n<span class=\"wpcf7-form-control-wrap\" data-name=\"voornaam\"><input size=\"40\" maxlength=\"400\" class=\"wpcf7-form-control wpcf7-text wpcf7-validates-as-required\" aria-required=\"true\" aria-invalid=\"false\" value=\"\" type=\"text\" name=\"voornaam\" \/><\/span>\n\t<\/p>\n\t<p>Nom (obligatoire)<br \/>\n<span class=\"wpcf7-form-control-wrap\" data-name=\"achternaam\"><input size=\"40\" maxlength=\"400\" class=\"wpcf7-form-control wpcf7-text wpcf7-validates-as-required\" aria-required=\"true\" aria-invalid=\"false\" value=\"\" type=\"text\" name=\"achternaam\" \/><\/span>\n\t<\/p>\n<\/div>\n<div class=\"two-col-responsive\">\n\t<p>Adresse \u00e9lectronique<br \/>\n<span class=\"wpcf7-form-control-wrap\" data-name=\"your-email\"><input size=\"40\" maxlength=\"400\" class=\"wpcf7-form-control wpcf7-email wpcf7-validates-as-required wpcf7-text wpcf7-validates-as-email\" autocomplete=\"email\" aria-required=\"true\" aria-invalid=\"false\" value=\"\" type=\"email\" name=\"your-email\" \/><\/span>\n\t<\/p>\n\t<p>Num\u00e9ro de t\u00e9l\u00e9phone (Nous vous rappellerons \u00e0 ce num\u00e9ro)<br \/>\n<span class=\"wpcf7-form-control-wrap\" data-name=\"tel-319\"><input size=\"40\" maxlength=\"400\" class=\"wpcf7-form-control wpcf7-tel wpcf7-text wpcf7-validates-as-tel\" aria-invalid=\"false\" value=\"\" type=\"tel\" name=\"tel-319\" \/><\/span>\n\t<\/p>\n<\/div>\n<div class=\"two-col-responsive\">\n\t<p><span class=\"wpcf7-form-control-wrap\" data-name=\"checkbox-410\"><span class=\"wpcf7-form-control wpcf7-checkbox wpcf7-validates-as-required\"><span class=\"wpcf7-list-item first last\"><label><input type=\"checkbox\" name=\"checkbox-410[]\" value=\"Ik ga akkoord met de verwerking van mijn gegevens conform de\" \/><span class=\"wpcf7-list-item-label\">Je consens au traitement de mes donn\u00e9es conform\u00e9ment \u00e0 la loi sur la protection des donn\u00e9es.<\/span><\/label><\/span><\/span><\/span>&nbsp;<a class=\"contactformlink\" href=\"\/fr\/privacyverklaring\/\">d\u00e9claration de confidentialit\u00e9<\/a>\n\t<\/p>\n<\/div>\n<div class=\"two-col-responsive\">\n\t<p><span class=\"wpcf7-form-control-wrap\" data-name=\"quiz-894\"><label><span class=\"wpcf7-quiz-label\">12+24?<\/span> <input size=\"40\" class=\"wpcf7-form-control wpcf7-quiz\" autocomplete=\"off\" aria-required=\"true\" aria-invalid=\"false\" type=\"text\" name=\"quiz-894\" \/><\/label><input type=\"hidden\" name=\"_wpcf7_quiz_answer_quiz-894\" value=\"2295c2a1e6642491717e8a5877bd543d\" \/><\/span>\n\t<\/p>\n<\/div><div class=\"wpcf7-response-output\" aria-hidden=\"true\"><\/div>\n<input type=\"hidden\" name=\"trp-form-language\" value=\"fr\"\/><\/form>\n<\/div>\n\n<\/div>\n\n\n\n<div class=\"wp-block-column is-layout-flow wp-block-column-is-layout-flow\">\n<h3 class=\"wp-block-heading\">Coordonn\u00e9es de la personne \u00e0 contacter<\/h3>\n\n\n\n<p>FlexHealth<br>Marijke Engelbrecht<br>pour les consultations PNI et l'acupuncture <br>Prince Hendriklaan 7 <br>1862 EK Bergen<br>06 - 4214 6821<br>flexhealth@outlook.com<\/p>\n\n\n\n<p>Possibilit\u00e9 de prendre rendez-vous \u00e0 Amsterdam, La Haye, Bergen et sur place. Possibilit\u00e9s en ligne \u00e9galement.<\/p>\n\n\n\n<h4 class=\"wp-block-heading\"><strong>Premier centre PNI et IL en France :<\/strong><\/h4>\n\n\n\n<p>235 Route de Creusaz, <br>74500 Bernex <br>et en ligne. <br>Mobile : +33745283714. <br>Courrier : flexhealth@outlook.com<\/p>\n<\/div>\n<\/div>","protected":false},"excerpt":{"rendered":"<p>Neem contact op Contactgegevens FlexHealthMarijke Engelbrechtvoor PNI consulten en acupunctuur Prins Hendriklaan 7 1862 EK Bergen06 \u2013 4214 6821flexhealth@outlook.com Mogelijkheid tot het maken van afspraken in Amsterdam, Den Haag, Bergen en op locatie. Tevens online mogelijkheden. Eerste PNI en IL Centrum in Frankrijk: 235 Route de Creusaz, 74500 Bernex en online. Mobiel: +33745283714. Mail: flexhealth@outlook.com<\/p>","protected":false},"author":1,"featured_media":0,"parent":0,"menu_order":0,"comment_status":"closed","ping_status":"closed","template":"","meta":{"_kadence_starter_templates_imported_post":false,"_kad_post_transparent":"","_kad_post_title":"","_kad_post_layout":"","_kad_post_sidebar_id":"","_kad_post_content_style":"","_kad_post_vertical_padding":"","_kad_post_feature":"","_kad_post_feature_position":"","_kad_post_header":false,"_kad_post_footer":false,"_kad_post_classname":"","footnotes":""},"class_list":["post-245","page","type-page","status-publish","hentry"],"yoast_head":"<!-- This site is optimized with the Yoast SEO plugin v27.3 - https:\/\/yoast.com\/product\/yoast-seo-wordpress\/ -->\n<title>Contact - FlexHealth<\/title>\n<meta name=\"robots\" content=\"index, follow, max-snippet:-1, max-image-preview:large, max-video-preview:-1\" \/>\n<link rel=\"canonical\" href=\"https:\/\/flexhealth.eu\/fr\/contact\/\" \/>\n<meta property=\"og:locale\" content=\"fr_FR\" \/>\n<meta property=\"og:type\" content=\"article\" \/>\n<meta property=\"og:title\" content=\"Contact - FlexHealth\" \/>\n<meta property=\"og:description\" content=\"Neem contact op Contactgegevens FlexHealthMarijke Engelbrechtvoor PNI consulten en acupunctuur Prins Hendriklaan 7 1862 EK Bergen06 \u2013 4214 6821flexhealth@outlook.com Mogelijkheid tot het maken van afspraken in Amsterdam, Den Haag, Bergen en op locatie. Tevens online mogelijkheden. Eerste PNI en IL Centrum in Frankrijk: 235 Route de Creusaz, 74500 Bernex en online. Mobiel: +33745283714. Mail: flexhealth@outlook.com\" \/>\n<meta property=\"og:url\" content=\"https:\/\/flexhealth.eu\/fr\/contact\/\" \/>\n<meta property=\"og:site_name\" content=\"FlexHealth\" \/>\n<meta property=\"article:modified_time\" content=\"2025-05-18T14:49:58+00:00\" \/>\n<meta name=\"twitter:card\" content=\"summary_large_image\" \/>\n<meta name=\"twitter:label1\" content=\"Dur\u00e9e de lecture estim\u00e9e\" \/>\n\t<meta name=\"twitter:data1\" content=\"1 minute\" \/>\n<script type=\"application\/ld+json\" class=\"yoast-schema-graph\">{\"@context\":\"https:\\\/\\\/schema.org\",\"@graph\":[{\"@type\":\"WebPage\",\"@id\":\"https:\\\/\\\/flexhealth.eu\\\/en\\\/contact\\\/\",\"url\":\"https:\\\/\\\/flexhealth.eu\\\/en\\\/contact\\\/\",\"name\":\"Contact - FlexHealth\",\"isPartOf\":{\"@id\":\"https:\\\/\\\/flexhealth.eu\\\/en\\\/#website\"},\"datePublished\":\"2019-05-08T08:37:54+00:00\",\"dateModified\":\"2025-05-18T14:49:58+00:00\",\"breadcrumb\":{\"@id\":\"https:\\\/\\\/flexhealth.eu\\\/en\\\/contact\\\/#breadcrumb\"},\"inLanguage\":\"fr-FR\",\"potentialAction\":[{\"@type\":\"ReadAction\",\"target\":[\"https:\\\/\\\/flexhealth.eu\\\/en\\\/contact\\\/\"]}]},{\"@type\":\"BreadcrumbList\",\"@id\":\"https:\\\/\\\/flexhealth.eu\\\/en\\\/contact\\\/#breadcrumb\",\"itemListElement\":[{\"@type\":\"ListItem\",\"position\":1,\"name\":\"Home\",\"item\":\"https:\\\/\\\/flexhealth.eu\\\/\"},{\"@type\":\"ListItem\",\"position\":2,\"name\":\"Contact\"}]},{\"@type\":\"WebSite\",\"@id\":\"https:\\\/\\\/flexhealth.eu\\\/en\\\/#website\",\"url\":\"https:\\\/\\\/flexhealth.eu\\\/en\\\/\",\"name\":\"FlexHealth\",\"description\":\"FlexHealth\",\"publisher\":{\"@id\":\"https:\\\/\\\/flexhealth.eu\\\/en\\\/#organization\"},\"potentialAction\":[{\"@type\":\"SearchAction\",\"target\":{\"@type\":\"EntryPoint\",\"urlTemplate\":\"https:\\\/\\\/flexhealth.eu\\\/en\\\/?s={search_term_string}\"},\"query-input\":{\"@type\":\"PropertyValueSpecification\",\"valueRequired\":true,\"valueName\":\"search_term_string\"}}],\"inLanguage\":\"fr-FR\"},{\"@type\":\"Organization\",\"@id\":\"https:\\\/\\\/flexhealth.eu\\\/en\\\/#organization\",\"name\":\"FlexHealth\",\"url\":\"https:\\\/\\\/flexhealth.eu\\\/en\\\/\",\"logo\":{\"@type\":\"ImageObject\",\"inLanguage\":\"fr-FR\",\"@id\":\"https:\\\/\\\/flexhealth.eu\\\/en\\\/#\\\/schema\\\/logo\\\/image\\\/\",\"url\":\"https:\\\/\\\/flexhealth.eu\\\/wp-content\\\/uploads\\\/2025\\\/05\\\/FlexHealthLogo2.png\",\"contentUrl\":\"https:\\\/\\\/flexhealth.eu\\\/wp-content\\\/uploads\\\/2025\\\/05\\\/FlexHealthLogo2.png\",\"width\":1864,\"height\":250,\"caption\":\"FlexHealth\"},\"image\":{\"@id\":\"https:\\\/\\\/flexhealth.eu\\\/en\\\/#\\\/schema\\\/logo\\\/image\\\/\"}}]}<\/script>\n<!-- \/ Yoast SEO plugin. -->","yoast_head_json":{"title":"Contact - FlexHealth","robots":{"index":"index","follow":"follow","max-snippet":"max-snippet:-1","max-image-preview":"max-image-preview:large","max-video-preview":"max-video-preview:-1"},"canonical":"https:\/\/flexhealth.eu\/fr\/contact\/","og_locale":"fr_FR","og_type":"article","og_title":"Contact - FlexHealth","og_description":"Neem contact op Contactgegevens FlexHealthMarijke Engelbrechtvoor PNI consulten en acupunctuur Prins Hendriklaan 7 1862 EK Bergen06 \u2013 4214 6821flexhealth@outlook.com Mogelijkheid tot het maken van afspraken in Amsterdam, Den Haag, Bergen en op locatie. Tevens online mogelijkheden. Eerste PNI en IL Centrum in Frankrijk: 235 Route de Creusaz, 74500 Bernex en online. Mobiel: +33745283714. Mail: flexhealth@outlook.com","og_url":"https:\/\/flexhealth.eu\/fr\/contact\/","og_site_name":"FlexHealth","article_modified_time":"2025-05-18T14:49:58+00:00","twitter_card":"summary_large_image","twitter_misc":{"Dur\u00e9e de lecture estim\u00e9e":"1 minute"},"schema":{"@context":"https:\/\/schema.org","@graph":[{"@type":"WebPage","@id":"https:\/\/flexhealth.eu\/en\/contact\/","url":"https:\/\/flexhealth.eu\/en\/contact\/","name":"Contact - FlexHealth","isPartOf":{"@id":"https:\/\/flexhealth.eu\/en\/#website"},"datePublished":"2019-05-08T08:37:54+00:00","dateModified":"2025-05-18T14:49:58+00:00","breadcrumb":{"@id":"https:\/\/flexhealth.eu\/en\/contact\/#breadcrumb"},"inLanguage":"fr-FR","potentialAction":[{"@type":"ReadAction","target":["https:\/\/flexhealth.eu\/en\/contact\/"]}]},{"@type":"BreadcrumbList","@id":"https:\/\/flexhealth.eu\/en\/contact\/#breadcrumb","itemListElement":[{"@type":"ListItem","position":1,"name":"Home","item":"https:\/\/flexhealth.eu\/"},{"@type":"ListItem","position":2,"name":"Contact"}]},{"@type":"WebSite","@id":"https:\/\/flexhealth.eu\/en\/#website","url":"https:\/\/flexhealth.eu\/en\/","name":"FlexHealth","description":"FlexHealth","publisher":{"@id":"https:\/\/flexhealth.eu\/en\/#organization"},"potentialAction":[{"@type":"SearchAction","target":{"@type":"EntryPoint","urlTemplate":"https:\/\/flexhealth.eu\/en\/?s={search_term_string}"},"query-input":{"@type":"PropertyValueSpecification","valueRequired":true,"valueName":"search_term_string"}}],"inLanguage":"fr-FR"},{"@type":"Organization","@id":"https:\/\/flexhealth.eu\/en\/#organization","name":"FlexHealth","url":"https:\/\/flexhealth.eu\/en\/","logo":{"@type":"ImageObject","inLanguage":"fr-FR","@id":"https:\/\/flexhealth.eu\/en\/#\/schema\/logo\/image\/","url":"https:\/\/flexhealth.eu\/wp-content\/uploads\/2025\/05\/FlexHealthLogo2.png","contentUrl":"https:\/\/flexhealth.eu\/wp-content\/uploads\/2025\/05\/FlexHealthLogo2.png","width":1864,"height":250,"caption":"FlexHealth"},"image":{"@id":"https:\/\/flexhealth.eu\/en\/#\/schema\/logo\/image\/"}}]}},"_links":{"self":[{"href":"https:\/\/flexhealth.eu\/fr\/wp-json\/wp\/v2\/pages\/245","targetHints":{"allow":["GET"]}}],"collection":[{"href":"https:\/\/flexhealth.eu\/fr\/wp-json\/wp\/v2\/pages"}],"about":[{"href":"https:\/\/flexhealth.eu\/fr\/wp-json\/wp\/v2\/types\/page"}],"author":[{"embeddable":true,"href":"https:\/\/flexhealth.eu\/fr\/wp-json\/wp\/v2\/users\/1"}],"replies":[{"embeddable":true,"href":"https:\/\/flexhealth.eu\/fr\/wp-json\/wp\/v2\/comments?post=245"}],"version-history":[{"count":4,"href":"https:\/\/flexhealth.eu\/fr\/wp-json\/wp\/v2\/pages\/245\/revisions"}],"predecessor-version":[{"id":2932,"href":"https:\/\/flexhealth.eu\/fr\/wp-json\/wp\/v2\/pages\/245\/revisions\/2932"}],"wp:attachment":[{"href":"https:\/\/flexhealth.eu\/fr\/wp-json\/wp\/v2\/media?parent=245"}],"curies":[{"name":"wp","href":"https:\/\/api.w.org\/{rel}","templated":true}]}}