{"id":1988,"date":"2022-09-29T06:45:29","date_gmt":"2022-09-29T06:45:29","guid":{"rendered":"https:\/\/flexhealth.eu\/?page_id=1988"},"modified":"2025-05-18T14:23:30","modified_gmt":"2025-05-18T14:23:30","slug":"online-consulting","status":"publish","type":"page","link":"https:\/\/flexhealth.eu\/fr\/online-consulting\/","title":{"rendered":"Conseil en ligne"},"content":{"rendered":"<h2 class=\"wp-block-heading\">Flexhealth PNI @ votre porte.<\/h2>\n\n\n\n<p>Clinique de sant\u00e9 en ligne PsychoNeuroImmunologie. Pour des conseils de sant\u00e9 pr\u00e9ventifs, protecteurs et curatifs.<\/p>\n\n\n\n<p>Aujourd'hui \u00e9galement en ligne, parce que je veux inspirer et aider le plus grand nombre de personnes dans le monde \u00e0 am\u00e9liorer leur sant\u00e9 et leurs performances.<\/p>\n\n\n\n<p>Le PNI est une m\u00e9decine durable et moderne. Elle dispose d'une chaire \u00e0 l'universit\u00e9 de Salamanque, en Espagne. Elle est scientifiquement fond\u00e9e sur la psycho-neuro-immunologie, l'endocrinologie et la sociologie, tous les aspects de notre \u00eatre humain. Ces syst\u00e8mes en nous travaillent ensemble de mani\u00e8re tr\u00e8s intelligente pour nous maintenir en bonne sant\u00e9 le plus longtemps possible. Mais si un syst\u00e8me doit travailler plus dur \u00e0 cause d'un probl\u00e8me, les autres ont \u00e9galement des probl\u00e8mes et des sympt\u00f4mes apparaissent. Tout est une question d'\u00e9nergie.  Un sympt\u00f4me n'est jamais le vrai probl\u00e8me.<\/p>\n\n\n\n<p>Le r\u00e9tablissement de la distribution de l'\u00e9nergie est l'objectif num\u00e9ro un des patients atteints de maladies chroniques.<\/p>\n\n\n\n<p>Pour gu\u00e9rir d'une maladie aigu\u00eb ou chronique, il faut vouloir faire plus que s'attaquer aux sympt\u00f4mes, cela n\u00e9cessite des connaissances et des comp\u00e9tences afin de pouvoir r\u00e9soudre la cause de votre maladie. Je vous aide et vous guide vers une gu\u00e9rison optimale gr\u00e2ce \u00e0 des explications et des conseils personnalis\u00e9s. Vous n'avez pas \u00e0 parcourir le chemin seul.<\/p>\n\n\n\n<p>\u00cates-vous curieux de savoir comment r\u00e9soudre les syndromes m\u00e9taboliques tels que l'ob\u00e9sit\u00e9, le diab\u00e8te T2, les maladies cardiaques, les maladies auto-immunes, le cancer, etc. \u00e0 la racine ?<\/p>\n\n\n\n<p>Ou souhaitez-vous savoir pourquoi vous avez, par exemple, des probl\u00e8mes digestifs, des douleurs, des blessures, un \u00e9puisement professionnel, des probl\u00e8mes pulmonaires, des troubles hormonaux, une maladie de Lyme ou une maladie pulmonaire ?<\/p>\n\n\n\n<p>Remplissez le formulaire ci-dessous afin que je puisse vous contacter et voir si nous pouvons travailler ensemble en ligne ou dans l'un de mes cabinets Amsterdam, La Haye, Schoorl ou en France en Haute-Savoie.<\/p>\n\n\n\n<p>Soyez en forme, soyez en forme, restez en forme avec la m\u00e9decine compl\u00e8te de PNI.<\/p>","protected":false},"excerpt":{"rendered":"<p>Flexhealth PNI @ your doorstep. PsychoNeuroImmunology online Health Clinic. Voor preventieve, beschermende en curatieve gezondheidsadviezen. Vandaag de dag ook online, omdat ik zoveel mogelijk mensen over de hele wereld wil inspireren en helpen met hun gezondheid en prestaties. PNI is duurzame en moderne geneeskunde. Het heeft een leerstoel aan de Universiteit van Salamanca, Spanje. Het&#8230;<\/p>","protected":false},"author":1,"featured_media":2922,"parent":0,"menu_order":0,"comment_status":"closed","ping_status":"closed","template":"","meta":{"_kadence_starter_templates_imported_post":false,"_kad_post_transparent":"","_kad_post_title":"","_kad_post_layout":"","_kad_post_sidebar_id":"","_kad_post_content_style":"","_kad_post_vertical_padding":"","_kad_post_feature":"","_kad_post_feature_position":"","_kad_post_header":false,"_kad_post_footer":false,"_kad_post_classname":"","footnotes":""},"class_list":["post-1988","page","type-page","status-publish","has-post-thumbnail","hentry"],"yoast_head":"<!-- This site is optimized with the Yoast SEO plugin v27.3 - https:\/\/yoast.com\/product\/yoast-seo-wordpress\/ -->\n<title>Online consulting - FlexHealth<\/title>\n<meta name=\"robots\" content=\"index, follow, max-snippet:-1, max-image-preview:large, max-video-preview:-1\" \/>\n<link rel=\"canonical\" href=\"https:\/\/flexhealth.eu\/fr\/online-consulting\/\" \/>\n<meta property=\"og:locale\" content=\"fr_FR\" \/>\n<meta property=\"og:type\" content=\"article\" \/>\n<meta property=\"og:title\" content=\"Online consulting - FlexHealth\" \/>\n<meta property=\"og:description\" content=\"Flexhealth PNI @ your doorstep. PsychoNeuroImmunology online Health Clinic. Voor preventieve, beschermende en curatieve gezondheidsadviezen. Vandaag de dag ook online, omdat ik zoveel mogelijk mensen over de hele wereld wil inspireren en helpen met hun gezondheid en prestaties. PNI is duurzame en moderne geneeskunde. Het heeft een leerstoel aan de Universiteit van Salamanca, Spanje. Het...\" \/>\n<meta property=\"og:url\" content=\"https:\/\/flexhealth.eu\/fr\/online-consulting\/\" \/>\n<meta property=\"og:site_name\" content=\"FlexHealth\" \/>\n<meta property=\"article:modified_time\" content=\"2025-05-18T14:23:30+00:00\" \/>\n<meta property=\"og:image\" content=\"https:\/\/flexhealth.eu\/wp-content\/uploads\/2025\/05\/online-consulting-header-1.jpg\" \/>\n\t<meta property=\"og:image:width\" content=\"1200\" \/>\n\t<meta property=\"og:image:height\" content=\"600\" \/>\n\t<meta property=\"og:image:type\" content=\"image\/jpeg\" \/>\n<meta name=\"twitter:card\" content=\"summary_large_image\" \/>\n<meta name=\"twitter:label1\" content=\"Dur\u00e9e de lecture estim\u00e9e\" \/>\n\t<meta name=\"twitter:data1\" content=\"2 minutes\" \/>\n<script type=\"application\/ld+json\" class=\"yoast-schema-graph\">{\"@context\":\"https:\\\/\\\/schema.org\",\"@graph\":[{\"@type\":\"WebPage\",\"@id\":\"https:\\\/\\\/flexhealth.eu\\\/fr\\\/online-consulting\\\/\",\"url\":\"https:\\\/\\\/flexhealth.eu\\\/fr\\\/online-consulting\\\/\",\"name\":\"Online consulting - FlexHealth\",\"isPartOf\":{\"@id\":\"https:\\\/\\\/flexhealth.eu\\\/en\\\/#website\"},\"primaryImageOfPage\":{\"@id\":\"https:\\\/\\\/flexhealth.eu\\\/fr\\\/online-consulting\\\/#primaryimage\"},\"image\":{\"@id\":\"https:\\\/\\\/flexhealth.eu\\\/fr\\\/online-consulting\\\/#primaryimage\"},\"thumbnailUrl\":\"https:\\\/\\\/flexhealth.eu\\\/wp-content\\\/uploads\\\/2025\\\/05\\\/online-consulting-header-1.jpg\",\"datePublished\":\"2022-09-29T06:45:29+00:00\",\"dateModified\":\"2025-05-18T14:23:30+00:00\",\"breadcrumb\":{\"@id\":\"https:\\\/\\\/flexhealth.eu\\\/fr\\\/online-consulting\\\/#breadcrumb\"},\"inLanguage\":\"fr-FR\",\"potentialAction\":[{\"@type\":\"ReadAction\",\"target\":[\"https:\\\/\\\/flexhealth.eu\\\/fr\\\/online-consulting\\\/\"]}]},{\"@type\":\"ImageObject\",\"inLanguage\":\"fr-FR\",\"@id\":\"https:\\\/\\\/flexhealth.eu\\\/fr\\\/online-consulting\\\/#primaryimage\",\"url\":\"https:\\\/\\\/flexhealth.eu\\\/wp-content\\\/uploads\\\/2025\\\/05\\\/online-consulting-header-1.jpg\",\"contentUrl\":\"https:\\\/\\\/flexhealth.eu\\\/wp-content\\\/uploads\\\/2025\\\/05\\\/online-consulting-header-1.jpg\",\"width\":1200,\"height\":600},{\"@type\":\"BreadcrumbList\",\"@id\":\"https:\\\/\\\/flexhealth.eu\\\/fr\\\/online-consulting\\\/#breadcrumb\",\"itemListElement\":[{\"@type\":\"ListItem\",\"position\":1,\"name\":\"Home\",\"item\":\"https:\\\/\\\/flexhealth.eu\\\/\"},{\"@type\":\"ListItem\",\"position\":2,\"name\":\"Online consulting\"}]},{\"@type\":\"WebSite\",\"@id\":\"https:\\\/\\\/flexhealth.eu\\\/en\\\/#website\",\"url\":\"https:\\\/\\\/flexhealth.eu\\\/en\\\/\",\"name\":\"FlexHealth\",\"description\":\"FlexHealth\",\"publisher\":{\"@id\":\"https:\\\/\\\/flexhealth.eu\\\/en\\\/#organization\"},\"potentialAction\":[{\"@type\":\"SearchAction\",\"target\":{\"@type\":\"EntryPoint\",\"urlTemplate\":\"https:\\\/\\\/flexhealth.eu\\\/en\\\/?s={search_term_string}\"},\"query-input\":{\"@type\":\"PropertyValueSpecification\",\"valueRequired\":true,\"valueName\":\"search_term_string\"}}],\"inLanguage\":\"fr-FR\"},{\"@type\":\"Organization\",\"@id\":\"https:\\\/\\\/flexhealth.eu\\\/en\\\/#organization\",\"name\":\"FlexHealth\",\"url\":\"https:\\\/\\\/flexhealth.eu\\\/en\\\/\",\"logo\":{\"@type\":\"ImageObject\",\"inLanguage\":\"fr-FR\",\"@id\":\"https:\\\/\\\/flexhealth.eu\\\/en\\\/#\\\/schema\\\/logo\\\/image\\\/\",\"url\":\"https:\\\/\\\/flexhealth.eu\\\/wp-content\\\/uploads\\\/2025\\\/05\\\/FlexHealthLogo2.png\",\"contentUrl\":\"https:\\\/\\\/flexhealth.eu\\\/wp-content\\\/uploads\\\/2025\\\/05\\\/FlexHealthLogo2.png\",\"width\":1864,\"height\":250,\"caption\":\"FlexHealth\"},\"image\":{\"@id\":\"https:\\\/\\\/flexhealth.eu\\\/en\\\/#\\\/schema\\\/logo\\\/image\\\/\"}}]}<\/script>\n<!-- \/ Yoast SEO plugin. -->","yoast_head_json":{"title":"Online consulting - FlexHealth","robots":{"index":"index","follow":"follow","max-snippet":"max-snippet:-1","max-image-preview":"max-image-preview:large","max-video-preview":"max-video-preview:-1"},"canonical":"https:\/\/flexhealth.eu\/fr\/online-consulting\/","og_locale":"fr_FR","og_type":"article","og_title":"Online consulting - FlexHealth","og_description":"Flexhealth PNI @ your doorstep. PsychoNeuroImmunology online Health Clinic. Voor preventieve, beschermende en curatieve gezondheidsadviezen. Vandaag de dag ook online, omdat ik zoveel mogelijk mensen over de hele wereld wil inspireren en helpen met hun gezondheid en prestaties. PNI is duurzame en moderne geneeskunde. Het heeft een leerstoel aan de Universiteit van Salamanca, Spanje. Het...","og_url":"https:\/\/flexhealth.eu\/fr\/online-consulting\/","og_site_name":"FlexHealth","article_modified_time":"2025-05-18T14:23:30+00:00","og_image":[{"width":1200,"height":600,"url":"https:\/\/flexhealth.eu\/wp-content\/uploads\/2025\/05\/online-consulting-header-1.jpg","type":"image\/jpeg"}],"twitter_card":"summary_large_image","twitter_misc":{"Dur\u00e9e de lecture estim\u00e9e":"2 minutes"},"schema":{"@context":"https:\/\/schema.org","@graph":[{"@type":"WebPage","@id":"https:\/\/flexhealth.eu\/fr\/online-consulting\/","url":"https:\/\/flexhealth.eu\/fr\/online-consulting\/","name":"Online consulting - FlexHealth","isPartOf":{"@id":"https:\/\/flexhealth.eu\/en\/#website"},"primaryImageOfPage":{"@id":"https:\/\/flexhealth.eu\/fr\/online-consulting\/#primaryimage"},"image":{"@id":"https:\/\/flexhealth.eu\/fr\/online-consulting\/#primaryimage"},"thumbnailUrl":"https:\/\/flexhealth.eu\/wp-content\/uploads\/2025\/05\/online-consulting-header-1.jpg","datePublished":"2022-09-29T06:45:29+00:00","dateModified":"2025-05-18T14:23:30+00:00","breadcrumb":{"@id":"https:\/\/flexhealth.eu\/fr\/online-consulting\/#breadcrumb"},"inLanguage":"fr-FR","potentialAction":[{"@type":"ReadAction","target":["https:\/\/flexhealth.eu\/fr\/online-consulting\/"]}]},{"@type":"ImageObject","inLanguage":"fr-FR","@id":"https:\/\/flexhealth.eu\/fr\/online-consulting\/#primaryimage","url":"https:\/\/flexhealth.eu\/wp-content\/uploads\/2025\/05\/online-consulting-header-1.jpg","contentUrl":"https:\/\/flexhealth.eu\/wp-content\/uploads\/2025\/05\/online-consulting-header-1.jpg","width":1200,"height":600},{"@type":"BreadcrumbList","@id":"https:\/\/flexhealth.eu\/fr\/online-consulting\/#breadcrumb","itemListElement":[{"@type":"ListItem","position":1,"name":"Home","item":"https:\/\/flexhealth.eu\/"},{"@type":"ListItem","position":2,"name":"Online consulting"}]},{"@type":"WebSite","@id":"https:\/\/flexhealth.eu\/en\/#website","url":"https:\/\/flexhealth.eu\/en\/","name":"FlexHealth","description":"FlexHealth","publisher":{"@id":"https:\/\/flexhealth.eu\/en\/#organization"},"potentialAction":[{"@type":"SearchAction","target":{"@type":"EntryPoint","urlTemplate":"https:\/\/flexhealth.eu\/en\/?s={search_term_string}"},"query-input":{"@type":"PropertyValueSpecification","valueRequired":true,"valueName":"search_term_string"}}],"inLanguage":"fr-FR"},{"@type":"Organization","@id":"https:\/\/flexhealth.eu\/en\/#organization","name":"FlexHealth","url":"https:\/\/flexhealth.eu\/en\/","logo":{"@type":"ImageObject","inLanguage":"fr-FR","@id":"https:\/\/flexhealth.eu\/en\/#\/schema\/logo\/image\/","url":"https:\/\/flexhealth.eu\/wp-content\/uploads\/2025\/05\/FlexHealthLogo2.png","contentUrl":"https:\/\/flexhealth.eu\/wp-content\/uploads\/2025\/05\/FlexHealthLogo2.png","width":1864,"height":250,"caption":"FlexHealth"},"image":{"@id":"https:\/\/flexhealth.eu\/en\/#\/schema\/logo\/image\/"}}]}},"_links":{"self":[{"href":"https:\/\/flexhealth.eu\/fr\/wp-json\/wp\/v2\/pages\/1988","targetHints":{"allow":["GET"]}}],"collection":[{"href":"https:\/\/flexhealth.eu\/fr\/wp-json\/wp\/v2\/pages"}],"about":[{"href":"https:\/\/flexhealth.eu\/fr\/wp-json\/wp\/v2\/types\/page"}],"author":[{"embeddable":true,"href":"https:\/\/flexhealth.eu\/fr\/wp-json\/wp\/v2\/users\/1"}],"replies":[{"embeddable":true,"href":"https:\/\/flexhealth.eu\/fr\/wp-json\/wp\/v2\/comments?post=1988"}],"version-history":[{"count":1,"href":"https:\/\/flexhealth.eu\/fr\/wp-json\/wp\/v2\/pages\/1988\/revisions"}],"predecessor-version":[{"id":2307,"href":"https:\/\/flexhealth.eu\/fr\/wp-json\/wp\/v2\/pages\/1988\/revisions\/2307"}],"wp:featuredmedia":[{"embeddable":true,"href":"https:\/\/flexhealth.eu\/fr\/wp-json\/wp\/v2\/media\/2922"}],"wp:attachment":[{"href":"https:\/\/flexhealth.eu\/fr\/wp-json\/wp\/v2\/media?parent=1988"}],"curies":[{"name":"wp","href":"https:\/\/api.w.org\/{rel}","templated":true}]}}