{"id":17,"date":"2019-05-08T08:38:37","date_gmt":"2019-05-08T08:38:37","guid":{"rendered":"https:\/\/flexhealth.eu\/?page_id=17"},"modified":"2025-05-18T15:24:18","modified_gmt":"2025-05-18T15:24:18","slug":"jouw-gezondheid","status":"publish","type":"page","link":"https:\/\/flexhealth.eu\/fr\/jouw-gezondheid\/","title":{"rendered":"Votre Sant\u00e9"},"content":{"rendered":"<!-- fwrsw_print_responsive_full_width_slider_wp_func --><div class='o-sliderContainer hasShadow pbSliderWrap1' id=\"pbSliderWrapfwrsw_69db5e7e6da33\" style=\"margin-top:0;\">\n        <div class='o-slider' id='pbSliderfwrsw_69db5e7e6da33'>\n                     \n                                     <div class=\"o-slider--item\" data-image=\"https:\/\/flexhealth.eu\/wp-content\/uploads\/full-width-responsive-slider-wp\/activity-adults-athletes-1855269-scaled6829bf47bafcd.jpg\">\n                                        <div class=\"o-slider-textWrap\">\n                                            \n                                             <span class=\"o-slider-title\">activity-adults-athletes-1855269<\/span>\n                                             <span class=\"a-divider\"><\/span>\n                                             \n                                          \n                                             \n                                        <\/div>\n                                      <\/div>\n\n                                             \n                                     <div class=\"o-slider--item\" data-image=\"https:\/\/flexhealth.eu\/wp-content\/uploads\/full-width-responsive-slider-wp\/back-view-balancing-casual-373946-scaled6829bf47bb5a0.jpg\">\n                                        <div class=\"o-slider-textWrap\">\n                                            \n                                             <span class=\"o-slider-title\">back-view-balancing-casual-373946<\/span>\n                                             <span class=\"a-divider\"><\/span>\n                                             \n                                          \n                                             \n                                        <\/div>\n                                      <\/div>\n\n                                             \n                                     <div class=\"o-slider--item\" data-image=\"https:\/\/flexhealth.eu\/wp-content\/uploads\/full-width-responsive-slider-wp\/adult-beautiful-cute-1153368-e16026744018116829bf47bbc00.jpg\">\n                                        <div class=\"o-slider-textWrap\">\n                                            \n                                             <span class=\"o-slider-title\">adult-beautiful-cute-1153368<\/span>\n                                             <span class=\"a-divider\"><\/span>\n                                             \n                                          \n                                             \n                                        <\/div>\n                                      <\/div>\n\n                                             \n                                     <div class=\"o-slider--item\" data-image=\"https:\/\/flexhealth.eu\/wp-content\/uploads\/full-width-responsive-slider-wp\/adult-anniversary-care-1449049-scaled6829bf47bc8b4.jpg\">\n                                        <div class=\"o-slider-textWrap\">\n                                            \n                                             <span class=\"o-slider-title\">adult-anniversary-care-1449049<\/span>\n                                             <span class=\"a-divider\"><\/span>\n                                             \n                                          \n                                             \n                                        <\/div>\n                                      <\/div>\n\n                                      \n\n                       \n        <\/div>\n    <\/div>\n         <script type=\"text\/javascript\">\n\n     document.addEventListener(\"DOMContentLoaded\", function() { \n\n              \n                 \n                 \n               jQuery('#pbSliderfwrsw_69db5e7e6da33').pbTouchSlider({\n                    slider_Wrap: '#pbSliderWrapfwrsw_69db5e7e6da33',\n                    auto_slide:true,\n                    auto_slide_interval:20000,\n                    slider_Item_Width : 100,\n                    slider_Threshold: 25,\n                    slider_Speed:9000,\n                    slider_Ease:'ease-out',\n                    slider_Drag : true,\n                    slider_Arrows: {\n                      enabled : true                    },\n                    slider_Dots: {\n                      class :'.o-slider-pagination',\n                      enabled : false,\n                      preview : false                    },\n                    slider_Breakpoints: {\n                        default: {\n                            height: 500                        },\n                        tablet: {\n                            height: 400,\n                            media: 1024\n                        },\n                        smartphone: {\n                            height: 300,\n                            media: 768\n                        }\n                    }\n                  });  \n\n\n        });\n\n\n    <\/script><!-- end fwrsw_print_responsive_full_width_slider_wp_func -->\n\n\n\n<h2 class=\"wp-block-heading\">Votre Sant\u00e9<\/h2>\n\n\n\n<p>Vieillir en bonne sant\u00e9 et en pleine forme... qui n'en a pas envie ? Heureusement, c'est \u00e0 port\u00e9e de main. Pour vous aussi. Vous voulez \u00eatre en bonne sant\u00e9 de mani\u00e8re optimale ? FlexHealth est heureux de vous aider.<\/p>\n\n\n\n<div class=\"wp-block-columns is-layout-flex wp-container-core-columns-is-layout-9d6595d7 wp-block-columns-is-layout-flex\">\n<div class=\"wp-block-column is-layout-flow wp-block-column-is-layout-flow\">\n<figure class=\"wp-block-image size-large\"><img loading=\"lazy\" decoding=\"async\" width=\"1024\" height=\"512\" src=\"https:\/\/flexhealth.eu\/wp-content\/uploads\/2025\/05\/header-eenopeen-1024x512.jpg\" alt=\"\" class=\"wp-image-2820\" srcset=\"https:\/\/flexhealth.eu\/wp-content\/uploads\/2025\/05\/header-eenopeen-1024x512.jpg 1024w, https:\/\/flexhealth.eu\/wp-content\/uploads\/2025\/05\/header-eenopeen-300x150.jpg 300w, https:\/\/flexhealth.eu\/wp-content\/uploads\/2025\/05\/header-eenopeen-768x384.jpg 768w, https:\/\/flexhealth.eu\/wp-content\/uploads\/2025\/05\/header-eenopeen-18x9.jpg 18w, https:\/\/flexhealth.eu\/wp-content\/uploads\/2025\/05\/header-eenopeen.jpg 1200w\" sizes=\"auto, (max-width: 1024px) 100vw, 1024px\" \/><\/figure>\n\n\n\n<h2 class=\"wp-block-heading\">Consultations individuelles<\/h2>\n\n\n\n<p>Vous ne pouvez r\u00e9soudre vos probl\u00e8mes que si vous en connaissez la cause. C'est pourquoi, lors de notre premier entretien, nous \u00e9tablissons une chronologie de vos exp\u00e9riences de vie et de vos sympt\u00f4mes. Quand et comment les sympt\u00f4mes sont-ils apparus ? Et surtout, pourquoi sont-ils apparus ?<\/p>\n\n\n\n<p><a href=\"\/fr\/jouw-gezondheid\/een-op-een\/\">Lire la suite\u00a0<\/a><\/p>\n<\/div>\n\n\n\n<div class=\"wp-block-column is-layout-flow wp-block-column-is-layout-flow\">\n<figure class=\"wp-block-image size-full\"><img loading=\"lazy\" decoding=\"async\" width=\"1200\" height=\"600\" src=\"https:\/\/flexhealth.eu\/wp-content\/uploads\/2025\/05\/header-leefstijl.jpg\" alt=\"\" class=\"wp-image-2821\"\/><\/figure>\n\n\n\n<h2 class=\"wp-block-heading\">M\u00e9decine fonctionnelle et kPNI<\/h2>\n\n\n\n<p>De nombreuses personnes ressentent quotidiennement des douleurs physiques et mentales qui ne veulent pas dispara\u00eetre. Traditionnellement, ils se penchent sur la plainte et toutes les personnes souffrant de la m\u00eame chose re\u00e7oivent le m\u00eame traitement.<\/p>\n\n\n\n<p><a href=\"\/fr\/jouw-gezondheid\/een-op-een\/\">Lire la suite\u00a0<\/a><\/p>\n<\/div>\n\n\n\n<div class=\"wp-block-column is-layout-flow wp-block-column-is-layout-flow\">\n<figure class=\"wp-block-image size-large\"><img loading=\"lazy\" decoding=\"async\" width=\"1024\" height=\"512\" src=\"https:\/\/flexhealth.eu\/wp-content\/uploads\/2019\/05\/header-flexhealth-8-1024x512.jpg\" alt=\"\" class=\"wp-image-146\" srcset=\"https:\/\/flexhealth.eu\/wp-content\/uploads\/2019\/05\/header-flexhealth-8-1024x512.jpg 1024w, https:\/\/flexhealth.eu\/wp-content\/uploads\/2019\/05\/header-flexhealth-8-300x150.jpg 300w, https:\/\/flexhealth.eu\/wp-content\/uploads\/2019\/05\/header-flexhealth-8-768x384.jpg 768w, https:\/\/flexhealth.eu\/wp-content\/uploads\/2019\/05\/header-flexhealth-8-18x9.jpg 18w, https:\/\/flexhealth.eu\/wp-content\/uploads\/2019\/05\/header-flexhealth-8.jpg 1200w\" sizes=\"auto, (max-width: 1024px) 100vw, 1024px\" \/><\/figure>\n\n\n\n<h2 class=\"wp-block-heading\">Qu'est-ce que la sant\u00e9 ?<\/h2>\n\n\n\n<p>La flexibilit\u00e9 et la sant\u00e9 vont de pair. Plus vous \u00eates souple, plus vous \u00eates r\u00e9sistant et donc en meilleure sant\u00e9. Physiquement et mentalement.<\/p>\n\n\n\n<p><a href=\"\/fr\/jouw-gezondheid\/wat-is-gezondheid\/\">Lire la suite\u00a0<\/a><\/p>\n<\/div>\n<\/div>\n\n\n\n<div class=\"wp-block-columns is-layout-flex wp-container-core-columns-is-layout-9d6595d7 wp-block-columns-is-layout-flex\">\n<div class=\"wp-block-column is-layout-flow wp-block-column-is-layout-flow\"><\/div>\n\n\n\n<div class=\"wp-block-column is-layout-flow wp-block-column-is-layout-flow\"><\/div>\n\n\n\n<div class=\"wp-block-column is-layout-flow wp-block-column-is-layout-flow\"><\/div>\n<\/div>\n\n\n\n<div class=\"wp-block-columns is-layout-flex wp-container-core-columns-is-layout-9d6595d7 wp-block-columns-is-layout-flex\">\n<div class=\"wp-block-column is-layout-flow wp-block-column-is-layout-flow\">\n<figure class=\"wp-block-image size-full\"><img loading=\"lazy\" decoding=\"async\" width=\"768\" height=\"384\" src=\"https:\/\/flexhealth.eu\/wp-content\/uploads\/2025\/05\/header-kpni-768x384-1.jpg\" alt=\"\" class=\"wp-image-2823\"\/><\/figure>\n\n\n\n<h2 class=\"wp-block-heading\">Mode de vie<\/h2>\n\n\n\n<p>Nos conseils en mati\u00e8re de mode de vie se fondent sur le kPNI, qui signifie psychologie clinique, neurologie et immunologie. Il s'agit d'une nouvelle discipline scientifique qui regroupe la psychologie, la sociologie, la neurologie, l'endocrinologie et l'immunologie.<\/p>\n\n\n\n<p><a href=\"\/fr\/jouw-gezondheid\/leefstijl\/\">Lire la suite\u00a0<\/a><\/p>\n<\/div>\n\n\n\n<div class=\"wp-block-column is-layout-flow wp-block-column-is-layout-flow\">\n<figure class=\"wp-block-image size-full\"><img loading=\"lazy\" decoding=\"async\" width=\"768\" height=\"384\" src=\"https:\/\/flexhealth.eu\/wp-content\/uploads\/2025\/05\/header-flexhealth-4-768x384-1.jpg\" alt=\"\" class=\"wp-image-2824\"\/><\/figure>\n\n\n\n<h2 class=\"wp-block-heading\">Exercice et sant\u00e9<\/h2>\n\n\n\n<p>La position assise est la nouvelle forme de tabagisme ! Nous sommes tous trop souvent assis et c'est mauvais pour nous. Heureusement, la solution est plus simple que de se d\u00e9barrasser d'une d\u00e9pendance au tabac.<\/p>\n\n\n\n<p><a href=\"\/fr\/jouw-gezondheid\/bewegen-en-gezondheid\/\">Lire la suite\u00a0<\/a><\/p>\n<\/div>\n\n\n\n<div class=\"wp-block-column is-layout-flow wp-block-column-is-layout-flow\">\n<figure class=\"wp-block-image size-full\"><img loading=\"lazy\" decoding=\"async\" width=\"768\" height=\"384\" src=\"https:\/\/flexhealth.eu\/wp-content\/uploads\/2025\/05\/headerbg-8-768x384-1.jpg\" alt=\"\" class=\"wp-image-2825\"\/><\/figure>\n\n\n\n<h2 class=\"wp-block-heading\">Nutrition et sant\u00e9<\/h2>\n\n\n\n<p>La nutrition a un impact majeur sur notre sant\u00e9. Une mauvaise alimentation est \u00e0 l'origine de nombreuses maladies. \u00c0 l'inverse, et heureusement, il en va de m\u00eame : nous pouvons utiliser la nutrition pour pr\u00e9venir les maladies et gu\u00e9rir.<a href=\"\/fr\/jouw-gezondheid\/voeding-en-gezondheid\/\">Lire la suite<\/a><\/p>\n<\/div>\n<\/div>\n\n\n\n<div class=\"wp-block-columns is-layout-flex wp-container-core-columns-is-layout-9d6595d7 wp-block-columns-is-layout-flex\">\n<div class=\"wp-block-column is-layout-flow wp-block-column-is-layout-flow\">\n<figure class=\"wp-block-image size-large\"><img loading=\"lazy\" decoding=\"async\" width=\"1024\" height=\"512\" src=\"https:\/\/flexhealth.eu\/wp-content\/uploads\/2025\/05\/header-flexhealth-5-1024x512.jpg\" alt=\"\" class=\"wp-image-2833\" srcset=\"https:\/\/flexhealth.eu\/wp-content\/uploads\/2025\/05\/header-flexhealth-5-1024x512.jpg 1024w, https:\/\/flexhealth.eu\/wp-content\/uploads\/2025\/05\/header-flexhealth-5-300x150.jpg 300w, https:\/\/flexhealth.eu\/wp-content\/uploads\/2025\/05\/header-flexhealth-5-768x384.jpg 768w, https:\/\/flexhealth.eu\/wp-content\/uploads\/2025\/05\/header-flexhealth-5-18x9.jpg 18w, https:\/\/flexhealth.eu\/wp-content\/uploads\/2025\/05\/header-flexhealth-5.jpg 1200w\" sizes=\"auto, (max-width: 1024px) 100vw, 1024px\" \/><\/figure>\n\n\n\n<h2 class=\"wp-block-heading\">Gestion du stress et sant\u00e9<\/h2>\n\n\n\n<p>Nous vivons \u00e0 une \u00e9poque o\u00f9 tout va tr\u00e8s vite. On attend de nous que nous soyons efficaces et productifs \u00e0 tout moment. En d'autres termes, nous sommes constamment sous pression, tant physiquement que mentalement.<\/p>\n\n\n\n<p><a href=\"\/fr\/jouw-gezondheid\/stressmanagement-en-gezondheid\/\">Lire la suite\u00a0<\/a><\/p>\n<\/div>\n\n\n\n<div class=\"wp-block-column is-layout-flow wp-block-column-is-layout-flow\">\n<figure class=\"wp-block-image size-full\"><img loading=\"lazy\" decoding=\"async\" width=\"768\" height=\"384\" src=\"https:\/\/flexhealth.eu\/wp-content\/uploads\/2025\/05\/header-flexhealth-3-768x384-1.jpg\" alt=\"\" class=\"wp-image-2834\"\/><\/figure>\n\n\n\n<h2 class=\"wp-block-heading\">Coaching<\/h2>\n\n\n\n<p>FlexHealth aide les groupes et les individus \u00e0 atteindre les objectifs qu'ils se sont fix\u00e9s dans leur propre force. Pour ce faire, nous utilisons des comp\u00e9tences et des techniques psychologiques, spirituelles et de communication.<\/p>\n\n\n\n<p><a href=\"\/fr\/jouw-gezondheid\/coaching\/\">Lire la suite\u00a0<\/a><\/p>\n<\/div>\n\n\n\n<div class=\"wp-block-column is-layout-flow wp-block-column-is-layout-flow\">\n<figure class=\"wp-block-image size-full\"><img loading=\"lazy\" decoding=\"async\" width=\"768\" height=\"384\" src=\"https:\/\/flexhealth.eu\/wp-content\/uploads\/2025\/05\/acupunctuur-header-768x384-1.jpg\" alt=\"\" class=\"wp-image-2832\" srcset=\"https:\/\/flexhealth.eu\/wp-content\/uploads\/2025\/05\/acupunctuur-header-768x384-1.jpg 768w, https:\/\/flexhealth.eu\/wp-content\/uploads\/2025\/05\/acupunctuur-header-768x384-1-300x150.jpg 300w, https:\/\/flexhealth.eu\/wp-content\/uploads\/2025\/05\/acupunctuur-header-768x384-1-18x9.jpg 18w\" sizes=\"auto, (max-width: 768px) 100vw, 768px\" \/><\/figure>\n\n\n\n<h2 class=\"wp-block-heading\">Acupuncture<\/h2>\n\n\n\n<p>L'acupuncture est le traitement de sant\u00e9 alternatif le plus traditionnel et le plus courant au monde. Elle fait partie de la m\u00e9decine traditionnelle chinoise.<\/p>\n\n\n\n<p><a href=\"\/fr\/jouw-gezondheid\/acupunctuur\/\">Lire la suite\u00a0<\/a><\/p>\n<\/div>\n<\/div>\n\n\n\n<div class=\"wp-block-columns is-layout-flex wp-container-core-columns-is-layout-9d6595d7 wp-block-columns-is-layout-flex\">\n<div class=\"wp-block-column is-layout-flow wp-block-column-is-layout-flow\">\n<figure class=\"wp-block-image size-full\"><img loading=\"lazy\" decoding=\"async\" width=\"768\" height=\"384\" src=\"https:\/\/flexhealth.eu\/wp-content\/uploads\/2025\/05\/referenties-header-768x384-1.jpg\" alt=\"\" class=\"wp-image-2835\" srcset=\"https:\/\/flexhealth.eu\/wp-content\/uploads\/2025\/05\/referenties-header-768x384-1.jpg 768w, https:\/\/flexhealth.eu\/wp-content\/uploads\/2025\/05\/referenties-header-768x384-1-300x150.jpg 300w, https:\/\/flexhealth.eu\/wp-content\/uploads\/2025\/05\/referenties-header-768x384-1-18x9.jpg 18w\" sizes=\"auto, (max-width: 768px) 100vw, 768px\" \/><\/figure>\n\n\n\n<h2 class=\"wp-block-heading\">R\u00e9f\u00e9rences<\/h2>\n\n\n\n<p><a href=\"\/fr\/jouw-gezondheid\/referenties\/\">Lire la suite<\/a><\/p>\n<\/div>\n\n\n\n<div class=\"wp-block-column is-layout-flow wp-block-column-is-layout-flow\">\n<figure class=\"wp-block-image size-full\"><img loading=\"lazy\" decoding=\"async\" width=\"768\" height=\"384\" src=\"https:\/\/flexhealth.eu\/wp-content\/uploads\/2025\/05\/partners-768x384-1.jpg\" alt=\"\" class=\"wp-image-2836\"\/><\/figure>\n\n\n\n<h2 class=\"wp-block-heading\">Coop\u00e9ration \/ Partenaires<\/h2>\n\n\n\n<p><a href=\"\/fr\/jouw-gezondheid\/partners\/\">Lire la suite<\/a><\/p>\n<\/div>\n\n\n\n<div class=\"wp-block-column is-layout-flow wp-block-column-is-layout-flow\"><\/div>\n<\/div>\n\n\n\n<p><\/p>","protected":false},"excerpt":{"rendered":"<p>Jouw gezondheid Gezond en fit oud worden&#8230; wie wil dat nou niet? Gelukkig ligt dit binnen handbereik. Ook voor jou. Wil jij optimaal gezond worden? FlexHealth helpt je graag. Een op een Je kunt pas werken aan een oplossing voor jouw klachten als je weet wat de oorzaak is. Daarom maken we in ons eerste&#8230;<\/p>","protected":false},"author":1,"featured_media":0,"parent":0,"menu_order":0,"comment_status":"closed","ping_status":"closed","template":"","meta":{"_kadence_starter_templates_imported_post":false,"_kad_post_transparent":"disable","_kad_post_title":"hide","_kad_post_layout":"","_kad_post_sidebar_id":"","_kad_post_content_style":"","_kad_post_vertical_padding":"","_kad_post_feature":"","_kad_post_feature_position":"","_kad_post_header":false,"_kad_post_footer":false,"_kad_post_classname":"","footnotes":""},"class_list":["post-17","page","type-page","status-publish","hentry"],"yoast_head":"<!-- This site is optimized with the Yoast SEO plugin v27.3 - https:\/\/yoast.com\/product\/yoast-seo-wordpress\/ -->\n<title>Jouw Gezondheid - FlexHealth<\/title>\n<meta name=\"robots\" content=\"index, follow, max-snippet:-1, max-image-preview:large, max-video-preview:-1\" \/>\n<link rel=\"canonical\" href=\"https:\/\/flexhealth.eu\/fr\/en\/jouw-gezondheid\/\" \/>\n<meta property=\"og:locale\" content=\"fr_FR\" \/>\n<meta property=\"og:type\" content=\"article\" \/>\n<meta property=\"og:title\" content=\"Jouw Gezondheid - FlexHealth\" \/>\n<meta property=\"og:description\" content=\"Jouw gezondheid Gezond en fit oud worden&#8230; wie wil dat nou niet? Gelukkig ligt dit binnen handbereik. Ook voor jou. Wil jij optimaal gezond worden? FlexHealth helpt je graag. Een op een Je kunt pas werken aan een oplossing voor jouw klachten als je weet wat de oorzaak is. Daarom maken we in ons eerste...\" \/>\n<meta property=\"og:url\" content=\"https:\/\/flexhealth.eu\/fr\/en\/jouw-gezondheid\/\" \/>\n<meta property=\"og:site_name\" content=\"FlexHealth\" \/>\n<meta property=\"article:modified_time\" content=\"2025-05-18T15:24:18+00:00\" \/>\n<meta property=\"og:image\" content=\"https:\/\/flexhealth.eu\/wp-content\/uploads\/2025\/05\/header-eenopeen-1024x512.jpg\" \/>\n<meta name=\"twitter:card\" content=\"summary_large_image\" \/>\n<meta name=\"twitter:label1\" content=\"Dur\u00e9e de lecture estim\u00e9e\" \/>\n\t<meta name=\"twitter:data1\" content=\"4 minutes\" \/>\n<script type=\"application\/ld+json\" class=\"yoast-schema-graph\">{\"@context\":\"https:\\\/\\\/schema.org\",\"@graph\":[{\"@type\":\"WebPage\",\"@id\":\"https:\\\/\\\/flexhealth.eu\\\/en\\\/jouw-gezondheid\\\/\",\"url\":\"https:\\\/\\\/flexhealth.eu\\\/en\\\/jouw-gezondheid\\\/\",\"name\":\"Jouw Gezondheid - FlexHealth\",\"isPartOf\":{\"@id\":\"https:\\\/\\\/flexhealth.eu\\\/en\\\/#website\"},\"primaryImageOfPage\":{\"@id\":\"https:\\\/\\\/flexhealth.eu\\\/en\\\/jouw-gezondheid\\\/#primaryimage\"},\"image\":{\"@id\":\"https:\\\/\\\/flexhealth.eu\\\/en\\\/jouw-gezondheid\\\/#primaryimage\"},\"thumbnailUrl\":\"https:\\\/\\\/flexhealth.eu\\\/wp-content\\\/uploads\\\/2025\\\/05\\\/header-eenopeen-1024x512.jpg\",\"datePublished\":\"2019-05-08T08:38:37+00:00\",\"dateModified\":\"2025-05-18T15:24:18+00:00\",\"breadcrumb\":{\"@id\":\"https:\\\/\\\/flexhealth.eu\\\/en\\\/jouw-gezondheid\\\/#breadcrumb\"},\"inLanguage\":\"fr-FR\",\"potentialAction\":[{\"@type\":\"ReadAction\",\"target\":[\"https:\\\/\\\/flexhealth.eu\\\/en\\\/jouw-gezondheid\\\/\"]}]},{\"@type\":\"ImageObject\",\"inLanguage\":\"fr-FR\",\"@id\":\"https:\\\/\\\/flexhealth.eu\\\/en\\\/jouw-gezondheid\\\/#primaryimage\",\"url\":\"https:\\\/\\\/flexhealth.eu\\\/wp-content\\\/uploads\\\/2025\\\/05\\\/header-eenopeen-1024x512.jpg\",\"contentUrl\":\"https:\\\/\\\/flexhealth.eu\\\/wp-content\\\/uploads\\\/2025\\\/05\\\/header-eenopeen-1024x512.jpg\"},{\"@type\":\"BreadcrumbList\",\"@id\":\"https:\\\/\\\/flexhealth.eu\\\/en\\\/jouw-gezondheid\\\/#breadcrumb\",\"itemListElement\":[{\"@type\":\"ListItem\",\"position\":1,\"name\":\"Home\",\"item\":\"https:\\\/\\\/flexhealth.eu\\\/\"},{\"@type\":\"ListItem\",\"position\":2,\"name\":\"Jouw Gezondheid\"}]},{\"@type\":\"WebSite\",\"@id\":\"https:\\\/\\\/flexhealth.eu\\\/en\\\/#website\",\"url\":\"https:\\\/\\\/flexhealth.eu\\\/en\\\/\",\"name\":\"FlexHealth\",\"description\":\"FlexHealth\",\"publisher\":{\"@id\":\"https:\\\/\\\/flexhealth.eu\\\/en\\\/#organization\"},\"potentialAction\":[{\"@type\":\"SearchAction\",\"target\":{\"@type\":\"EntryPoint\",\"urlTemplate\":\"https:\\\/\\\/flexhealth.eu\\\/en\\\/?s={search_term_string}\"},\"query-input\":{\"@type\":\"PropertyValueSpecification\",\"valueRequired\":true,\"valueName\":\"search_term_string\"}}],\"inLanguage\":\"fr-FR\"},{\"@type\":\"Organization\",\"@id\":\"https:\\\/\\\/flexhealth.eu\\\/en\\\/#organization\",\"name\":\"FlexHealth\",\"url\":\"https:\\\/\\\/flexhealth.eu\\\/en\\\/\",\"logo\":{\"@type\":\"ImageObject\",\"inLanguage\":\"fr-FR\",\"@id\":\"https:\\\/\\\/flexhealth.eu\\\/en\\\/#\\\/schema\\\/logo\\\/image\\\/\",\"url\":\"https:\\\/\\\/flexhealth.eu\\\/wp-content\\\/uploads\\\/2025\\\/05\\\/FlexHealthLogo2.png\",\"contentUrl\":\"https:\\\/\\\/flexhealth.eu\\\/wp-content\\\/uploads\\\/2025\\\/05\\\/FlexHealthLogo2.png\",\"width\":1864,\"height\":250,\"caption\":\"FlexHealth\"},\"image\":{\"@id\":\"https:\\\/\\\/flexhealth.eu\\\/en\\\/#\\\/schema\\\/logo\\\/image\\\/\"}}]}<\/script>\n<!-- \/ Yoast SEO plugin. -->","yoast_head_json":{"title":"Jouw Gezondheid - FlexHealth","robots":{"index":"index","follow":"follow","max-snippet":"max-snippet:-1","max-image-preview":"max-image-preview:large","max-video-preview":"max-video-preview:-1"},"canonical":"https:\/\/flexhealth.eu\/fr\/en\/jouw-gezondheid\/","og_locale":"fr_FR","og_type":"article","og_title":"Jouw Gezondheid - FlexHealth","og_description":"Jouw gezondheid Gezond en fit oud worden&#8230; wie wil dat nou niet? Gelukkig ligt dit binnen handbereik. Ook voor jou. Wil jij optimaal gezond worden? FlexHealth helpt je graag. Een op een Je kunt pas werken aan een oplossing voor jouw klachten als je weet wat de oorzaak is. Daarom maken we in ons eerste...","og_url":"https:\/\/flexhealth.eu\/fr\/en\/jouw-gezondheid\/","og_site_name":"FlexHealth","article_modified_time":"2025-05-18T15:24:18+00:00","og_image":[{"url":"https:\/\/flexhealth.eu\/wp-content\/uploads\/2025\/05\/header-eenopeen-1024x512.jpg","type":"","width":"","height":""}],"twitter_card":"summary_large_image","twitter_misc":{"Dur\u00e9e de lecture estim\u00e9e":"4 minutes"},"schema":{"@context":"https:\/\/schema.org","@graph":[{"@type":"WebPage","@id":"https:\/\/flexhealth.eu\/en\/jouw-gezondheid\/","url":"https:\/\/flexhealth.eu\/en\/jouw-gezondheid\/","name":"Jouw Gezondheid - FlexHealth","isPartOf":{"@id":"https:\/\/flexhealth.eu\/en\/#website"},"primaryImageOfPage":{"@id":"https:\/\/flexhealth.eu\/en\/jouw-gezondheid\/#primaryimage"},"image":{"@id":"https:\/\/flexhealth.eu\/en\/jouw-gezondheid\/#primaryimage"},"thumbnailUrl":"https:\/\/flexhealth.eu\/wp-content\/uploads\/2025\/05\/header-eenopeen-1024x512.jpg","datePublished":"2019-05-08T08:38:37+00:00","dateModified":"2025-05-18T15:24:18+00:00","breadcrumb":{"@id":"https:\/\/flexhealth.eu\/en\/jouw-gezondheid\/#breadcrumb"},"inLanguage":"fr-FR","potentialAction":[{"@type":"ReadAction","target":["https:\/\/flexhealth.eu\/en\/jouw-gezondheid\/"]}]},{"@type":"ImageObject","inLanguage":"fr-FR","@id":"https:\/\/flexhealth.eu\/en\/jouw-gezondheid\/#primaryimage","url":"https:\/\/flexhealth.eu\/wp-content\/uploads\/2025\/05\/header-eenopeen-1024x512.jpg","contentUrl":"https:\/\/flexhealth.eu\/wp-content\/uploads\/2025\/05\/header-eenopeen-1024x512.jpg"},{"@type":"BreadcrumbList","@id":"https:\/\/flexhealth.eu\/en\/jouw-gezondheid\/#breadcrumb","itemListElement":[{"@type":"ListItem","position":1,"name":"Home","item":"https:\/\/flexhealth.eu\/"},{"@type":"ListItem","position":2,"name":"Jouw Gezondheid"}]},{"@type":"WebSite","@id":"https:\/\/flexhealth.eu\/en\/#website","url":"https:\/\/flexhealth.eu\/en\/","name":"FlexHealth","description":"FlexHealth","publisher":{"@id":"https:\/\/flexhealth.eu\/en\/#organization"},"potentialAction":[{"@type":"SearchAction","target":{"@type":"EntryPoint","urlTemplate":"https:\/\/flexhealth.eu\/en\/?s={search_term_string}"},"query-input":{"@type":"PropertyValueSpecification","valueRequired":true,"valueName":"search_term_string"}}],"inLanguage":"fr-FR"},{"@type":"Organization","@id":"https:\/\/flexhealth.eu\/en\/#organization","name":"FlexHealth","url":"https:\/\/flexhealth.eu\/en\/","logo":{"@type":"ImageObject","inLanguage":"fr-FR","@id":"https:\/\/flexhealth.eu\/en\/#\/schema\/logo\/image\/","url":"https:\/\/flexhealth.eu\/wp-content\/uploads\/2025\/05\/FlexHealthLogo2.png","contentUrl":"https:\/\/flexhealth.eu\/wp-content\/uploads\/2025\/05\/FlexHealthLogo2.png","width":1864,"height":250,"caption":"FlexHealth"},"image":{"@id":"https:\/\/flexhealth.eu\/en\/#\/schema\/logo\/image\/"}}]}},"_links":{"self":[{"href":"https:\/\/flexhealth.eu\/fr\/wp-json\/wp\/v2\/pages\/17","targetHints":{"allow":["GET"]}}],"collection":[{"href":"https:\/\/flexhealth.eu\/fr\/wp-json\/wp\/v2\/pages"}],"about":[{"href":"https:\/\/flexhealth.eu\/fr\/wp-json\/wp\/v2\/types\/page"}],"author":[{"embeddable":true,"href":"https:\/\/flexhealth.eu\/fr\/wp-json\/wp\/v2\/users\/1"}],"replies":[{"embeddable":true,"href":"https:\/\/flexhealth.eu\/fr\/wp-json\/wp\/v2\/comments?post=17"}],"version-history":[{"count":6,"href":"https:\/\/flexhealth.eu\/fr\/wp-json\/wp\/v2\/pages\/17\/revisions"}],"predecessor-version":[{"id":2940,"href":"https:\/\/flexhealth.eu\/fr\/wp-json\/wp\/v2\/pages\/17\/revisions\/2940"}],"wp:attachment":[{"href":"https:\/\/flexhealth.eu\/fr\/wp-json\/wp\/v2\/media?parent=17"}],"curies":[{"name":"wp","href":"https:\/\/api.w.org\/{rel}","templated":true}]}}