{"id":15,"date":"2019-05-08T08:38:20","date_gmt":"2019-05-08T08:38:20","guid":{"rendered":"https:\/\/flexhealth.eu\/?page_id=15"},"modified":"2025-05-18T14:16:48","modified_gmt":"2025-05-18T14:16:48","slug":"corporate-health-2","status":"publish","type":"page","link":"https:\/\/flexhealth.eu\/fr\/corporate-health-2\/","title":{"rendered":"Sant\u00e9 des Entreprises"},"content":{"rendered":"<h2 class=\"wp-block-heading\">Des employ\u00e9s en bonne sant\u00e9 dans une entreprise en bonne sant\u00e9<\/h2>\n\n\n\n<p>La durabilit\u00e9 et l'innovation : des th\u00e8mes d'actualit\u00e9 pour la soci\u00e9t\u00e9, l'environnement et les entreprises.\nsoci\u00e9t\u00e9, l'environnement et les entreprises. sans parler de vos employ\u00e9s.\nemploy\u00e9s.  Car eux aussi doivent durer plus longtemps\naujourd'hui. Il est donc essentiel de nous traiter nous-m\u00eames et les uns les autres de mani\u00e8re durable.\nNous nous traitons nous-m\u00eames et les uns les autres de mani\u00e8re durable. L'innovation m\u00e9dicale y contribue :\nUn \u00e9l\u00e9ment important pour notre durabilit\u00e9 psychologique et physique. <\/p>\n\n\n\n<p>Votre entreprise d\u00e9pend des personnes qui y travaillent.\nInvestissez dans leur sant\u00e9 et tout le monde en profitera. Des employ\u00e9s en bonne sant\u00e9 dans une entreprise en bonne sant\u00e9. C'est ce que FlexHealth\nest la raison d'\u00eatre de FlexHealth. <\/p>\n\n\n\n<p>Nos programmes sont ax\u00e9s sur la gestion du stress,\nl'exercice physique, la cr\u00e9ativit\u00e9, la flexibilit\u00e9 et la collaboration. Qu'est-ce que vous\nque ?<\/p>\n\n\n\n<ul class=\"wp-block-list\"><li>Moins de stress<\/li><li>Moins d'absent\u00e9isme, donc moins de co\u00fbts<\/li><li>Plus de cr\u00e9ativit\u00e9, plus d'opportunit\u00e9s<\/li><li>Am\u00e9lioration de la concentration et de la m\u00e9moire. Plus grande capacit\u00e9 d'apprentissage<\/li><li>Satisfaction et productivit\u00e9 accrues des employ\u00e9s<\/li><li>De meilleures performances <\/li><li>Un meilleur lien avec vos collaborateurs<\/li><li>Am\u00e9lioration de la communication et de la coop\u00e9ration avec les coll\u00e8gues et les clients<\/li><\/ul>\n\n\n\n<h2 class=\"wp-block-heading\">Notre approche<\/h2>\n\n\n\n<p>L'absent\u00e9isme co\u00fbte beaucoup d'argent et d'\u00e9nergie aux entreprises. Comment pouvez-vous aider\n\u00e0 \u00e9viter que vos collaborateurs ne tombent malades ? Comment vos collaborateurs restent-ils en forme et en bonne sant\u00e9 ?\nFlexHealth vous soutient dans cette d\u00e9marche.<\/p>\n\n\n\n<p>Notre approche est bas\u00e9e sur kPNI-E-S. Cette m\u00e9thode r\u00e9unit\ncinq sciences. Et ensemble, elles fournissent plus que la somme de leurs parties. Ainsi, les organes sont plus que la somme de leurs tissus et les humains plus que la somme de leurs parties.\nAinsi, les organes sont plus que la somme de leurs tissus et l'homme est plus que la somme de ses organes.\nde ses organes. La biologie a un joli mot pour cela : l'\u00e9mergence. \u00c0 chaque\nniveau sup\u00e9rieur du syst\u00e8me, des propri\u00e9t\u00e9s s'ajoutent qui ne peuvent s'expliquer que par des interactions complexes aux niveaux inf\u00e9rieurs.\nd'interactions complexes aux niveaux inf\u00e9rieurs. Id\u00e9e de base : une vie\nvie active et r\u00e9ussie commence par un esprit sain dans un corps sain.\nsain.&nbsp; <\/p>\n\n\n\n<p>kPNI-E-S r\u00e9unit la psychologie, la sociologie, la neurologie, l'immunologie, l'endocrinologie et la biologie \u00e9volutive,\nl'immunologie, l'endocrinologie et la biologie \u00e9volutive. Il en r\u00e9sulte un\nfilm biographique de l'\u00eatre humain complet et de ses sympt\u00f4mes. Il ne s'agit donc pas d'une simple\nune image d'un sympt\u00f4me sans contexte. Nous pouvons alors placer les causes et les\nles causes et les sympt\u00f4mes dans une s\u00e9quence temporelle logique. Et gr\u00e2ce \u00e0 cela, nous pouvons concr\u00e8tement\ntravailler \u00e0 la recherche d'une solution. <\/p>\n\n\n\n<p>Nous obtenons de tr\u00e8s bons r\u00e9sultats avec cette approche ; des employ\u00e9s actifs et en bonne sant\u00e9 adoptent une attitude plus flexible, sont plus cr\u00e9atifs et r\u00e9fl\u00e9chissent davantage.\nactifs et en bonne sant\u00e9 adoptent une attitude plus flexible, sont plus cr\u00e9atifs, r\u00e9fl\u00e9chissent davantage et augmentent ainsi la productivit\u00e9 de l'entreprise.\net augmentent ainsi la productivit\u00e9 de l'entreprise. Cela vous permet de gagner du temps et de r\u00e9duire l'absent\u00e9isme.\nun gain de temps et moins d'absent\u00e9isme, car vos employ\u00e9s sont plus \u00e9quilibr\u00e9s.\nl'\u00e9quilibre.&nbsp;&nbsp; <\/p>\n\n\n\n<p>FlexHealth accompagne vos employ\u00e9s, individuellement ou en \u00e9quipe, avec une\n\u00e9quipe, avec une solide expertise. Nous vous aidons \u00e9galement \u00e0 respecter\nNous vous aidons \u00e9galement \u00e0 respecter le devoir de diligence pr\u00e9vu par la loi en cas d'absent\u00e9isme d\u00fb \u00e0 des maladies chroniques ou de longue dur\u00e9e. Appelez-nous\npour un rendez-vous. Nous nous ferons un plaisir d'examiner avec vous les points \u00e0 am\u00e9liorer.\nd'am\u00e9lioration. Pour que votre entreprise connaisse elle aussi le succ\u00e8s gr\u00e2ce \u00e0 des collaborateurs sains et dynamiques.\ndes collaborateurs en bonne sant\u00e9 et pleins de vitalit\u00e9.<\/p>\n\n\n\n<h2 class=\"wp-block-heading\">Programme sur mesure<\/h2>\n\n\n\n<p>\u00cates-vous curieux de savoir comment garantir \u00e0 long terme la bonne forme, l'\u00e9nergie et la sant\u00e9 des employ\u00e9s de votre entreprise ? Et comment augmenter la productivit\u00e9 ? Nous sommes heureux de nous asseoir avec vous pour d\u00e9terminer ensemble o\u00f9 se situent les possibilit\u00e9s d'am\u00e9lioration. Gr\u00e2ce \u00e0 un programme sur mesure, nous jetons les bases durables d'une organisation \u00e9nergique. <\/p>\n\n\n\n<p>En outre, vous pouvez choisir un forfait. Par exemple :<\/p>\n\n\n\n<p><strong>Paquet digne d'un PMO<\/strong>Au niveau de l'entreprise : - r\u00e9union d'introduction, r\u00e9union de conseil, rapport d\u00e9taill\u00e9, analyse de la sant\u00e9 avec retour d'information, 2 fois 2 heures de formation g\u00e9n\u00e9rale\/atelier (groupe de 25 personnes). Le tout est compl\u00e9t\u00e9 par un rapport dans lequel je donne mon avis.                                                                                    Cette formule peut \u00e9galement \u00eatre propos\u00e9e, si n\u00e9cessaire, \u00e0 un employ\u00e9, avec ou sans examen sanguin complet, mesure de la tension art\u00e9rielle et du poids.<\/p>\n\n\n\n<p><\/p>","protected":false},"excerpt":{"rendered":"<p>Gezonde medewerkers in een gezond bedrijf Duurzaamheid en innovatie: actuele speerpunten voor onze maatschappij, het milieu en het bedrijfsleven. En niet te vergeten voor uw medewerkers.&nbsp; Want ook die moeten langer mee vandaag de dag. Wel wezenlijk dus om als mensen duurzaam om te gaan met onszelf en met elkaar. Innovatie in de medische wetenschap&#8230;<\/p>","protected":false},"author":1,"featured_media":147,"parent":0,"menu_order":0,"comment_status":"closed","ping_status":"closed","template":"","meta":{"_kadence_starter_templates_imported_post":false,"_kad_post_transparent":"","_kad_post_title":"","_kad_post_layout":"","_kad_post_sidebar_id":"","_kad_post_content_style":"","_kad_post_vertical_padding":"","_kad_post_feature":"","_kad_post_feature_position":"","_kad_post_header":false,"_kad_post_footer":false,"_kad_post_classname":"","footnotes":""},"class_list":["post-15","page","type-page","status-publish","has-post-thumbnail","hentry"],"yoast_head":"<!-- This site is optimized with the Yoast SEO plugin v27.3 - https:\/\/yoast.com\/product\/yoast-seo-wordpress\/ -->\n<title>Corporate Health - FlexHealth<\/title>\n<meta name=\"robots\" content=\"index, follow, max-snippet:-1, max-image-preview:large, max-video-preview:-1\" \/>\n<link rel=\"canonical\" href=\"https:\/\/flexhealth.eu\/fr\/corporate-health-2\/\" \/>\n<meta property=\"og:locale\" content=\"fr_FR\" \/>\n<meta property=\"og:type\" content=\"article\" \/>\n<meta property=\"og:title\" content=\"Corporate Health - FlexHealth\" \/>\n<meta property=\"og:description\" content=\"Gezonde medewerkers in een gezond bedrijf Duurzaamheid en innovatie: actuele speerpunten voor onze maatschappij, het milieu en het bedrijfsleven. En niet te vergeten voor uw medewerkers.&nbsp; Want ook die moeten langer mee vandaag de dag. Wel wezenlijk dus om als mensen duurzaam om te gaan met onszelf en met elkaar. Innovatie in de medische wetenschap...\" \/>\n<meta property=\"og:url\" content=\"https:\/\/flexhealth.eu\/fr\/corporate-health-2\/\" \/>\n<meta property=\"og:site_name\" content=\"FlexHealth\" \/>\n<meta property=\"article:modified_time\" content=\"2025-05-18T14:16:48+00:00\" \/>\n<meta property=\"og:image\" content=\"https:\/\/flexhealth.eu\/wp-content\/uploads\/2019\/05\/header-flexhealth-7.jpg\" \/>\n\t<meta property=\"og:image:width\" content=\"1200\" \/>\n\t<meta property=\"og:image:height\" content=\"600\" \/>\n\t<meta property=\"og:image:type\" content=\"image\/jpeg\" \/>\n<meta name=\"twitter:card\" content=\"summary_large_image\" \/>\n<meta name=\"twitter:label1\" content=\"Dur\u00e9e de lecture estim\u00e9e\" \/>\n\t<meta name=\"twitter:data1\" content=\"3 minutes\" \/>\n<script type=\"application\/ld+json\" class=\"yoast-schema-graph\">{\"@context\":\"https:\\\/\\\/schema.org\",\"@graph\":[{\"@type\":\"WebPage\",\"@id\":\"https:\\\/\\\/flexhealth.eu\\\/nl\\\/corporate-health-2\\\/\",\"url\":\"https:\\\/\\\/flexhealth.eu\\\/nl\\\/corporate-health-2\\\/\",\"name\":\"Corporate Health - FlexHealth\",\"isPartOf\":{\"@id\":\"https:\\\/\\\/flexhealth.eu\\\/en\\\/#website\"},\"primaryImageOfPage\":{\"@id\":\"https:\\\/\\\/flexhealth.eu\\\/nl\\\/corporate-health-2\\\/#primaryimage\"},\"image\":{\"@id\":\"https:\\\/\\\/flexhealth.eu\\\/nl\\\/corporate-health-2\\\/#primaryimage\"},\"thumbnailUrl\":\"https:\\\/\\\/flexhealth.eu\\\/wp-content\\\/uploads\\\/2019\\\/05\\\/header-flexhealth-7.jpg\",\"datePublished\":\"2019-05-08T08:38:20+00:00\",\"dateModified\":\"2025-05-18T14:16:48+00:00\",\"breadcrumb\":{\"@id\":\"https:\\\/\\\/flexhealth.eu\\\/nl\\\/corporate-health-2\\\/#breadcrumb\"},\"inLanguage\":\"fr-FR\",\"potentialAction\":[{\"@type\":\"ReadAction\",\"target\":[\"https:\\\/\\\/flexhealth.eu\\\/nl\\\/corporate-health-2\\\/\"]}]},{\"@type\":\"ImageObject\",\"inLanguage\":\"fr-FR\",\"@id\":\"https:\\\/\\\/flexhealth.eu\\\/nl\\\/corporate-health-2\\\/#primaryimage\",\"url\":\"https:\\\/\\\/flexhealth.eu\\\/wp-content\\\/uploads\\\/2019\\\/05\\\/header-flexhealth-7.jpg\",\"contentUrl\":\"https:\\\/\\\/flexhealth.eu\\\/wp-content\\\/uploads\\\/2019\\\/05\\\/header-flexhealth-7.jpg\",\"width\":1200,\"height\":600},{\"@type\":\"BreadcrumbList\",\"@id\":\"https:\\\/\\\/flexhealth.eu\\\/nl\\\/corporate-health-2\\\/#breadcrumb\",\"itemListElement\":[{\"@type\":\"ListItem\",\"position\":1,\"name\":\"Home\",\"item\":\"https:\\\/\\\/flexhealth.eu\\\/\"},{\"@type\":\"ListItem\",\"position\":2,\"name\":\"Corporate Health\"}]},{\"@type\":\"WebSite\",\"@id\":\"https:\\\/\\\/flexhealth.eu\\\/en\\\/#website\",\"url\":\"https:\\\/\\\/flexhealth.eu\\\/en\\\/\",\"name\":\"FlexHealth\",\"description\":\"FlexHealth\",\"publisher\":{\"@id\":\"https:\\\/\\\/flexhealth.eu\\\/en\\\/#organization\"},\"potentialAction\":[{\"@type\":\"SearchAction\",\"target\":{\"@type\":\"EntryPoint\",\"urlTemplate\":\"https:\\\/\\\/flexhealth.eu\\\/en\\\/?s={search_term_string}\"},\"query-input\":{\"@type\":\"PropertyValueSpecification\",\"valueRequired\":true,\"valueName\":\"search_term_string\"}}],\"inLanguage\":\"fr-FR\"},{\"@type\":\"Organization\",\"@id\":\"https:\\\/\\\/flexhealth.eu\\\/en\\\/#organization\",\"name\":\"FlexHealth\",\"url\":\"https:\\\/\\\/flexhealth.eu\\\/en\\\/\",\"logo\":{\"@type\":\"ImageObject\",\"inLanguage\":\"fr-FR\",\"@id\":\"https:\\\/\\\/flexhealth.eu\\\/en\\\/#\\\/schema\\\/logo\\\/image\\\/\",\"url\":\"https:\\\/\\\/flexhealth.eu\\\/wp-content\\\/uploads\\\/2025\\\/05\\\/FlexHealthLogo2.png\",\"contentUrl\":\"https:\\\/\\\/flexhealth.eu\\\/wp-content\\\/uploads\\\/2025\\\/05\\\/FlexHealthLogo2.png\",\"width\":1864,\"height\":250,\"caption\":\"FlexHealth\"},\"image\":{\"@id\":\"https:\\\/\\\/flexhealth.eu\\\/en\\\/#\\\/schema\\\/logo\\\/image\\\/\"}}]}<\/script>\n<!-- \/ Yoast SEO plugin. -->","yoast_head_json":{"title":"Corporate Health - FlexHealth","robots":{"index":"index","follow":"follow","max-snippet":"max-snippet:-1","max-image-preview":"max-image-preview:large","max-video-preview":"max-video-preview:-1"},"canonical":"https:\/\/flexhealth.eu\/fr\/corporate-health-2\/","og_locale":"fr_FR","og_type":"article","og_title":"Corporate Health - FlexHealth","og_description":"Gezonde medewerkers in een gezond bedrijf Duurzaamheid en innovatie: actuele speerpunten voor onze maatschappij, het milieu en het bedrijfsleven. En niet te vergeten voor uw medewerkers.&nbsp; Want ook die moeten langer mee vandaag de dag. Wel wezenlijk dus om als mensen duurzaam om te gaan met onszelf en met elkaar. Innovatie in de medische wetenschap...","og_url":"https:\/\/flexhealth.eu\/fr\/corporate-health-2\/","og_site_name":"FlexHealth","article_modified_time":"2025-05-18T14:16:48+00:00","og_image":[{"width":1200,"height":600,"url":"https:\/\/flexhealth.eu\/wp-content\/uploads\/2019\/05\/header-flexhealth-7.jpg","type":"image\/jpeg"}],"twitter_card":"summary_large_image","twitter_misc":{"Dur\u00e9e de lecture estim\u00e9e":"3 minutes"},"schema":{"@context":"https:\/\/schema.org","@graph":[{"@type":"WebPage","@id":"https:\/\/flexhealth.eu\/nl\/corporate-health-2\/","url":"https:\/\/flexhealth.eu\/nl\/corporate-health-2\/","name":"Corporate Health - FlexHealth","isPartOf":{"@id":"https:\/\/flexhealth.eu\/en\/#website"},"primaryImageOfPage":{"@id":"https:\/\/flexhealth.eu\/nl\/corporate-health-2\/#primaryimage"},"image":{"@id":"https:\/\/flexhealth.eu\/nl\/corporate-health-2\/#primaryimage"},"thumbnailUrl":"https:\/\/flexhealth.eu\/wp-content\/uploads\/2019\/05\/header-flexhealth-7.jpg","datePublished":"2019-05-08T08:38:20+00:00","dateModified":"2025-05-18T14:16:48+00:00","breadcrumb":{"@id":"https:\/\/flexhealth.eu\/nl\/corporate-health-2\/#breadcrumb"},"inLanguage":"fr-FR","potentialAction":[{"@type":"ReadAction","target":["https:\/\/flexhealth.eu\/nl\/corporate-health-2\/"]}]},{"@type":"ImageObject","inLanguage":"fr-FR","@id":"https:\/\/flexhealth.eu\/nl\/corporate-health-2\/#primaryimage","url":"https:\/\/flexhealth.eu\/wp-content\/uploads\/2019\/05\/header-flexhealth-7.jpg","contentUrl":"https:\/\/flexhealth.eu\/wp-content\/uploads\/2019\/05\/header-flexhealth-7.jpg","width":1200,"height":600},{"@type":"BreadcrumbList","@id":"https:\/\/flexhealth.eu\/nl\/corporate-health-2\/#breadcrumb","itemListElement":[{"@type":"ListItem","position":1,"name":"Home","item":"https:\/\/flexhealth.eu\/"},{"@type":"ListItem","position":2,"name":"Corporate Health"}]},{"@type":"WebSite","@id":"https:\/\/flexhealth.eu\/en\/#website","url":"https:\/\/flexhealth.eu\/en\/","name":"FlexHealth","description":"FlexHealth","publisher":{"@id":"https:\/\/flexhealth.eu\/en\/#organization"},"potentialAction":[{"@type":"SearchAction","target":{"@type":"EntryPoint","urlTemplate":"https:\/\/flexhealth.eu\/en\/?s={search_term_string}"},"query-input":{"@type":"PropertyValueSpecification","valueRequired":true,"valueName":"search_term_string"}}],"inLanguage":"fr-FR"},{"@type":"Organization","@id":"https:\/\/flexhealth.eu\/en\/#organization","name":"FlexHealth","url":"https:\/\/flexhealth.eu\/en\/","logo":{"@type":"ImageObject","inLanguage":"fr-FR","@id":"https:\/\/flexhealth.eu\/en\/#\/schema\/logo\/image\/","url":"https:\/\/flexhealth.eu\/wp-content\/uploads\/2025\/05\/FlexHealthLogo2.png","contentUrl":"https:\/\/flexhealth.eu\/wp-content\/uploads\/2025\/05\/FlexHealthLogo2.png","width":1864,"height":250,"caption":"FlexHealth"},"image":{"@id":"https:\/\/flexhealth.eu\/en\/#\/schema\/logo\/image\/"}}]}},"_links":{"self":[{"href":"https:\/\/flexhealth.eu\/fr\/wp-json\/wp\/v2\/pages\/15","targetHints":{"allow":["GET"]}}],"collection":[{"href":"https:\/\/flexhealth.eu\/fr\/wp-json\/wp\/v2\/pages"}],"about":[{"href":"https:\/\/flexhealth.eu\/fr\/wp-json\/wp\/v2\/types\/page"}],"author":[{"embeddable":true,"href":"https:\/\/flexhealth.eu\/fr\/wp-json\/wp\/v2\/users\/1"}],"replies":[{"embeddable":true,"href":"https:\/\/flexhealth.eu\/fr\/wp-json\/wp\/v2\/comments?post=15"}],"version-history":[{"count":1,"href":"https:\/\/flexhealth.eu\/fr\/wp-json\/wp\/v2\/pages\/15\/revisions"}],"predecessor-version":[{"id":2919,"href":"https:\/\/flexhealth.eu\/fr\/wp-json\/wp\/v2\/pages\/15\/revisions\/2919"}],"wp:featuredmedia":[{"embeddable":true,"href":"https:\/\/flexhealth.eu\/fr\/wp-json\/wp\/v2\/media\/147"}],"wp:attachment":[{"href":"https:\/\/flexhealth.eu\/fr\/wp-json\/wp\/v2\/media?parent=15"}],"curies":[{"name":"wp","href":"https:\/\/api.w.org\/{rel}","templated":true}]}}