{"id":108,"date":"2019-05-24T09:46:18","date_gmt":"2019-05-24T09:46:18","guid":{"rendered":"https:\/\/flexhealth.eu\/?page_id=108"},"modified":"2019-05-24T09:46:18","modified_gmt":"2019-05-24T09:46:18","slug":"coaching","status":"publish","type":"page","link":"https:\/\/flexhealth.eu\/fr\/jouw-gezondheid\/coaching\/","title":{"rendered":"Coaching"},"content":{"rendered":"<p>FlexSant\u00e9\naide les groupes et les individus \u00e0 atteindre les objectifs qu'ils se sont fix\u00e9s par leurs propres moyens.\natteindre. Nous y parvenons gr\u00e2ce \u00e0 des comp\u00e9tences et des techniques psychologiques, spirituelles et de communication.\net des techniques de communication. <\/p>\n\n\n\n<h2 class=\"wp-block-heading\"><strong>Quand\nl'encadrement<\/strong><strong><\/strong><\/h2>\n\n\n\n<p>Dans tous les\no\u00f9 le changement est souhait\u00e9, un coach peut jouer un r\u00f4le positif pour l'individu, l'\u00e9quipe ou l'organisation.\nl'individu, l'\u00e9quipe ou l'organisation. FlexHealth pratique le coaching de mani\u00e8re m\u00e9thodique :\nEn utilisant des m\u00e9thodes et des techniques \u00e9prouv\u00e9es. Le r\u00e9sultat est prioritaire. <\/p>\n\n\n\n<p>Dans notre coaching\nnous prenons comme point de d\u00e9part les valeurs, les ambitions et les talents de l'individu. Nous\naugmentons la capacit\u00e9 de l'individu \u00e0 se r\u00e9soudre lui-m\u00eame \u00e0 atteindre le r\u00e9sultat souhait\u00e9.\nEn d'autres termes, la personne coach\u00e9e exp\u00e9rimente la libert\u00e9 de choix dans ses actions et apprend \u00e0 d\u00e9velopper ses talents, \u00e0 surmonter ou \u00e0 accepter ses obstacles.\napprend \u00e0 d\u00e9velopper ses talents, \u00e0 franchir ou \u00e0 accepter ses barri\u00e8res.\naccepter. Il en r\u00e9sulte un comportement plus efficace et des r\u00e9sultats plus satisfaisants.<\/p>","protected":false},"excerpt":{"rendered":"<p>FlexHealth helpt groepen en individuen om op eigen kracht hun zelfgekozen doelen te bereiken. Dit doen we met psychologische, spirituele en communicatieve vaardigheden en technieken. Wanneer coaching Op elke plek waar verandering gewenst is, kan een coach een positieve rol spelen voor het individu, een team of een organisatie. FlexHealth coacht methodologisch: met inzet van&#8230;<\/p>","protected":false},"author":1,"featured_media":0,"parent":17,"menu_order":0,"comment_status":"closed","ping_status":"closed","template":"","meta":{"_kadence_starter_templates_imported_post":false,"_kad_post_transparent":"","_kad_post_title":"","_kad_post_layout":"","_kad_post_sidebar_id":"","_kad_post_content_style":"","_kad_post_vertical_padding":"","_kad_post_feature":"","_kad_post_feature_position":"","_kad_post_header":false,"_kad_post_footer":false,"_kad_post_classname":"","footnotes":""},"class_list":["post-108","page","type-page","status-publish","hentry"],"yoast_head":"<!-- This site is optimized with the Yoast SEO plugin v27.3 - https:\/\/yoast.com\/product\/yoast-seo-wordpress\/ -->\n<title>Coaching - FlexHealth<\/title>\n<meta name=\"robots\" content=\"index, follow, max-snippet:-1, max-image-preview:large, max-video-preview:-1\" \/>\n<link rel=\"canonical\" href=\"https:\/\/flexhealth.eu\/fr\/en\/jouw-gezondheid\/coaching\/\" \/>\n<meta property=\"og:locale\" content=\"fr_FR\" \/>\n<meta property=\"og:type\" content=\"article\" \/>\n<meta property=\"og:title\" content=\"Coaching - FlexHealth\" \/>\n<meta property=\"og:description\" content=\"FlexHealth helpt groepen en individuen om op eigen kracht hun zelfgekozen doelen te bereiken. Dit doen we met psychologische, spirituele en communicatieve vaardigheden en technieken. Wanneer coaching Op elke plek waar verandering gewenst is, kan een coach een positieve rol spelen voor het individu, een team of een organisatie. FlexHealth coacht methodologisch: met inzet van...\" \/>\n<meta property=\"og:url\" content=\"https:\/\/flexhealth.eu\/fr\/en\/jouw-gezondheid\/coaching\/\" \/>\n<meta property=\"og:site_name\" content=\"FlexHealth\" \/>\n<meta name=\"twitter:card\" content=\"summary_large_image\" \/>\n<meta name=\"twitter:label1\" content=\"Dur\u00e9e de lecture estim\u00e9e\" \/>\n\t<meta name=\"twitter:data1\" content=\"1 minute\" \/>\n<script type=\"application\/ld+json\" class=\"yoast-schema-graph\">{\"@context\":\"https:\\\/\\\/schema.org\",\"@graph\":[{\"@type\":\"WebPage\",\"@id\":\"https:\\\/\\\/flexhealth.eu\\\/en\\\/jouw-gezondheid\\\/coaching\\\/\",\"url\":\"https:\\\/\\\/flexhealth.eu\\\/en\\\/jouw-gezondheid\\\/coaching\\\/\",\"name\":\"Coaching - FlexHealth\",\"isPartOf\":{\"@id\":\"https:\\\/\\\/flexhealth.eu\\\/en\\\/#website\"},\"datePublished\":\"2019-05-24T09:46:18+00:00\",\"breadcrumb\":{\"@id\":\"https:\\\/\\\/flexhealth.eu\\\/en\\\/jouw-gezondheid\\\/coaching\\\/#breadcrumb\"},\"inLanguage\":\"fr-FR\",\"potentialAction\":[{\"@type\":\"ReadAction\",\"target\":[\"https:\\\/\\\/flexhealth.eu\\\/en\\\/jouw-gezondheid\\\/coaching\\\/\"]}]},{\"@type\":\"BreadcrumbList\",\"@id\":\"https:\\\/\\\/flexhealth.eu\\\/en\\\/jouw-gezondheid\\\/coaching\\\/#breadcrumb\",\"itemListElement\":[{\"@type\":\"ListItem\",\"position\":1,\"name\":\"Home\",\"item\":\"https:\\\/\\\/flexhealth.eu\\\/\"},{\"@type\":\"ListItem\",\"position\":2,\"name\":\"Jouw Gezondheid\",\"item\":\"https:\\\/\\\/flexhealth.eu\\\/en\\\/jouw-gezondheid\\\/\"},{\"@type\":\"ListItem\",\"position\":3,\"name\":\"Coaching\"}]},{\"@type\":\"WebSite\",\"@id\":\"https:\\\/\\\/flexhealth.eu\\\/en\\\/#website\",\"url\":\"https:\\\/\\\/flexhealth.eu\\\/en\\\/\",\"name\":\"FlexHealth\",\"description\":\"FlexHealth\",\"publisher\":{\"@id\":\"https:\\\/\\\/flexhealth.eu\\\/en\\\/#organization\"},\"potentialAction\":[{\"@type\":\"SearchAction\",\"target\":{\"@type\":\"EntryPoint\",\"urlTemplate\":\"https:\\\/\\\/flexhealth.eu\\\/en\\\/?s={search_term_string}\"},\"query-input\":{\"@type\":\"PropertyValueSpecification\",\"valueRequired\":true,\"valueName\":\"search_term_string\"}}],\"inLanguage\":\"fr-FR\"},{\"@type\":\"Organization\",\"@id\":\"https:\\\/\\\/flexhealth.eu\\\/en\\\/#organization\",\"name\":\"FlexHealth\",\"url\":\"https:\\\/\\\/flexhealth.eu\\\/en\\\/\",\"logo\":{\"@type\":\"ImageObject\",\"inLanguage\":\"fr-FR\",\"@id\":\"https:\\\/\\\/flexhealth.eu\\\/en\\\/#\\\/schema\\\/logo\\\/image\\\/\",\"url\":\"https:\\\/\\\/flexhealth.eu\\\/wp-content\\\/uploads\\\/2025\\\/05\\\/FlexHealthLogo2.png\",\"contentUrl\":\"https:\\\/\\\/flexhealth.eu\\\/wp-content\\\/uploads\\\/2025\\\/05\\\/FlexHealthLogo2.png\",\"width\":1864,\"height\":250,\"caption\":\"FlexHealth\"},\"image\":{\"@id\":\"https:\\\/\\\/flexhealth.eu\\\/en\\\/#\\\/schema\\\/logo\\\/image\\\/\"}}]}<\/script>\n<!-- \/ Yoast SEO plugin. -->","yoast_head_json":{"title":"Coaching - FlexHealth","robots":{"index":"index","follow":"follow","max-snippet":"max-snippet:-1","max-image-preview":"max-image-preview:large","max-video-preview":"max-video-preview:-1"},"canonical":"https:\/\/flexhealth.eu\/fr\/en\/jouw-gezondheid\/coaching\/","og_locale":"fr_FR","og_type":"article","og_title":"Coaching - FlexHealth","og_description":"FlexHealth helpt groepen en individuen om op eigen kracht hun zelfgekozen doelen te bereiken. Dit doen we met psychologische, spirituele en communicatieve vaardigheden en technieken. Wanneer coaching Op elke plek waar verandering gewenst is, kan een coach een positieve rol spelen voor het individu, een team of een organisatie. FlexHealth coacht methodologisch: met inzet van...","og_url":"https:\/\/flexhealth.eu\/fr\/en\/jouw-gezondheid\/coaching\/","og_site_name":"FlexHealth","twitter_card":"summary_large_image","twitter_misc":{"Dur\u00e9e de lecture estim\u00e9e":"1 minute"},"schema":{"@context":"https:\/\/schema.org","@graph":[{"@type":"WebPage","@id":"https:\/\/flexhealth.eu\/en\/jouw-gezondheid\/coaching\/","url":"https:\/\/flexhealth.eu\/en\/jouw-gezondheid\/coaching\/","name":"Coaching - FlexHealth","isPartOf":{"@id":"https:\/\/flexhealth.eu\/en\/#website"},"datePublished":"2019-05-24T09:46:18+00:00","breadcrumb":{"@id":"https:\/\/flexhealth.eu\/en\/jouw-gezondheid\/coaching\/#breadcrumb"},"inLanguage":"fr-FR","potentialAction":[{"@type":"ReadAction","target":["https:\/\/flexhealth.eu\/en\/jouw-gezondheid\/coaching\/"]}]},{"@type":"BreadcrumbList","@id":"https:\/\/flexhealth.eu\/en\/jouw-gezondheid\/coaching\/#breadcrumb","itemListElement":[{"@type":"ListItem","position":1,"name":"Home","item":"https:\/\/flexhealth.eu\/"},{"@type":"ListItem","position":2,"name":"Jouw Gezondheid","item":"https:\/\/flexhealth.eu\/en\/jouw-gezondheid\/"},{"@type":"ListItem","position":3,"name":"Coaching"}]},{"@type":"WebSite","@id":"https:\/\/flexhealth.eu\/en\/#website","url":"https:\/\/flexhealth.eu\/en\/","name":"FlexHealth","description":"FlexHealth","publisher":{"@id":"https:\/\/flexhealth.eu\/en\/#organization"},"potentialAction":[{"@type":"SearchAction","target":{"@type":"EntryPoint","urlTemplate":"https:\/\/flexhealth.eu\/en\/?s={search_term_string}"},"query-input":{"@type":"PropertyValueSpecification","valueRequired":true,"valueName":"search_term_string"}}],"inLanguage":"fr-FR"},{"@type":"Organization","@id":"https:\/\/flexhealth.eu\/en\/#organization","name":"FlexHealth","url":"https:\/\/flexhealth.eu\/en\/","logo":{"@type":"ImageObject","inLanguage":"fr-FR","@id":"https:\/\/flexhealth.eu\/en\/#\/schema\/logo\/image\/","url":"https:\/\/flexhealth.eu\/wp-content\/uploads\/2025\/05\/FlexHealthLogo2.png","contentUrl":"https:\/\/flexhealth.eu\/wp-content\/uploads\/2025\/05\/FlexHealthLogo2.png","width":1864,"height":250,"caption":"FlexHealth"},"image":{"@id":"https:\/\/flexhealth.eu\/en\/#\/schema\/logo\/image\/"}}]}},"_links":{"self":[{"href":"https:\/\/flexhealth.eu\/fr\/wp-json\/wp\/v2\/pages\/108","targetHints":{"allow":["GET"]}}],"collection":[{"href":"https:\/\/flexhealth.eu\/fr\/wp-json\/wp\/v2\/pages"}],"about":[{"href":"https:\/\/flexhealth.eu\/fr\/wp-json\/wp\/v2\/types\/page"}],"author":[{"embeddable":true,"href":"https:\/\/flexhealth.eu\/fr\/wp-json\/wp\/v2\/users\/1"}],"replies":[{"embeddable":true,"href":"https:\/\/flexhealth.eu\/fr\/wp-json\/wp\/v2\/comments?post=108"}],"version-history":[{"count":0,"href":"https:\/\/flexhealth.eu\/fr\/wp-json\/wp\/v2\/pages\/108\/revisions"}],"up":[{"embeddable":true,"href":"https:\/\/flexhealth.eu\/fr\/wp-json\/wp\/v2\/pages\/17"}],"wp:attachment":[{"href":"https:\/\/flexhealth.eu\/fr\/wp-json\/wp\/v2\/media?parent=108"}],"curies":[{"name":"wp","href":"https:\/\/api.w.org\/{rel}","templated":true}]}}