{"id":1019,"date":"2021-01-21T09:30:56","date_gmt":"2021-01-21T09:30:56","guid":{"rendered":"https:\/\/flexhealth.eu\/?page_id=1019"},"modified":"2021-01-21T09:30:56","modified_gmt":"2021-01-21T09:30:56","slug":"referenties","status":"publish","type":"page","link":"https:\/\/flexhealth.eu\/fr\/jouw-gezondheid\/referenties\/","title":{"rendered":"R\u00e9f\u00e9rences"},"content":{"rendered":"<p><strong>R\u00e9f\u00e9rences clients, traitements PNI<\/strong><\/p>\n\n\n\n<ul class=\"wp-block-list\"><li>Marijke est une th\u00e9rapeute efficace qui a le sens de l'individu. Ses conseils sont bas\u00e9s sur les besoins du client. Ensemble, elle travaille \u00e0 l'obtention d'un bon r\u00e9sultat tout en tenant compte de l'avenir.\"                                                                                                                                                  Maura, Amsterdam<\/li><\/ul>\n\n\n\n<ul class=\"wp-block-list\"><li>J'ai rencontr\u00e9 Marijke Engelbrecht par l'interm\u00e9diaire d'un ami qu'elle avait aid\u00e9 \u00e0 se d\u00e9barrasser de la maladie de Lyme. Je souffrais d'une pneumonie r\u00e9currente pour laquelle je prenais des antibiotiques depuis des mois. Une situation intenable, en d'autres termes. Marijke s'en est occup\u00e9e avec \u00e9nergie. Elle a d\u00e9termin\u00e9 quelle \"b\u00eate\" avait une telle emprise sur moi. En outre, elle a pris le temps d'\u00e9tablir une chronologie compl\u00e8te des \u00e9v\u00e9nements importants de ma vie et de d\u00e9terminer leurs cons\u00e9quences sur mon \u00e9tat de sant\u00e9 actuel. Tout cela a abouti \u00e0 la recommandation d'un changement de mode de vie. J'ai pu arr\u00eater l'antibiotique en l'espace d'une semaine, me d\u00e9barrassant ainsi de l'essentiel de mon probl\u00e8me. Mon \u00e9tat de sant\u00e9 g\u00e9n\u00e9ral a continu\u00e9 \u00e0 s'am\u00e9liorer progressivement au cours des mois suivants. Marijke m'a aid\u00e9e \u00e0 adapter mon mode de vie et mon alimentation \u00e9tape par \u00e9tape et j'en profite encore tous les jours.                                                                                                           Lors des consultations, j'ai remarqu\u00e9 que ses connaissances \u00e9taient \u00e9normes et qu'elle les \u00e9largissait constamment. Elle m'a \u00e9galement expliqu\u00e9 ce qui se passait dans un langage compr\u00e9hensible. Comme je comprends ce qui se passe, je suis \u00e9galement motiv\u00e9 pour apporter les changements n\u00e9cessaires \u00e0 mon mode de vie.  Paul, Hoorn<\/li><\/ul>\n\n\n\n<ul class=\"wp-block-list\"><li><em>Je recommande vivement Marijke, qui m'a beaucoup aid\u00e9e \u00e0 me d\u00e9barrasser des sympt\u00f4mes de l'ecz\u00e9ma dont je souffrais depuis toujours. J'ai consult\u00e9 Marijke un an et demi apr\u00e8s la naissance de ma fille. Pendant ma grossesse, ces sympt\u00f4mes avaient compl\u00e8tement disparu, mais ils sont revenus en force apr\u00e8s l'arr\u00eat de l'allaitement. Et m\u00eame pire que jamais. J'avais cess\u00e9 d'appliquer une pommade hormonale pendant des ann\u00e9es, mais j'ai envisag\u00e9 de recommencer parce que j'avais tellement de sympt\u00f4mes.&nbsp;<\/em> <em>D\u00e8s la premi\u00e8re consultation, j'ai su que j'avais fait le bon choix en venant voir Marijke. L'entretien a \u00e9t\u00e9 incroyablement approfondi et elle a pu m'expliquer ensuite exactement ce qui se passait dans mon syst\u00e8me. Cette compr\u00e9hension m'a permis de mieux appr\u00e9hender la situation et m'a donn\u00e9 la motivation n\u00e9cessaire pour entamer le processus de gu\u00e9rison. Car cela n'a pas \u00e9t\u00e9 sans mal. Mais lentement mais s\u00fbrement, j'ai commenc\u00e9 \u00e0 gu\u00e9rir avec l'aide de suppl\u00e9ments et d'un r\u00e9gime alimentaire assez drastique, le tout sous les conseils fantastiques de Marijke. Non seulement elle \u00e9tait disponible lors de nos rendez-vous, mais je pouvais toujours lui envoyer un courriel pour lui poser des questions, lui demander de l'aide et des ajustements si n\u00e9cessaire. Cela fait maintenant plusieurs mois et je peux dire que je ma\u00eetrise mes sympt\u00f4mes pour la premi\u00e8re fois de ma vie. Je sais ce qu'il faut faire et ne pas faire pour limiter mes probl\u00e8mes. Si mes sympt\u00f4mes r\u00e9apparaissent, je peux les interpr\u00e9ter. Je me sens incroyablement bien et je dois tout cela \u00e0 Marijke.<\/em> Jessica, Amsterdam.<\/li><\/ul>\n\n\n\n<ul class=\"wp-block-list\"><li>Apr\u00e8s avoir souffert pendant des ann\u00e9es de troubles gastro-intestinaux, nous en sommes enfin d\u00e9barrass\u00e9s. Marijke nous a appris \u00e0 regarder les aliments diff\u00e9remment et \u00e0 adapter notre r\u00e9gime alimentaire. Nous avons acquis de belles connaissances et avons plus d'\u00e9nergie. Merci Marijke.                          Janneke et Rob, Soest<\/li><\/ul>\n\n\n\n<ul class=\"wp-block-list\"><li>Je voudrais vous dire que j'ai re\u00e7u de bons conseils de Marijke Engelbrecht concernant ma poly neuropathie. Mes plaintes \u00e9taient les suivantes : pieds tr\u00e8s douloureux, comme si une bande \u00e9tait tir\u00e9e autour de mon pied. J'avais l'impression que mes chaussures \u00e9taient beaucoup trop serr\u00e9es et que mes pieds \u00e9taient \u00e9pais. Au lit, je ne savais pas comment poser mes pieds. La marche me faisait \u00e9norm\u00e9ment souffrir. Le m\u00e9decin g\u00e9n\u00e9raliste m'a dit qu'il s'agissait d'une poly neuropathie et que cela ne s'annon\u00e7ait pas bien.  Je risquais de me retrouver en fauteuil roulant. Je ne voulais rien savoir de tout cela et j'ai pris rendez-vous avec Marijke Engelbrecht \u00e0 Amsterdam.&nbsp;<\/li><\/ul>\n\n\n\n<div class=\"wp-block-group\"><div class=\"wp-block-group__inner-container is-layout-flow wp-block-group-is-layout-flow\">\n<p>Conseils : s'attaquer \u00e0 mon mode de vie, \u00e0 mon alimentation et \u00e0 quelques compl\u00e9ments alimentaires.  J'ai maintenant perdu 14 kg de poids (exc\u00e9dentaire) et mes pieds sont moins douloureux et ne sont plus \u00e9pais. Je me sens beaucoup mieux, en termes d'alimentation, je fais tr\u00e8s attention \u00e0 ce que je mange. J'ai surtout \u00e9limin\u00e9 le sucre ! Et je continue \u00e0 prendre des compl\u00e9ments alimentaires selon les conseils de Marijke.    Conny, Ijsselstein<\/p>\n\n\n\n<p><\/p>\n\n\n\n<p><strong>R\u00e9f\u00e9rencement d'articles<\/strong><\/p>\n<\/div><\/div>\n\n\n\n<p><strong>La vie intermittente : l'utilisation des d\u00e9fis anciens comme vaccin contre l'effet d\u00e9l\u00e9t\u00e8re de la vie moderne - Une hypoth\u00e8se<\/strong><\/p>\n\n\n\n<p>Les maladies chroniques non transmissibles (MNC) sont la principale cause de mortalit\u00e9 dans les pays d\u00e9velopp\u00e9s. Elles r\u00e9sultent de la somme des facteurs de risque anthropog\u00e9niques modernes, notamment l'alimentation riche en calories, la malnutrition, le mode de vie s\u00e9dentaire, le stress social, les toxines environnementales, la politique et les facteurs \u00e9conomiques. Nombre de ces facteurs \u00e9chappent au contr\u00f4le des individus, ce qui laisse penser que les MNT sont in\u00e9vitables. Cependant, plusieurs \u00e9tudes, dont la n\u00f4tre, montrent que l'utilisation de d\u00e9fis intermittents ayant des effets horm\u00e9tiques am\u00e9liore le bien-\u00eatre subjectif et objectif des personnes atteintes de MNT, tout en ayant des effets favorables sur les indices immunologiques, m\u00e9taboliques et comportementaux. Le froid intermittent, la chaleur, le je\u00fbne et la ...<\/p>\n\n\n\n<p>&nbsp;<a target=\"_blank\" href=\"https:\/\/drive.google.com\/file\/d\/12LIDyaEnVoqJdkUb2apLRxWda8PGrBXZ\/view?usp=drivesdk\" rel=\"noreferrer noopener\">Leo Pruimboom, Frits A.J. Muskiet, Vaccine 2018 (PDF)<\/a><\/p>\n\n\n\n<p><strong>Les avantages du je\u00fbne intermittent<\/strong><\/p>\n\n\n\n<p>La fr\u00e9quence et le moment des repas dans la sant\u00e9 et la maladie. M.P. Mattson<\/p>\n\n\n\n<p><a href=\"https:\/\/www.pnas.org\/content\/111\/47\/16647\">https:\/\/www.pnas.org\/content\/111\/47\/16647<\/a><\/p>\n\n\n\n<p>Il est tr\u00e8s important de restaurer la sensibilit\u00e9 \u00e0 l'insuline pour maintenir les capacit\u00e9s cognitives.<\/p>\n\n\n\n<p><a href=\"https:\/\/cpnieurope.nl\/bestanden\/Library-Xu.%20Elevation%20of%20brain%20glucose%20and%20polyol-pathway%20intermediates%20with%20accompanying%20brain-copper%20deficiency%20in%20patients%20with%20Alzheimer\u2019s%20disease-%20metabolic%20basis%20for%20dementia%202016.pdf\">https:\/\/cpnieurope.nl\/bestanden\/Library-Xu.%20Elevation%20of%20brain%20glucose%20and%20polyol-pathway%20intermediates%20with%20accompanying%20brain-copper%20deficiency%20in%20patients%20with%20Alzheimer\u2019s%20disease-%20metabolic%20basis%20for%20dementia%202016.pdf<\/a><\/p>\n\n\n\n<p><strong>L'influence du sommeil sur les niveaux d'inflammation et donc sur le d\u00e9veloppement des maladies<\/strong><\/p>\n\n\n\n<p><a href=\"https:\/\/drive.google.com\/file\/d\/1HDhXb_PZXjQL8DQiPAJRStLa-Jc6rppT\/view\">https:\/\/drive.google.com\/file\/d\/1HDhXb_PZXjQL8DQiPAJRStLa-Jc6rppT\/view<\/a><\/p>\n\n\n\n<p><a href=\"https:\/\/pubmed.ncbi.nlm.nih.gov\/25714703\/\">https:\/\/pubmed.ncbi.nlm.nih.gov\/25714703\/<\/a><\/p>\n\n\n\n<p><a href=\"https:\/\/academic.oup.com\/jcem\/article\/89\/5\/2119\/2844257\">https:\/\/academic.oup.com\/jcem\/article\/89\/5\/2119\/2844257<\/a><\/p>","protected":false},"excerpt":{"rendered":"<p>Klanten referenties, behandelingen m.b.v. PNI \u2018Marijke is een fijne doeltreffende therapeute die oog heeft voor het individu. De adviezen zijn gebaseerd op de behoeften van de klant. Samen werkt zij naar een goede uitkomst met oog op de toekomst.\u201d Maura, Amsterdam Ik heb Marijke Engelbrecht leren kennen via een vriendin die zij van de ziekte&#8230;<\/p>","protected":false},"author":1,"featured_media":1022,"parent":17,"menu_order":0,"comment_status":"closed","ping_status":"closed","template":"","meta":{"_kadence_starter_templates_imported_post":false,"_kad_post_transparent":"","_kad_post_title":"","_kad_post_layout":"","_kad_post_sidebar_id":"","_kad_post_content_style":"","_kad_post_vertical_padding":"","_kad_post_feature":"","_kad_post_feature_position":"","_kad_post_header":false,"_kad_post_footer":false,"_kad_post_classname":"","footnotes":""},"class_list":["post-1019","page","type-page","status-publish","has-post-thumbnail","hentry"],"yoast_head":"<!-- This site is optimized with the Yoast SEO plugin v27.3 - https:\/\/yoast.com\/product\/yoast-seo-wordpress\/ -->\n<title>Referenties - FlexHealth<\/title>\n<meta name=\"robots\" content=\"index, follow, max-snippet:-1, max-image-preview:large, max-video-preview:-1\" \/>\n<link rel=\"canonical\" href=\"https:\/\/flexhealth.eu\/fr\/en\/jouw-gezondheid\/referenties\/\" \/>\n<meta property=\"og:locale\" content=\"fr_FR\" \/>\n<meta property=\"og:type\" content=\"article\" \/>\n<meta property=\"og:title\" content=\"Referenties - FlexHealth\" \/>\n<meta property=\"og:description\" content=\"Klanten referenties, behandelingen m.b.v. PNI \u2018Marijke is een fijne doeltreffende therapeute die oog heeft voor het individu. De adviezen zijn gebaseerd op de behoeften van de klant. Samen werkt zij naar een goede uitkomst met oog op de toekomst.\u201d Maura, Amsterdam Ik heb Marijke Engelbrecht leren kennen via een vriendin die zij van de ziekte...\" \/>\n<meta property=\"og:url\" content=\"https:\/\/flexhealth.eu\/fr\/en\/jouw-gezondheid\/referenties\/\" \/>\n<meta property=\"og:site_name\" content=\"FlexHealth\" \/>\n<meta property=\"og:image\" content=\"https:\/\/flexhealth.eu\/wp-content\/uploads\/2021\/01\/referenties-header.jpg\" \/>\n\t<meta property=\"og:image:width\" content=\"1200\" \/>\n\t<meta property=\"og:image:height\" content=\"600\" \/>\n\t<meta property=\"og:image:type\" content=\"image\/jpeg\" \/>\n<meta name=\"twitter:card\" content=\"summary_large_image\" \/>\n<meta name=\"twitter:label1\" content=\"Dur\u00e9e de lecture estim\u00e9e\" \/>\n\t<meta name=\"twitter:data1\" content=\"5 minutes\" \/>\n<script type=\"application\/ld+json\" class=\"yoast-schema-graph\">{\"@context\":\"https:\\\/\\\/schema.org\",\"@graph\":[{\"@type\":\"WebPage\",\"@id\":\"https:\\\/\\\/flexhealth.eu\\\/en\\\/jouw-gezondheid\\\/referenties\\\/\",\"url\":\"https:\\\/\\\/flexhealth.eu\\\/en\\\/jouw-gezondheid\\\/referenties\\\/\",\"name\":\"Referenties - FlexHealth\",\"isPartOf\":{\"@id\":\"https:\\\/\\\/flexhealth.eu\\\/en\\\/#website\"},\"primaryImageOfPage\":{\"@id\":\"https:\\\/\\\/flexhealth.eu\\\/en\\\/jouw-gezondheid\\\/referenties\\\/#primaryimage\"},\"image\":{\"@id\":\"https:\\\/\\\/flexhealth.eu\\\/en\\\/jouw-gezondheid\\\/referenties\\\/#primaryimage\"},\"thumbnailUrl\":\"https:\\\/\\\/flexhealth.eu\\\/wp-content\\\/uploads\\\/2021\\\/01\\\/referenties-header.jpg\",\"datePublished\":\"2021-01-21T09:30:56+00:00\",\"breadcrumb\":{\"@id\":\"https:\\\/\\\/flexhealth.eu\\\/en\\\/jouw-gezondheid\\\/referenties\\\/#breadcrumb\"},\"inLanguage\":\"fr-FR\",\"potentialAction\":[{\"@type\":\"ReadAction\",\"target\":[\"https:\\\/\\\/flexhealth.eu\\\/en\\\/jouw-gezondheid\\\/referenties\\\/\"]}]},{\"@type\":\"ImageObject\",\"inLanguage\":\"fr-FR\",\"@id\":\"https:\\\/\\\/flexhealth.eu\\\/en\\\/jouw-gezondheid\\\/referenties\\\/#primaryimage\",\"url\":\"https:\\\/\\\/flexhealth.eu\\\/wp-content\\\/uploads\\\/2021\\\/01\\\/referenties-header.jpg\",\"contentUrl\":\"https:\\\/\\\/flexhealth.eu\\\/wp-content\\\/uploads\\\/2021\\\/01\\\/referenties-header.jpg\",\"width\":1200,\"height\":600},{\"@type\":\"BreadcrumbList\",\"@id\":\"https:\\\/\\\/flexhealth.eu\\\/en\\\/jouw-gezondheid\\\/referenties\\\/#breadcrumb\",\"itemListElement\":[{\"@type\":\"ListItem\",\"position\":1,\"name\":\"Home\",\"item\":\"https:\\\/\\\/flexhealth.eu\\\/\"},{\"@type\":\"ListItem\",\"position\":2,\"name\":\"Jouw Gezondheid\",\"item\":\"https:\\\/\\\/flexhealth.eu\\\/en\\\/jouw-gezondheid\\\/\"},{\"@type\":\"ListItem\",\"position\":3,\"name\":\"Referenties\"}]},{\"@type\":\"WebSite\",\"@id\":\"https:\\\/\\\/flexhealth.eu\\\/en\\\/#website\",\"url\":\"https:\\\/\\\/flexhealth.eu\\\/en\\\/\",\"name\":\"FlexHealth\",\"description\":\"FlexHealth\",\"publisher\":{\"@id\":\"https:\\\/\\\/flexhealth.eu\\\/en\\\/#organization\"},\"potentialAction\":[{\"@type\":\"SearchAction\",\"target\":{\"@type\":\"EntryPoint\",\"urlTemplate\":\"https:\\\/\\\/flexhealth.eu\\\/en\\\/?s={search_term_string}\"},\"query-input\":{\"@type\":\"PropertyValueSpecification\",\"valueRequired\":true,\"valueName\":\"search_term_string\"}}],\"inLanguage\":\"fr-FR\"},{\"@type\":\"Organization\",\"@id\":\"https:\\\/\\\/flexhealth.eu\\\/en\\\/#organization\",\"name\":\"FlexHealth\",\"url\":\"https:\\\/\\\/flexhealth.eu\\\/en\\\/\",\"logo\":{\"@type\":\"ImageObject\",\"inLanguage\":\"fr-FR\",\"@id\":\"https:\\\/\\\/flexhealth.eu\\\/en\\\/#\\\/schema\\\/logo\\\/image\\\/\",\"url\":\"https:\\\/\\\/flexhealth.eu\\\/wp-content\\\/uploads\\\/2025\\\/05\\\/FlexHealthLogo2.png\",\"contentUrl\":\"https:\\\/\\\/flexhealth.eu\\\/wp-content\\\/uploads\\\/2025\\\/05\\\/FlexHealthLogo2.png\",\"width\":1864,\"height\":250,\"caption\":\"FlexHealth\"},\"image\":{\"@id\":\"https:\\\/\\\/flexhealth.eu\\\/en\\\/#\\\/schema\\\/logo\\\/image\\\/\"}}]}<\/script>\n<!-- \/ Yoast SEO plugin. -->","yoast_head_json":{"title":"Referenties - FlexHealth","robots":{"index":"index","follow":"follow","max-snippet":"max-snippet:-1","max-image-preview":"max-image-preview:large","max-video-preview":"max-video-preview:-1"},"canonical":"https:\/\/flexhealth.eu\/fr\/en\/jouw-gezondheid\/referenties\/","og_locale":"fr_FR","og_type":"article","og_title":"Referenties - FlexHealth","og_description":"Klanten referenties, behandelingen m.b.v. PNI \u2018Marijke is een fijne doeltreffende therapeute die oog heeft voor het individu. De adviezen zijn gebaseerd op de behoeften van de klant. Samen werkt zij naar een goede uitkomst met oog op de toekomst.\u201d Maura, Amsterdam Ik heb Marijke Engelbrecht leren kennen via een vriendin die zij van de ziekte...","og_url":"https:\/\/flexhealth.eu\/fr\/en\/jouw-gezondheid\/referenties\/","og_site_name":"FlexHealth","og_image":[{"width":1200,"height":600,"url":"https:\/\/flexhealth.eu\/wp-content\/uploads\/2021\/01\/referenties-header.jpg","type":"image\/jpeg"}],"twitter_card":"summary_large_image","twitter_misc":{"Dur\u00e9e de lecture estim\u00e9e":"5 minutes"},"schema":{"@context":"https:\/\/schema.org","@graph":[{"@type":"WebPage","@id":"https:\/\/flexhealth.eu\/en\/jouw-gezondheid\/referenties\/","url":"https:\/\/flexhealth.eu\/en\/jouw-gezondheid\/referenties\/","name":"Referenties - FlexHealth","isPartOf":{"@id":"https:\/\/flexhealth.eu\/en\/#website"},"primaryImageOfPage":{"@id":"https:\/\/flexhealth.eu\/en\/jouw-gezondheid\/referenties\/#primaryimage"},"image":{"@id":"https:\/\/flexhealth.eu\/en\/jouw-gezondheid\/referenties\/#primaryimage"},"thumbnailUrl":"https:\/\/flexhealth.eu\/wp-content\/uploads\/2021\/01\/referenties-header.jpg","datePublished":"2021-01-21T09:30:56+00:00","breadcrumb":{"@id":"https:\/\/flexhealth.eu\/en\/jouw-gezondheid\/referenties\/#breadcrumb"},"inLanguage":"fr-FR","potentialAction":[{"@type":"ReadAction","target":["https:\/\/flexhealth.eu\/en\/jouw-gezondheid\/referenties\/"]}]},{"@type":"ImageObject","inLanguage":"fr-FR","@id":"https:\/\/flexhealth.eu\/en\/jouw-gezondheid\/referenties\/#primaryimage","url":"https:\/\/flexhealth.eu\/wp-content\/uploads\/2021\/01\/referenties-header.jpg","contentUrl":"https:\/\/flexhealth.eu\/wp-content\/uploads\/2021\/01\/referenties-header.jpg","width":1200,"height":600},{"@type":"BreadcrumbList","@id":"https:\/\/flexhealth.eu\/en\/jouw-gezondheid\/referenties\/#breadcrumb","itemListElement":[{"@type":"ListItem","position":1,"name":"Home","item":"https:\/\/flexhealth.eu\/"},{"@type":"ListItem","position":2,"name":"Jouw Gezondheid","item":"https:\/\/flexhealth.eu\/en\/jouw-gezondheid\/"},{"@type":"ListItem","position":3,"name":"Referenties"}]},{"@type":"WebSite","@id":"https:\/\/flexhealth.eu\/en\/#website","url":"https:\/\/flexhealth.eu\/en\/","name":"FlexHealth","description":"FlexHealth","publisher":{"@id":"https:\/\/flexhealth.eu\/en\/#organization"},"potentialAction":[{"@type":"SearchAction","target":{"@type":"EntryPoint","urlTemplate":"https:\/\/flexhealth.eu\/en\/?s={search_term_string}"},"query-input":{"@type":"PropertyValueSpecification","valueRequired":true,"valueName":"search_term_string"}}],"inLanguage":"fr-FR"},{"@type":"Organization","@id":"https:\/\/flexhealth.eu\/en\/#organization","name":"FlexHealth","url":"https:\/\/flexhealth.eu\/en\/","logo":{"@type":"ImageObject","inLanguage":"fr-FR","@id":"https:\/\/flexhealth.eu\/en\/#\/schema\/logo\/image\/","url":"https:\/\/flexhealth.eu\/wp-content\/uploads\/2025\/05\/FlexHealthLogo2.png","contentUrl":"https:\/\/flexhealth.eu\/wp-content\/uploads\/2025\/05\/FlexHealthLogo2.png","width":1864,"height":250,"caption":"FlexHealth"},"image":{"@id":"https:\/\/flexhealth.eu\/en\/#\/schema\/logo\/image\/"}}]}},"_links":{"self":[{"href":"https:\/\/flexhealth.eu\/fr\/wp-json\/wp\/v2\/pages\/1019","targetHints":{"allow":["GET"]}}],"collection":[{"href":"https:\/\/flexhealth.eu\/fr\/wp-json\/wp\/v2\/pages"}],"about":[{"href":"https:\/\/flexhealth.eu\/fr\/wp-json\/wp\/v2\/types\/page"}],"author":[{"embeddable":true,"href":"https:\/\/flexhealth.eu\/fr\/wp-json\/wp\/v2\/users\/1"}],"replies":[{"embeddable":true,"href":"https:\/\/flexhealth.eu\/fr\/wp-json\/wp\/v2\/comments?post=1019"}],"version-history":[{"count":0,"href":"https:\/\/flexhealth.eu\/fr\/wp-json\/wp\/v2\/pages\/1019\/revisions"}],"up":[{"embeddable":true,"href":"https:\/\/flexhealth.eu\/fr\/wp-json\/wp\/v2\/pages\/17"}],"wp:featuredmedia":[{"embeddable":true,"href":"https:\/\/flexhealth.eu\/fr\/wp-json\/wp\/v2\/media\/1022"}],"wp:attachment":[{"href":"https:\/\/flexhealth.eu\/fr\/wp-json\/wp\/v2\/media?parent=1019"}],"curies":[{"name":"wp","href":"https:\/\/api.w.org\/{rel}","templated":true}]}}