{"id":790,"date":"2020-09-08T13:33:46","date_gmt":"2020-09-08T13:33:46","guid":{"rendered":"https:\/\/flexhealth.eu\/?page_id=790"},"modified":"2020-09-08T13:33:46","modified_gmt":"2020-09-08T13:33:46","slug":"privacyverklaring","status":"publish","type":"page","link":"https:\/\/flexhealth.eu\/en\/privacyverklaring\/","title":{"rendered":"Privacy statement"},"content":{"rendered":"<h2 class=\"wp-block-heading\">Your privacy<\/h2>\n\n\n\n<p><strong>I<\/strong><strong>nce there is a one-to-one consultation:<\/strong><strong><\/strong><\/p>\n\n\n\n<p>A proper consultation requires your practitioner\/coach to create a file. This is a legal obligation imposed by the Medical Treatment Agreement Act (WGBO). Your file contains your personal data, notes on your state of health and details of the examinations and treatments carried out.<\/p>\n\n\n\n<p>The file also contains data that are or may be necessary or important for your consultations, e.g. your home and work situation, hobbies, family situation\/civil status. Or data requested from your GP or another healthcare provider after your explicit consent.<\/p>\n\n\n\n<p>Your practitioner will do his\/her best to ensure your privacy in accordance with the General Data Protection Regulation (GDPR):<\/p>\n\n\n\n<ul class=\"wp-block-list\"><li>by handling your personal and medical data with care<\/li><li>and by ensuring that unauthorised persons cannot access your data.<\/li><\/ul>\n\n\n\n<p>Arrangements are made about this with colleagues, for example, if they participate within the coaching process with your permission, and measures are taken to keep the data safe.<\/p>\n\n\n\n<p>Your practitioner is bound by the Privacy Regulations of the Dutch Association for Acupuncture (NVA). You can consult these regulations on the NVA website <a href=\"http:\/\/www.acupunctuur.nl\">www.acupunctuur.nl<\/a> Also, from the NWP kPNI Netherlands.<\/p>\n\n\n\n<p>As a BIG-registered person, I have a duty of confidentiality.<\/p>\n\n\n\n<p>A small part of your file (name, address, place of residence, date of birth, possibly mail address) will be provided to an authorised person for the purpose of (financial) administration (e.g. making appointments, issuing invoice\/notice).<\/p>\n\n\n\n<p>Details of our Privacy Policy can be found here:&nbsp;<a href=\"http:\/\/www.centrumengelbrecht.nl\/wp-content\/uploads\/2018\/05\/2018-05_Privacybeleid_CentrumEngelbrecht-1.pdf\" target=\"_blank\" rel=\"noreferrer noopener\">Privacy policy Engelbrecht Centre<\/a>. This tells you exactly what data we record and what we use your data for. It also lists your legal rights.<\/p>\n\n\n\n<h2 class=\"wp-block-heading\"><strong>For companies<\/strong><\/h2>\n\n\n\n<p>All information and trajectories discussed are recorded in a file for the smooth running of an assignment.<\/p>\n\n\n\n<p>Privacy of client and every employee of the company is strictly maintained.<\/p>\n\n\n\n<p>Company information is in principle not shared with anyone, unless commissioned by the client because a trajectory is being worked on with several parties.<\/p>","protected":false},"excerpt":{"rendered":"<p>Uw privacy Indien er sprake is van een \u00e9\u00e9n op \u00e9\u00e9n consult: Voor een goed consult is het noodzakelijk dat uw behandelaar\/coach een dossier aanlegt. Dit is een wettelijke plicht opgelegd door de Wet op de geneeskundige behandelingsovereenkomst (WGBO). Uw dossier bevat uw persoonsgegevens, aantekeningen over uw gezondheidstoestand en gegevens over de uitgevoerde onderzoeken en&#8230;<\/p>","protected":false},"author":1,"featured_media":0,"parent":0,"menu_order":0,"comment_status":"closed","ping_status":"closed","template":"","meta":{"_kadence_starter_templates_imported_post":false,"_kad_post_transparent":"","_kad_post_title":"","_kad_post_layout":"","_kad_post_sidebar_id":"","_kad_post_content_style":"","_kad_post_vertical_padding":"","_kad_post_feature":"","_kad_post_feature_position":"","_kad_post_header":false,"_kad_post_footer":false,"_kad_post_classname":"","footnotes":""},"class_list":["post-790","page","type-page","status-publish","hentry"],"yoast_head":"<!-- This site is optimized with the Yoast SEO plugin v27.3 - https:\/\/yoast.com\/product\/yoast-seo-wordpress\/ -->\n<title>Privacyverklaring - FlexHealth<\/title>\n<meta name=\"robots\" content=\"index, follow, max-snippet:-1, max-image-preview:large, max-video-preview:-1\" \/>\n<link rel=\"canonical\" href=\"https:\/\/flexhealth.eu\/en\/privacyverklaring\/\" \/>\n<meta property=\"og:locale\" content=\"en_GB\" \/>\n<meta property=\"og:type\" content=\"article\" \/>\n<meta property=\"og:title\" content=\"Privacyverklaring - FlexHealth\" \/>\n<meta property=\"og:description\" content=\"Uw privacy Indien er sprake is van een \u00e9\u00e9n op \u00e9\u00e9n consult: Voor een goed consult is het noodzakelijk dat uw behandelaar\/coach een dossier aanlegt. Dit is een wettelijke plicht opgelegd door de Wet op de geneeskundige behandelingsovereenkomst (WGBO). Uw dossier bevat uw persoonsgegevens, aantekeningen over uw gezondheidstoestand en gegevens over de uitgevoerde onderzoeken en...\" \/>\n<meta property=\"og:url\" content=\"https:\/\/flexhealth.eu\/en\/privacyverklaring\/\" \/>\n<meta property=\"og:site_name\" content=\"FlexHealth\" \/>\n<meta name=\"twitter:card\" content=\"summary_large_image\" \/>\n<meta name=\"twitter:label1\" content=\"Estimated reading time\" \/>\n\t<meta name=\"twitter:data1\" content=\"2 minutes\" \/>\n<script type=\"application\/ld+json\" class=\"yoast-schema-graph\">{\"@context\":\"https:\\\/\\\/schema.org\",\"@graph\":[{\"@type\":\"WebPage\",\"@id\":\"https:\\\/\\\/flexhealth.eu\\\/en\\\/privacyverklaring\\\/\",\"url\":\"https:\\\/\\\/flexhealth.eu\\\/en\\\/privacyverklaring\\\/\",\"name\":\"Privacyverklaring - FlexHealth\",\"isPartOf\":{\"@id\":\"https:\\\/\\\/flexhealth.eu\\\/en\\\/#website\"},\"datePublished\":\"2020-09-08T13:33:46+00:00\",\"breadcrumb\":{\"@id\":\"https:\\\/\\\/flexhealth.eu\\\/en\\\/privacyverklaring\\\/#breadcrumb\"},\"inLanguage\":\"en-GB\",\"potentialAction\":[{\"@type\":\"ReadAction\",\"target\":[\"https:\\\/\\\/flexhealth.eu\\\/en\\\/privacyverklaring\\\/\"]}]},{\"@type\":\"BreadcrumbList\",\"@id\":\"https:\\\/\\\/flexhealth.eu\\\/en\\\/privacyverklaring\\\/#breadcrumb\",\"itemListElement\":[{\"@type\":\"ListItem\",\"position\":1,\"name\":\"Home\",\"item\":\"https:\\\/\\\/flexhealth.eu\\\/\"},{\"@type\":\"ListItem\",\"position\":2,\"name\":\"Privacyverklaring\"}]},{\"@type\":\"WebSite\",\"@id\":\"https:\\\/\\\/flexhealth.eu\\\/en\\\/#website\",\"url\":\"https:\\\/\\\/flexhealth.eu\\\/en\\\/\",\"name\":\"FlexHealth\",\"description\":\"FlexHealth\",\"publisher\":{\"@id\":\"https:\\\/\\\/flexhealth.eu\\\/en\\\/#organization\"},\"potentialAction\":[{\"@type\":\"SearchAction\",\"target\":{\"@type\":\"EntryPoint\",\"urlTemplate\":\"https:\\\/\\\/flexhealth.eu\\\/en\\\/?s={search_term_string}\"},\"query-input\":{\"@type\":\"PropertyValueSpecification\",\"valueRequired\":true,\"valueName\":\"search_term_string\"}}],\"inLanguage\":\"en-GB\"},{\"@type\":\"Organization\",\"@id\":\"https:\\\/\\\/flexhealth.eu\\\/en\\\/#organization\",\"name\":\"FlexHealth\",\"url\":\"https:\\\/\\\/flexhealth.eu\\\/en\\\/\",\"logo\":{\"@type\":\"ImageObject\",\"inLanguage\":\"en-GB\",\"@id\":\"https:\\\/\\\/flexhealth.eu\\\/en\\\/#\\\/schema\\\/logo\\\/image\\\/\",\"url\":\"https:\\\/\\\/flexhealth.eu\\\/wp-content\\\/uploads\\\/2025\\\/05\\\/FlexHealthLogo2.png\",\"contentUrl\":\"https:\\\/\\\/flexhealth.eu\\\/wp-content\\\/uploads\\\/2025\\\/05\\\/FlexHealthLogo2.png\",\"width\":1864,\"height\":250,\"caption\":\"FlexHealth\"},\"image\":{\"@id\":\"https:\\\/\\\/flexhealth.eu\\\/en\\\/#\\\/schema\\\/logo\\\/image\\\/\"}}]}<\/script>\n<!-- \/ Yoast SEO plugin. -->","yoast_head_json":{"title":"Privacyverklaring - FlexHealth","robots":{"index":"index","follow":"follow","max-snippet":"max-snippet:-1","max-image-preview":"max-image-preview:large","max-video-preview":"max-video-preview:-1"},"canonical":"https:\/\/flexhealth.eu\/en\/privacyverklaring\/","og_locale":"en_GB","og_type":"article","og_title":"Privacyverklaring - FlexHealth","og_description":"Uw privacy Indien er sprake is van een \u00e9\u00e9n op \u00e9\u00e9n consult: Voor een goed consult is het noodzakelijk dat uw behandelaar\/coach een dossier aanlegt. Dit is een wettelijke plicht opgelegd door de Wet op de geneeskundige behandelingsovereenkomst (WGBO). Uw dossier bevat uw persoonsgegevens, aantekeningen over uw gezondheidstoestand en gegevens over de uitgevoerde onderzoeken en...","og_url":"https:\/\/flexhealth.eu\/en\/privacyverklaring\/","og_site_name":"FlexHealth","twitter_card":"summary_large_image","twitter_misc":{"Estimated reading time":"2 minutes"},"schema":{"@context":"https:\/\/schema.org","@graph":[{"@type":"WebPage","@id":"https:\/\/flexhealth.eu\/en\/privacyverklaring\/","url":"https:\/\/flexhealth.eu\/en\/privacyverklaring\/","name":"Privacyverklaring - FlexHealth","isPartOf":{"@id":"https:\/\/flexhealth.eu\/en\/#website"},"datePublished":"2020-09-08T13:33:46+00:00","breadcrumb":{"@id":"https:\/\/flexhealth.eu\/en\/privacyverklaring\/#breadcrumb"},"inLanguage":"en-GB","potentialAction":[{"@type":"ReadAction","target":["https:\/\/flexhealth.eu\/en\/privacyverklaring\/"]}]},{"@type":"BreadcrumbList","@id":"https:\/\/flexhealth.eu\/en\/privacyverklaring\/#breadcrumb","itemListElement":[{"@type":"ListItem","position":1,"name":"Home","item":"https:\/\/flexhealth.eu\/"},{"@type":"ListItem","position":2,"name":"Privacyverklaring"}]},{"@type":"WebSite","@id":"https:\/\/flexhealth.eu\/en\/#website","url":"https:\/\/flexhealth.eu\/en\/","name":"FlexHealth","description":"FlexHealth","publisher":{"@id":"https:\/\/flexhealth.eu\/en\/#organization"},"potentialAction":[{"@type":"SearchAction","target":{"@type":"EntryPoint","urlTemplate":"https:\/\/flexhealth.eu\/en\/?s={search_term_string}"},"query-input":{"@type":"PropertyValueSpecification","valueRequired":true,"valueName":"search_term_string"}}],"inLanguage":"en-GB"},{"@type":"Organization","@id":"https:\/\/flexhealth.eu\/en\/#organization","name":"FlexHealth","url":"https:\/\/flexhealth.eu\/en\/","logo":{"@type":"ImageObject","inLanguage":"en-GB","@id":"https:\/\/flexhealth.eu\/en\/#\/schema\/logo\/image\/","url":"https:\/\/flexhealth.eu\/wp-content\/uploads\/2025\/05\/FlexHealthLogo2.png","contentUrl":"https:\/\/flexhealth.eu\/wp-content\/uploads\/2025\/05\/FlexHealthLogo2.png","width":1864,"height":250,"caption":"FlexHealth"},"image":{"@id":"https:\/\/flexhealth.eu\/en\/#\/schema\/logo\/image\/"}}]}},"_links":{"self":[{"href":"https:\/\/flexhealth.eu\/en\/wp-json\/wp\/v2\/pages\/790","targetHints":{"allow":["GET"]}}],"collection":[{"href":"https:\/\/flexhealth.eu\/en\/wp-json\/wp\/v2\/pages"}],"about":[{"href":"https:\/\/flexhealth.eu\/en\/wp-json\/wp\/v2\/types\/page"}],"author":[{"embeddable":true,"href":"https:\/\/flexhealth.eu\/en\/wp-json\/wp\/v2\/users\/1"}],"replies":[{"embeddable":true,"href":"https:\/\/flexhealth.eu\/en\/wp-json\/wp\/v2\/comments?post=790"}],"version-history":[{"count":0,"href":"https:\/\/flexhealth.eu\/en\/wp-json\/wp\/v2\/pages\/790\/revisions"}],"wp:attachment":[{"href":"https:\/\/flexhealth.eu\/en\/wp-json\/wp\/v2\/media?parent=790"}],"curies":[{"name":"wp","href":"https:\/\/api.w.org\/{rel}","templated":true}]}}